{"id":60964,"date":"2025-08-27T12:47:41","date_gmt":"2025-08-27T12:47:41","guid":{"rendered":"https:\/\/skinstudio.ee\/?post_type=product&#038;p=60964"},"modified":"2026-02-24T15:42:54","modified_gmt":"2026-02-24T15:42:54","slug":"daily-prevention-pure-mineral-tinted-moisturizer-spf-30","status":"publish","type":"product","link":"https:\/\/skinstudio.ee\/lt\/catalog\/image-skincare\/daily-prevention-pure-mineral-tinted-moisturizer-spf-30\/","title":{"rendered":"Daily Prevention Pure Mineral Tinted Moisturizer SPF 30"},"content":{"rendered":"<p class=\"p1\">Daily Prevention Pure Mineral Tinted Moisturizer SPF 30 &#8211; greitai \u012fsigeriantis toninis dieninis kremas su mineraline apsauga, kuris i\u0161lygina odos atspalv\u012f ir suteikia jai nat\u016bral\u0173, gaiv\u0173 \u0161vyt\u0117jim\u0105. Jis gali pakeisti BB krem\u0105 arba b\u016bti makia\u017eo pagrindu, sukuriant \u0161veln\u0173, beveik nematom\u0105 padengim\u0105 be dry\u017ei\u0173 ar \u017eymi\u0173.<\/p>\n<p class=\"p1\">Formul\u0117 sujungia stipri\u0105 plataus spektro mineralin\u0119 apsaug\u0105 su moderniais m\u0117lynos \u0161viesos filtrais, padedan\u010diais apsaugoti od\u0105 ne tik nuo UV spinduli\u0173, bet ir nuo ekran\u0173 \u0161viesos bei aplinkos streso veiksni\u0173. Lengva tekst\u016bra pasiskirsto tolygiai, neapsunkina odos ir neu\u017ekem\u0161a por\u0173.<\/p>\n<p class=\"p1\">Patentuota XOSM\u00ae technologija kartu su dr\u0117kinan\u010diais komponentais suteikia ilgalaik\u012f dr\u0117kinim\u0105 ir padeda u\u017ekirsti keli\u0105 prie\u0161laikinio sen\u0117jimo po\u017eymiams. Kremas palieka od\u0105 lygi\u0105, pri\u017ei\u016br\u0117t\u0105 ir vizualiai tolygesn\u0119 visos dienos metu.<\/p>\n<p class=\"p3\"><b>T\u016bris:<\/b><span class=\"s1\"> 28 g \/ 73 g\u00a0<\/span><\/p>\n","protected":false},"excerpt":{"rendered":"<p class=\"p1\">Toninis dieninis kremas<\/p>\n<h2 class=\"p3\"><b>Image Skincare &#8211; Pure Mineral Tinted Moisturizer SPF 30 Savyb\u0117s<\/b><b><\/b><\/h2>\n<p class=\"p1\">\u2714\ufe0f Suteikia odai nat\u016bral\u0173 \u0161vyt\u0117jim\u0105<br \/>\n\u2714\ufe0f I\u0161lygina odos atspalv\u012f<br \/>\n\u2714\ufe0f Greitai \u012fsigeria ir suteikia lengv\u0105 padengim\u0105<br \/>\n\u2714\ufe0f Apsaugo nuo UV, m\u0117lynos \u0161viesos ir aplinkos streso veiksni\u0173<br \/>\n\u2714\ufe0f Pagerina odos komfort\u0105 ir glotnum\u0105<\/p>\n","protected":false},"featured_media":62479,"template":"","meta":[],"pwb-brand":[1135],"product_brand":[],"product_cat":[771,740,732,754],"product_tag":[],"giftcard-category":[],"class_list":{"0":"post-60964","1":"product","2":"type-product","3":"status-publish","4":"has-post-thumbnail","6":"pwb-brand-image-skincare","7":"product_cat-makiazas","8":"product_cat-sausai-odai","9":"product_cat-spf-apsauga","10":"product_cat-travel-size-lt","11":"pa_suurus-28g-lt","12":"pa_suurus-73g-lt","14":"first","15":"instock","16":"taxable","17":"shipping-taxable","18":"purchasable","19":"product-type-variable"},"acf":[],"brands":[{"id":1135,"name":"Image Skincare","slug":"image-skincare"}],"_links":{"self":[{"href":"https:\/\/skinstudio.ee\/lt\/wp-json\/wp\/v2\/product\/60964","targetHints":{"allow":["GET"]}}],"collection":[{"href":"https:\/\/skinstudio.ee\/lt\/wp-json\/wp\/v2\/product"}],"about":[{"href":"https:\/\/skinstudio.ee\/lt\/wp-json\/wp\/v2\/types\/product"}],"version-history":[{"count":1,"href":"https:\/\/skinstudio.ee\/lt\/wp-json\/wp\/v2\/product\/60964\/revisions"}],"predecessor-version":[{"id":83524,"href":"https:\/\/skinstudio.ee\/lt\/wp-json\/wp\/v2\/product\/60964\/revisions\/83524"}],"wp:featuredmedia":[{"embeddable":true,"href":"https:\/\/skinstudio.ee\/lt\/wp-json\/wp\/v2\/media\/62479"}],"wp:attachment":[{"href":"https:\/\/skinstudio.ee\/lt\/wp-json\/wp\/v2\/media?parent=60964"}],"wp:term":[{"taxonomy":"pwb-brand","embeddable":true,"href":"https:\/\/skinstudio.ee\/lt\/wp-json\/wp\/v2\/pwb-brand?post=60964"},{"taxonomy":"product_brand","embeddable":true,"href":"https:\/\/skinstudio.ee\/lt\/wp-json\/wp\/v2\/product_brand?post=60964"},{"taxonomy":"product_cat","embeddable":true,"href":"https:\/\/skinstudio.ee\/lt\/wp-json\/wp\/v2\/product_cat?post=60964"},{"taxonomy":"product_tag","embeddable":true,"href":"https:\/\/skinstudio.ee\/lt\/wp-json\/wp\/v2\/product_tag?post=60964"},{"taxonomy":"giftcard-category","embeddable":true,"href":"https:\/\/skinstudio.ee\/lt\/wp-json\/wp\/v2\/giftcard-category?post=60964"}],"curies":[{"name":"wp","href":"https:\/\/api.w.org\/{rel}","templated":true}]}}