{"id":61072,"date":"2025-10-02T15:01:47","date_gmt":"2025-10-02T15:01:47","guid":{"rendered":"https:\/\/skinstudio.ee\/?post_type=product&#038;p=61072"},"modified":"2025-12-29T09:56:57","modified_gmt":"2025-12-29T09:56:57","slug":"the-gold-standard","status":"publish","type":"product","link":"https:\/\/skinstudio.ee\/lt\/catalog\/image-skincare\/the-gold-standard\/","title":{"rendered":"The Gold Standard"},"content":{"rendered":"<p data-start=\"1691\" data-end=\"1941\">Dovan\u0173 rinkinys patogiame kelioniniame formate, kuriame yra prausiklis, serumas ir naktinis kremas. Formul\u0117 su vitaminu C ir augal\u0173 ekstraktais giliai dr\u0117kina, i\u0161lygina odos atspalv\u012f ir suteikia gaivos bei komforto poj\u016bt\u012f nuo pirm\u0173j\u0173 naudojimo dien\u0173.<\/p>\n<p data-start=\"1943\" data-end=\"2191\">\u0160is rinkinys sukurtas tiems, kurie vertina pilnavert\u0119 odos prie\u017ei\u016br\u0105 net kelion\u0117se. Priemon\u0117s veiksmingai suma\u017eina nuovargio po\u017eymius, gr\u0105\u017eina odai \u0161vyt\u0117jim\u0105 ir \u0161velnum\u0105, stiprina apsaugin\u012f barjer\u0105 ir padeda apsaugoti nuo kasdienio aplinkos streso.<\/p>\n<p data-start=\"2193\" data-end=\"2346\">Eleganti\u0161ka ir kompakti\u0161ka pakuot\u0117 paver\u010dia Gold Standard Set ne tik prakti\u0161ku kelion\u0117s palydovu, bet ir stilinga dovana, atspindin\u010dia r\u016bpest\u012f ir d\u0117mes\u012f.<\/p>\n<p data-start=\"2348\" data-end=\"2473\"><strong>The Gold Standard<\/strong> \u2013 tai universali odos prie\u017ei\u016bra ir investicija \u012f sveik\u0105, gra\u017ei\u0105 od\u0105 bet kuriuo metu ir bet kurioje vietoje.<\/p>\n","protected":false},"excerpt":{"rendered":"<p data-start=\"2720\" data-end=\"2785\">Kompakti\u0161kas rinkinys gaiviam tonui, dr\u0117kinimui ir odos komfortui<\/p>\n<h2 data-start=\"2787\" data-end=\"2836\"><strong data-start=\"2787\" data-end=\"2836\">Image Skincare &#8211; The Gold Standard rinkinys sudaro:<\/strong><\/h2>\n<p data-start=\"2838\" data-end=\"3026\">\u2714\ufe0f ORMEDIC balansinis prausiklis &#8211; 50 ml<br data-start=\"2878\" data-end=\"2881\" \/>\u2714\ufe0f ILUMA odos atspalv\u012f i\u0161lyginantis serumas &#8211; 15 ml<br data-start=\"2932\" data-end=\"2935\" \/>\u2714\ufe0f VITAL C dr\u0117kinamasis ir atkuriamasis naktinis kremas &#8211; 28 g<br data-start=\"2997\" data-end=\"3000\" \/>\u2714\ufe0f Eleganti\u0161ka kosmetin\u0117<\/p>\n","protected":false},"featured_media":62001,"template":"","meta":[],"pwb-brand":[1135],"product_brand":[],"product_cat":[765,756],"product_tag":[],"giftcard-category":[],"class_list":{"0":"post-61072","1":"product","2":"type-product","3":"status-publish","4":"has-post-thumbnail","6":"pwb-brand-image-skincare","7":"product_cat-dovanu-ideja","8":"product_cat-rinkinys","10":"first","11":"instock","12":"sale","13":"taxable","14":"shipping-taxable","15":"purchasable","16":"product-type-simple"},"acf":[],"brands":[{"id":1135,"name":"Image Skincare","slug":"image-skincare"}],"_links":{"self":[{"href":"https:\/\/skinstudio.ee\/lt\/wp-json\/wp\/v2\/product\/61072","targetHints":{"allow":["GET"]}}],"collection":[{"href":"https:\/\/skinstudio.ee\/lt\/wp-json\/wp\/v2\/product"}],"about":[{"href":"https:\/\/skinstudio.ee\/lt\/wp-json\/wp\/v2\/types\/product"}],"version-history":[{"count":0,"href":"https:\/\/skinstudio.ee\/lt\/wp-json\/wp\/v2\/product\/61072\/revisions"}],"wp:featuredmedia":[{"embeddable":true,"href":"https:\/\/skinstudio.ee\/lt\/wp-json\/wp\/v2\/media\/62001"}],"wp:attachment":[{"href":"https:\/\/skinstudio.ee\/lt\/wp-json\/wp\/v2\/media?parent=61072"}],"wp:term":[{"taxonomy":"pwb-brand","embeddable":true,"href":"https:\/\/skinstudio.ee\/lt\/wp-json\/wp\/v2\/pwb-brand?post=61072"},{"taxonomy":"product_brand","embeddable":true,"href":"https:\/\/skinstudio.ee\/lt\/wp-json\/wp\/v2\/product_brand?post=61072"},{"taxonomy":"product_cat","embeddable":true,"href":"https:\/\/skinstudio.ee\/lt\/wp-json\/wp\/v2\/product_cat?post=61072"},{"taxonomy":"product_tag","embeddable":true,"href":"https:\/\/skinstudio.ee\/lt\/wp-json\/wp\/v2\/product_tag?post=61072"},{"taxonomy":"giftcard-category","embeddable":true,"href":"https:\/\/skinstudio.ee\/lt\/wp-json\/wp\/v2\/giftcard-category?post=61072"}],"curies":[{"name":"wp","href":"https:\/\/api.w.org\/{rel}","templated":true}]}}