{"id":61080,"date":"2025-10-02T15:12:54","date_gmt":"2025-10-02T15:12:54","guid":{"rendered":"https:\/\/skinstudio.ee\/?post_type=product&#038;p=61080"},"modified":"2025-12-29T09:56:58","modified_gmt":"2025-12-29T09:56:58","slug":"unwrap-radiance","status":"publish","type":"product","link":"https:\/\/skinstudio.ee\/lt\/catalog\/image-skincare\/unwrap-radiance\/","title":{"rendered":"Unwrap Radiance"},"content":{"rendered":"<p data-start=\"1541\" data-end=\"1779\">Prabangus \u0161ventinis duetas sujungia du ikoninius IMAGE Skincare produktus &#8211; ORMEDIC dr\u0117kinam\u0105j\u012f l\u016bp\u0173 balzam\u0105 ir IMAGE MD paaki\u0173 kaukes. \u0160is rinkinys sukurtas tam, kad suteikt\u0173 odai akimirksnin\u012f komfort\u0105, \u0161vyt\u0117jim\u0105 ir i\u0161puosel\u0117t\u0105 i\u0161vaizd\u0105.<\/p>\n<p data-start=\"1781\" data-end=\"2022\">ORMEDIC l\u016bp\u0173 balzamas intensyviai maitina ir mink\u0161tina l\u016bpas, palikdamas jas glotnias ir sudr\u0117kintas visai dienai. IMAGE MD paaki\u0173 kauk\u0117s r\u016bpinasi itin jautria aki\u0173 sritimi: ma\u017eina paburkim\u0105, lygina smulkias rauk\u0161leles ir gr\u0105\u017eina odai gaiv\u0105.<\/p>\n<p data-start=\"2024\" data-end=\"2304\">Rinkinys supakuotas \u012f eleganti\u0161k\u0105 dovan\u0173 d\u0117\u017eut\u0119 su dekoratyvine juostele, tod\u0117l tampa ne tik odos prie\u017ei\u016bros priemoni\u0173 deriniu, bet ir stilingu \u0161ventiniu akcentu. J\u012f galima pakabinti ant eglut\u0117s kaip papuo\u0161im\u0105 arba padovanoti kaip subtili\u0105 dovan\u0105, i\u0161rei\u0161kian\u010di\u0105 r\u016bpest\u012f ir d\u0117mes\u012f.<\/p>\n<p data-start=\"2306\" data-end=\"2414\"><strong>Unwrap Radiance<\/strong> &#8211; tai gro\u017eio ir prie\u017ei\u016bros simbolis, puikiai tinkantis ypatingai \u0161ventinei atmosferai kurti.<\/p>\n","protected":false},"excerpt":{"rendered":"<div id=\"product-16872\" class=\"product type-product post-16872 status-publish first instock product_cat-image-skincare-ru product_cat-isc-ru product_cat-566 product_cat-622 has-post-thumbnail shipping-taxable purchasable product-type-simple ct-default-gallery ct-ajax-add-to-cart thumbs-bottom sticky-gallery sticky-summary\">\n<div class=\"woocommerce-tabs wc-tabs-wrapper\" data-type=\"type-1:center\">\n<article>\n<div id=\"tab-sizetab\" class=\"woocommerce-Tabs-panel woocommerce-Tabs-panel--sizetab panel entry-content wc-tab is-layout-constrained\" role=\"tabpanel\" aria-labelledby=\"tab-title-sizetab\">\n<p data-start=\"2556\" data-end=\"2588\">Duetas odos dr\u0117kinimui ir gaivai<\/p>\n<h2 data-start=\"2590\" data-end=\"2641\"><strong data-start=\"2590\" data-end=\"2641\">Image Skincare &#8211; Unwrap Radiance rinkin\u012f sudaro<\/strong><\/h2>\n<p data-start=\"2643\" data-end=\"2725\">\u2714\ufe0f ORMEDIC dr\u0117kinamasis l\u016bp\u0173 balzamas &#8211; 7 g<br data-start=\"2686\" data-end=\"2689\" \/>\u2714\ufe0f IMAGE MD paaki\u0173 kauk\u0117s &#8211; 1 pora<\/p>\n<\/div>\n<\/article>\n<\/div>\n<\/div>\n","protected":false},"featured_media":61996,"template":"","meta":[],"pwb-brand":[1135],"product_brand":[],"product_cat":[765,756],"product_tag":[],"giftcard-category":[],"class_list":{"0":"post-61080","1":"product","2":"type-product","3":"status-publish","4":"has-post-thumbnail","6":"pwb-brand-image-skincare","7":"product_cat-dovanu-ideja","8":"product_cat-rinkinys","10":"first","11":"instock","12":"sale","13":"taxable","14":"shipping-taxable","15":"purchasable","16":"product-type-simple"},"acf":[],"brands":[{"id":1135,"name":"Image Skincare","slug":"image-skincare"}],"_links":{"self":[{"href":"https:\/\/skinstudio.ee\/lt\/wp-json\/wp\/v2\/product\/61080","targetHints":{"allow":["GET"]}}],"collection":[{"href":"https:\/\/skinstudio.ee\/lt\/wp-json\/wp\/v2\/product"}],"about":[{"href":"https:\/\/skinstudio.ee\/lt\/wp-json\/wp\/v2\/types\/product"}],"version-history":[{"count":0,"href":"https:\/\/skinstudio.ee\/lt\/wp-json\/wp\/v2\/product\/61080\/revisions"}],"wp:featuredmedia":[{"embeddable":true,"href":"https:\/\/skinstudio.ee\/lt\/wp-json\/wp\/v2\/media\/61996"}],"wp:attachment":[{"href":"https:\/\/skinstudio.ee\/lt\/wp-json\/wp\/v2\/media?parent=61080"}],"wp:term":[{"taxonomy":"pwb-brand","embeddable":true,"href":"https:\/\/skinstudio.ee\/lt\/wp-json\/wp\/v2\/pwb-brand?post=61080"},{"taxonomy":"product_brand","embeddable":true,"href":"https:\/\/skinstudio.ee\/lt\/wp-json\/wp\/v2\/product_brand?post=61080"},{"taxonomy":"product_cat","embeddable":true,"href":"https:\/\/skinstudio.ee\/lt\/wp-json\/wp\/v2\/product_cat?post=61080"},{"taxonomy":"product_tag","embeddable":true,"href":"https:\/\/skinstudio.ee\/lt\/wp-json\/wp\/v2\/product_tag?post=61080"},{"taxonomy":"giftcard-category","embeddable":true,"href":"https:\/\/skinstudio.ee\/lt\/wp-json\/wp\/v2\/giftcard-category?post=61080"}],"curies":[{"name":"wp","href":"https:\/\/api.w.org\/{rel}","templated":true}]}}