{"id":61098,"date":"2025-04-25T14:32:12","date_gmt":"2025-04-25T14:32:12","guid":{"rendered":"https:\/\/skinstudio.ee\/?post_type=product&#038;p=61098"},"modified":"2026-02-19T15:47:50","modified_gmt":"2026-02-19T15:47:50","slug":"ageless-retinol-trial-kit","status":"publish","type":"product","link":"https:\/\/skinstudio.ee\/lt\/catalog\/image-skincare\/ageless-retinol-trial-kit\/","title":{"rendered":"Ageless Retinol Trial Kit"},"content":{"rendered":"<p data-start=\"1620\" data-end=\"1920\">Ageless Retinol Trial Kit yra idealus b\u016bdas prad\u0117ti pa\u017eint\u012f su retinoliu ir i\u0161siai\u0161kinti, kuri koncentracija geriausiai tinka j\u016bs\u0173 odai. Rinkinyje yra keturi AGELESS+ produktai, kurie padeda suma\u017einti rauk\u0161les, pigmentacij\u0105 ir netolyg\u0173 odos reljef\u0105, tuo pa\u010diu ramindami ir intensyviai dr\u0117kindami od\u0105.<\/p>\n<p data-start=\"1922\" data-end=\"2153\">Kiekvienas produktas turi skirting\u0105 retinolio stiprum\u0105, tod\u0117l oda gali palaipsniui priprasti ir saugiai pereiti prie didesn\u0117s koncentracijos. Toks metodas suma\u017eina sudirgimo rizik\u0105 ir u\u017etikrina efektyvius, subalansuotus rezultatus.<\/p>\n<p data-start=\"2155\" data-end=\"2400\">Retinolis naudojamas vakare. I\u0161bandykite kiekvien\u0105 produkt\u0105 atskirai ir pasirinkite t\u0105, kuris \u0161iuo metu labiausiai tinka j\u016bs\u0173 odai.<br data-start=\"2286\" data-end=\"2289\" \/>Geriausiems rezultatams pasiekti naudokite pasirinkt\u0105 produkt\u0105 <strong data-start=\"2352\" data-end=\"2372\">kiekvien\u0105 vakar\u0105<\/strong>, o ryte visada tepkite SPF.<\/p>\n<p data-start=\"2402\" data-end=\"2631\">\n","protected":false},"excerpt":{"rendered":"<p data-start=\"2633\" data-end=\"2662\">Retinolio pa\u017eintinis rinkinys<\/p>\n<h2 data-start=\"2664\" data-end=\"2717\"><strong data-start=\"2664\" data-end=\"2717\">Image Skincare &#8211; Ageless Retinol Trial Kit sudaro<\/strong><\/h2>\n<p data-start=\"2719\" data-end=\"2910\">\u2714\ufe0f AGELESS+ Pure Liquid Retinol 0.1% Serum &#8211; 4 ml<br data-start=\"2768\" data-end=\"2771\" \/>\u2714\ufe0f AGELESS+ Pure Liquid Retinol 0.3% Serum &#8211; 4 ml<br data-start=\"2820\" data-end=\"2823\" \/>\u2714\ufe0f AGELESS+ Retinol 0.3% Cr\u00e8me &#8211; 6 g<br data-start=\"2859\" data-end=\"2862\" \/>\u2714\ufe0f AGELESS+ Night Mask with Retinol 0.5% &#8211; 6 g<\/p>\n","protected":false},"featured_media":62036,"template":"","meta":[],"pwb-brand":[1135],"product_brand":[],"product_cat":[756,754,728],"product_tag":[],"giftcard-category":[],"class_list":{"0":"post-61098","1":"product","2":"type-product","3":"status-publish","4":"has-post-thumbnail","6":"pwb-brand-image-skincare","7":"product_cat-rinkinys","8":"product_cat-travel-size-lt","9":"product_cat-vitaminas-a-retinolis","11":"first","12":"instock","13":"taxable","14":"shipping-taxable","15":"purchasable","16":"product-type-simple"},"acf":[],"brands":[{"id":1135,"name":"Image Skincare","slug":"image-skincare"}],"_links":{"self":[{"href":"https:\/\/skinstudio.ee\/lt\/wp-json\/wp\/v2\/product\/61098","targetHints":{"allow":["GET"]}}],"collection":[{"href":"https:\/\/skinstudio.ee\/lt\/wp-json\/wp\/v2\/product"}],"about":[{"href":"https:\/\/skinstudio.ee\/lt\/wp-json\/wp\/v2\/types\/product"}],"version-history":[{"count":1,"href":"https:\/\/skinstudio.ee\/lt\/wp-json\/wp\/v2\/product\/61098\/revisions"}],"predecessor-version":[{"id":82780,"href":"https:\/\/skinstudio.ee\/lt\/wp-json\/wp\/v2\/product\/61098\/revisions\/82780"}],"wp:featuredmedia":[{"embeddable":true,"href":"https:\/\/skinstudio.ee\/lt\/wp-json\/wp\/v2\/media\/62036"}],"wp:attachment":[{"href":"https:\/\/skinstudio.ee\/lt\/wp-json\/wp\/v2\/media?parent=61098"}],"wp:term":[{"taxonomy":"pwb-brand","embeddable":true,"href":"https:\/\/skinstudio.ee\/lt\/wp-json\/wp\/v2\/pwb-brand?post=61098"},{"taxonomy":"product_brand","embeddable":true,"href":"https:\/\/skinstudio.ee\/lt\/wp-json\/wp\/v2\/product_brand?post=61098"},{"taxonomy":"product_cat","embeddable":true,"href":"https:\/\/skinstudio.ee\/lt\/wp-json\/wp\/v2\/product_cat?post=61098"},{"taxonomy":"product_tag","embeddable":true,"href":"https:\/\/skinstudio.ee\/lt\/wp-json\/wp\/v2\/product_tag?post=61098"},{"taxonomy":"giftcard-category","embeddable":true,"href":"https:\/\/skinstudio.ee\/lt\/wp-json\/wp\/v2\/giftcard-category?post=61098"}],"curies":[{"name":"wp","href":"https:\/\/api.w.org\/{rel}","templated":true}]}}