{"id":61106,"date":"2025-03-21T16:49:26","date_gmt":"2025-03-21T16:49:26","guid":{"rendered":"https:\/\/skinstudio.ee\/?post_type=product&#038;p=61106"},"modified":"2025-12-29T09:56:55","modified_gmt":"2025-12-29T09:56:55","slug":"daily-prevention-trial-kit","status":"publish","type":"product","link":"https:\/\/skinstudio.ee\/lt\/catalog\/image-skincare\/daily-prevention-trial-kit\/","title":{"rendered":"Daily Prevention Trial Kit"},"content":{"rendered":"<p data-start=\"1774\" data-end=\"2054\">Daily Prevention Trial Kit yra kruop\u0161\u010diai sukurtas rinkinys, skirtas kasdienei odos dr\u0117kinimo, apsaugos ir stiprinimo prie\u017ei\u016brai nuo aplinkos poveikio. Formul\u0117s padeda sustiprinti odos barjer\u0105, suteikti \u0161vyt\u0117jimo ir u\u017etikrinti patikim\u0105 apsaug\u0105 nuo prie\u0161laikinio sen\u0117jimo veiksni\u0173.<\/p>\n<p data-start=\"2056\" data-end=\"2380\">Imbiero ekstraktas, mikrodumbliai ir vitaminas C atgaivina odos spindes\u012f, gerina atspalvio tolygum\u0105 ir palaiko elastingum\u0105. Pa\u017eang\u016bs mineraliniai ir kombinuoti SPF filtrai saugo ne tik nuo UVA\/UVB spinduli\u0173, bet ir nuo infraraudon\u0173j\u0173 bei m\u0117lynos \u0161viesos, kuri\u0105 skleid\u017eia ekranai &#8211; vieno i\u0161 pagrindini\u0173 fotosen\u0117jimo veiksni\u0173.<\/p>\n<p data-start=\"2382\" data-end=\"2540\">Rinkinyje yra penki DAILY PREVENTION\u2122 dieniniai kremai, sukurti skirtingiems odos poreikiams, tod\u0117l galite i\u0161bandyti tekst\u016bras ir pasirinkti sau tinkamiausi\u0105.<\/p>\n","protected":false},"excerpt":{"rendered":"<p data-start=\"2816\" data-end=\"2856\">Kasdien\u0117s apsaugos ir dr\u0117kinimo rinkinys<\/p>\n<h2 data-start=\"2858\" data-end=\"2912\"><strong data-start=\"2858\" data-end=\"2912\">Image Skincare &#8211; Daily Prevention Trial Kit sudaro<\/strong><\/h2>\n<p data-start=\"2914\" data-end=\"3140\">\u2714\ufe0f Smartblend Moisturiser SPF 50+ &#8211; 7 g<br data-start=\"2953\" data-end=\"2956\" \/>\u2714\ufe0f Pure Mineral Hydrating Moisturiser SPF 30 &#8211; 7 g<br data-start=\"3006\" data-end=\"3009\" \/>\u2714\ufe0f Sheer Matte Moisturiser SPF 30 &#8211; 7 g<br data-start=\"3048\" data-end=\"3051\" \/>\u2714\ufe0f Hydrating Moisturiser SPF 50 &#8211; 7 g<br data-start=\"3088\" data-end=\"3091\" \/>\u2714\ufe0f Pure Mineral Tinted Moisturizer SPF 30 &#8211; 7 g<\/p>\n","protected":false},"featured_media":62046,"template":"","meta":[],"pwb-brand":[1135],"product_brand":[],"product_cat":[732,754],"product_tag":[],"giftcard-category":[],"class_list":{"0":"post-61106","1":"product","2":"type-product","3":"status-publish","4":"has-post-thumbnail","6":"pwb-brand-image-skincare","7":"product_cat-spf-apsauga","8":"product_cat-travel-size-lt","10":"first","11":"instock","12":"taxable","13":"shipping-taxable","14":"purchasable","15":"product-type-simple"},"acf":[],"brands":[{"id":1135,"name":"Image Skincare","slug":"image-skincare"}],"_links":{"self":[{"href":"https:\/\/skinstudio.ee\/lt\/wp-json\/wp\/v2\/product\/61106","targetHints":{"allow":["GET"]}}],"collection":[{"href":"https:\/\/skinstudio.ee\/lt\/wp-json\/wp\/v2\/product"}],"about":[{"href":"https:\/\/skinstudio.ee\/lt\/wp-json\/wp\/v2\/types\/product"}],"version-history":[{"count":0,"href":"https:\/\/skinstudio.ee\/lt\/wp-json\/wp\/v2\/product\/61106\/revisions"}],"wp:featuredmedia":[{"embeddable":true,"href":"https:\/\/skinstudio.ee\/lt\/wp-json\/wp\/v2\/media\/62046"}],"wp:attachment":[{"href":"https:\/\/skinstudio.ee\/lt\/wp-json\/wp\/v2\/media?parent=61106"}],"wp:term":[{"taxonomy":"pwb-brand","embeddable":true,"href":"https:\/\/skinstudio.ee\/lt\/wp-json\/wp\/v2\/pwb-brand?post=61106"},{"taxonomy":"product_brand","embeddable":true,"href":"https:\/\/skinstudio.ee\/lt\/wp-json\/wp\/v2\/product_brand?post=61106"},{"taxonomy":"product_cat","embeddable":true,"href":"https:\/\/skinstudio.ee\/lt\/wp-json\/wp\/v2\/product_cat?post=61106"},{"taxonomy":"product_tag","embeddable":true,"href":"https:\/\/skinstudio.ee\/lt\/wp-json\/wp\/v2\/product_tag?post=61106"},{"taxonomy":"giftcard-category","embeddable":true,"href":"https:\/\/skinstudio.ee\/lt\/wp-json\/wp\/v2\/giftcard-category?post=61106"}],"curies":[{"name":"wp","href":"https:\/\/api.w.org\/{rel}","templated":true}]}}