{"id":61116,"date":"2024-06-15T08:21:02","date_gmt":"2024-06-15T08:21:02","guid":{"rendered":"https:\/\/skinstudio.ee\/?post_type=product&#038;p=61116"},"modified":"2025-12-29T09:56:57","modified_gmt":"2025-12-29T09:56:57","slug":"ormedic-trial-kit","status":"publish","type":"product","link":"https:\/\/skinstudio.ee\/lt\/catalog\/image-skincare\/ormedic-trial-kit\/","title":{"rendered":"Ormedic Trial Kit"},"content":{"rendered":"<p data-start=\"1818\" data-end=\"2138\">Ormedic Trial Kit yra kruop\u0161\u010diai sudarytas pa\u017eintinis rinkinys, leid\u017eiantis susipa\u017einti su ORMEDIC filosofija ir jos \u0161velniu, subalansuotu po\u017ei\u016briu \u012f odos prie\u017ei\u016br\u0105. Visa linija sukurta tiems, kurie vertina nat\u016bralios kilm\u0117s ingredientus, \u0161varias formules ir maksimaliai \u0161veln\u0173 poveik\u012f, tinkant\u012f net labai jautriai odai.<\/p>\n<p data-start=\"2140\" data-end=\"2462\">Rinkinys puikiai tinka jautriai odai, taip pat paaugliams, kurie pradeda savo pirm\u0105j\u0105 IMAGE Skincare prie\u017ei\u016bros rutin\u0105. Augal\u0173 ekstraktai, antioksidantai ir bioadaptuojan\u010dios med\u017eiagos padeda atkurti odos balans\u0105, suma\u017einti jautrum\u0105 ir sustiprinti apsaugin\u012f barjer\u0105. Produkt\u0173 kiekio pakanka 7\u201310 dien\u0173 visi\u0161kai prie\u017ei\u016brai.<\/p>\n","protected":false},"excerpt":{"rendered":"<p data-start=\"2969\" data-end=\"3012\">Subalansuotos botanin\u0117s prie\u017ei\u016bros rinkinys<\/p>\n<h2 data-start=\"3014\" data-end=\"3059\"><strong data-start=\"3014\" data-end=\"3059\">Image Skincare &#8211; Ormedic Trial Kit sudaro<\/strong><\/h2>\n<p data-start=\"3061\" data-end=\"3237\">\u2714\ufe0f ORMEDIC Balancing Facial Cleanser &#8211; 7.4 ml<br data-start=\"3106\" data-end=\"3109\" \/>\u2714\ufe0f ORMEDIC Balancing Antioxidant Serum &#8211; 7.4 ml<br data-start=\"3156\" data-end=\"3159\" \/>\u2714\ufe0f ORMEDIC Soothing Gel Masque &#8211; 7.4 ml<br data-start=\"3198\" data-end=\"3201\" \/>\u2714\ufe0f ORMEDIC Bio-Peptide Cr\u00e8me &#8211; 7 g<\/p>\n","protected":false},"featured_media":61117,"template":"","meta":[],"pwb-brand":[1135],"product_brand":[],"product_cat":[756,754],"product_tag":[],"giftcard-category":[],"class_list":{"0":"post-61116","1":"product","2":"type-product","3":"status-publish","4":"has-post-thumbnail","6":"pwb-brand-image-skincare","7":"product_cat-rinkinys","8":"product_cat-travel-size-lt","10":"first","11":"instock","12":"taxable","13":"shipping-taxable","14":"purchasable","15":"product-type-simple"},"acf":[],"brands":[{"id":1135,"name":"Image Skincare","slug":"image-skincare"}],"_links":{"self":[{"href":"https:\/\/skinstudio.ee\/lt\/wp-json\/wp\/v2\/product\/61116","targetHints":{"allow":["GET"]}}],"collection":[{"href":"https:\/\/skinstudio.ee\/lt\/wp-json\/wp\/v2\/product"}],"about":[{"href":"https:\/\/skinstudio.ee\/lt\/wp-json\/wp\/v2\/types\/product"}],"version-history":[{"count":0,"href":"https:\/\/skinstudio.ee\/lt\/wp-json\/wp\/v2\/product\/61116\/revisions"}],"wp:featuredmedia":[{"embeddable":true,"href":"https:\/\/skinstudio.ee\/lt\/wp-json\/wp\/v2\/media\/61117"}],"wp:attachment":[{"href":"https:\/\/skinstudio.ee\/lt\/wp-json\/wp\/v2\/media?parent=61116"}],"wp:term":[{"taxonomy":"pwb-brand","embeddable":true,"href":"https:\/\/skinstudio.ee\/lt\/wp-json\/wp\/v2\/pwb-brand?post=61116"},{"taxonomy":"product_brand","embeddable":true,"href":"https:\/\/skinstudio.ee\/lt\/wp-json\/wp\/v2\/product_brand?post=61116"},{"taxonomy":"product_cat","embeddable":true,"href":"https:\/\/skinstudio.ee\/lt\/wp-json\/wp\/v2\/product_cat?post=61116"},{"taxonomy":"product_tag","embeddable":true,"href":"https:\/\/skinstudio.ee\/lt\/wp-json\/wp\/v2\/product_tag?post=61116"},{"taxonomy":"giftcard-category","embeddable":true,"href":"https:\/\/skinstudio.ee\/lt\/wp-json\/wp\/v2\/giftcard-category?post=61116"}],"curies":[{"name":"wp","href":"https:\/\/api.w.org\/{rel}","templated":true}]}}