{"id":61127,"date":"2024-06-18T09:27:31","date_gmt":"2024-06-18T09:27:31","guid":{"rendered":"https:\/\/skinstudio.ee\/?post_type=product&#038;p=61127"},"modified":"2026-01-22T15:04:11","modified_gmt":"2026-01-22T15:04:11","slug":"ultra-b2-micellar-solution","status":"publish","type":"product","link":"https:\/\/skinstudio.ee\/lt\/catalog\/ultraceuticals\/ultra-b2-micellar-solution\/","title":{"rendered":"Ultra B2 Micellar Solution"},"content":{"rendered":"<p data-start=\"2069\" data-end=\"2450\">Ultra B2 Micellar Solution \u2013 \u0161velnus, ta\u010diau labai efektyvus micelinis vanduo, kuris valo od\u0105 nesukeldamas sudirgimo ar sausumo. Micel\u0117s veikia kaip magnetai \u2013 pritraukia makia\u017eo liku\u010dius, ne\u0161varumus ir riebal\u0173 pertekli\u0173, i\u0161laikydamos nat\u016bral\u0173 odos balans\u0105. Lengva, vandeninga tekst\u016bra suteikia gaivos poj\u016bt\u012f ir puikiai tinka kaip pirmasis \u017eingsnis kasdien\u0117je odos valymo rutinoje.<\/p>\n<p data-start=\"2452\" data-end=\"2641\">Formul\u0117 sukurta taip, kad u\u017etikrint\u0173 maksimal\u0173 komfort\u0105 net jautriai odai. Ji kruop\u0161\u010diai valo, nepa\u017eeisdama apsauginio barjero, ir padeda odai i\u0161likti mink\u0161tai bei sudr\u0117kintai po naudojimo.<\/p>\n<p data-start=\"2643\" data-end=\"2859\"><strong data-start=\"2643\" data-end=\"2667\">Aktyv\u016bs ingredientai<\/strong><\/p>\n<ul>\n<li data-start=\"2643\" data-end=\"2859\">Pantenolis ramina ir mink\u0161tina od\u0105.<\/li>\n<li data-start=\"2643\" data-end=\"2859\">B grup\u0117s vitamin\u0173 kompleksas u\u017etikrina gili\u0105 hidratacij\u0105 ir palaiko odos dr\u0117gm\u0117s barjer\u0105.<\/li>\n<li data-start=\"2643\" data-end=\"2859\">Alantoinas padeda i\u0161laikyti dr\u0117gm\u0119 ir gerina odos glotnum\u0105.<\/li>\n<\/ul>\n<p data-start=\"2861\" data-end=\"2991\">Reguliariai naudojant oda tampa \u0161varesn\u0117, mink\u0161tesn\u0117 ir labiau subalansuota, tinkamai paruo\u0161ta tolimesniems prie\u017ei\u016bros \u017eingsniams.<\/p>\n<p data-start=\"2993\" data-end=\"3009\"><strong data-start=\"2993\" data-end=\"3009\">T\u016bris: 200 ml<\/strong><\/p>\n","protected":false},"excerpt":{"rendered":"<p data-start=\"3136\" data-end=\"3552\"><span style=\"color: #ff0000;\">NB! \u0160iame produkte yra didel\u0117 aktyvi\u0173j\u0173 ingredient\u0173 koncentracija. Prie\u0161 naudojim\u0105 rekomenduojame pasikonsultuoti su m\u016bs\u0173 specialistu. Laukiame j\u016bs\u0173 skambu\u010di\u0173 telefonu <a href=\"http:\/\/+372 58500171\">+372 58500171<\/a> nuo pirmadienio iki penktadienio 10:00\u201319:00, taip pat \u0161e\u0161tadieniais ir sekmadieniais 11:00\u201315:00. Taip pat galite palikti savo telefono numer\u012f el. pa\u0161tu <span style=\"color: #0000ff;\"><a class=\"decorated-link cursor-pointer\" style=\"color: #0000ff;\" href=\"mailto:info@skinstudio.ee\" rel=\"noopener\" data-start=\"3474\" data-end=\"3492\">info@skinstudio.ee<\/a><\/span>, ir m\u016bs\u0173 specialistas su jumis susisieks per 24 valandas.<\/span><\/p>\n<p data-start=\"3554\" data-end=\"3585\">Micelinis vanduo su B2 vitaminu<\/p>\n<h2 data-start=\"3587\" data-end=\"3912\"><strong data-start=\"3587\" data-end=\"3642\">ULTRACEUTICALS &#8211; Ultra B2 Micellar Solution Savyb\u0117s<\/strong><\/h2>\n<p data-start=\"3587\" data-end=\"3912\">\u2714\ufe0f \u0160velniai pa\u0161alina makia\u017e\u0105, \u012fskaitant vandeniui atsparias priemones<br data-start=\"3714\" data-end=\"3717\" \/>\u2714\ufe0f I\u0161valo od\u0105 jos nesausindamas ir ne\u012ftempdamas<br data-start=\"3764\" data-end=\"3767\" \/>\u2714\ufe0f Padeda palaikyti odos dr\u0117gm\u0117s balans\u0105<br data-start=\"3807\" data-end=\"3810\" \/>\u2714\ufe0f Ramina ir mink\u0161tina net jautri\u0105 od\u0105<br data-start=\"3848\" data-end=\"3851\" \/>\u2714\ufe0f Puikiai tinka kaip pirmasis odos valymo rutinos \u017eingsnis<\/p>\n","protected":false},"featured_media":61128,"template":"","meta":[],"pwb-brand":[786],"product_brand":[],"product_cat":[746,734,718],"product_tag":[],"giftcard-category":[],"class_list":{"0":"post-61127","1":"product","2":"type-product","3":"status-publish","4":"has-post-thumbnail","6":"pwb-brand-ultraceuticals","7":"product_cat-jautriai-odai","8":"product_cat-oda-aplink-akis","9":"product_cat-valymas","11":"first","12":"instock","13":"taxable","14":"shipping-taxable","15":"purchasable","16":"product-type-simple"},"acf":[],"brands":[{"id":786,"name":"Ultraceuticals","slug":"ultraceuticals"}],"_links":{"self":[{"href":"https:\/\/skinstudio.ee\/lt\/wp-json\/wp\/v2\/product\/61127","targetHints":{"allow":["GET"]}}],"collection":[{"href":"https:\/\/skinstudio.ee\/lt\/wp-json\/wp\/v2\/product"}],"about":[{"href":"https:\/\/skinstudio.ee\/lt\/wp-json\/wp\/v2\/types\/product"}],"version-history":[{"count":0,"href":"https:\/\/skinstudio.ee\/lt\/wp-json\/wp\/v2\/product\/61127\/revisions"}],"wp:featuredmedia":[{"embeddable":true,"href":"https:\/\/skinstudio.ee\/lt\/wp-json\/wp\/v2\/media\/61128"}],"wp:attachment":[{"href":"https:\/\/skinstudio.ee\/lt\/wp-json\/wp\/v2\/media?parent=61127"}],"wp:term":[{"taxonomy":"pwb-brand","embeddable":true,"href":"https:\/\/skinstudio.ee\/lt\/wp-json\/wp\/v2\/pwb-brand?post=61127"},{"taxonomy":"product_brand","embeddable":true,"href":"https:\/\/skinstudio.ee\/lt\/wp-json\/wp\/v2\/product_brand?post=61127"},{"taxonomy":"product_cat","embeddable":true,"href":"https:\/\/skinstudio.ee\/lt\/wp-json\/wp\/v2\/product_cat?post=61127"},{"taxonomy":"product_tag","embeddable":true,"href":"https:\/\/skinstudio.ee\/lt\/wp-json\/wp\/v2\/product_tag?post=61127"},{"taxonomy":"giftcard-category","embeddable":true,"href":"https:\/\/skinstudio.ee\/lt\/wp-json\/wp\/v2\/giftcard-category?post=61127"}],"curies":[{"name":"wp","href":"https:\/\/api.w.org\/{rel}","templated":true}]}}