{"id":61139,"date":"2024-07-16T09:58:25","date_gmt":"2024-07-16T09:58:25","guid":{"rendered":"https:\/\/skinstudio.ee\/?post_type=product&#038;p=61139"},"modified":"2026-01-22T15:04:11","modified_gmt":"2026-01-22T15:04:11","slug":"ultra-balancing-gel-cleanser","status":"publish","type":"product","link":"https:\/\/skinstudio.ee\/lt\/catalog\/ultraceuticals\/ultra-balancing-gel-cleanser\/","title":{"rendered":"Ultra Balancing Gel Cleanser"},"content":{"rendered":"<p data-start=\"2165\" data-end=\"2523\">Ultra Balancing Gel Cleanser \u2013 lengvos tekst\u016bros putojantis gelis, kruop\u0161\u010diai valantis od\u0105 jos nei\u0161sausindamas ir nepa\u017eeisdamas nat\u016bralaus dr\u0117gm\u0117s balanso. Jis veiksmingai pa\u0161alina ne\u0161varumus, makia\u017e\u0105 ir riebal\u0173 pertekli\u0173, palikdamas od\u0105 \u0161vari\u0105, \u0161velni\u0105 ir komforti\u0161k\u0105. Gelis tinka kasdienei prie\u017ei\u016brai ir lengvai \u012fsilieja \u012f bet koki\u0105 odos prie\u017ei\u016bros rutin\u0105.<\/p>\n<p data-start=\"2525\" data-end=\"2733\">Alijo\u0161iaus, agurk\u0173 ir avi\u017e\u0173 ekstrakt\u0173 mi\u0161inys maitina od\u0105 ir palaiko jos dr\u0117gm\u0119, suteikdamas glotnumo ir komforto po valymo. Gelis atgaivina od\u0105, padeda i\u0161lyginti tekst\u016br\u0105 ir suteikia pri\u017ei\u016br\u0117tos odos poj\u016bt\u012f.<\/p>\n<p data-start=\"2735\" data-end=\"2947\"><strong data-start=\"2735\" data-end=\"2759\">Aktyv\u016bs ingredientai<\/strong><br data-start=\"2759\" data-end=\"2762\" \/>Pieno r\u016bg\u0161tis \u0161velniai eksfolijuoja ir skatina nat\u016bral\u0173 l\u0105steli\u0173 atsinaujinim\u0105.<br data-start=\"2841\" data-end=\"2844\" \/>Vitaminas E ir \u017ealiosios arbatos ekstraktas ramina od\u0105 ir padeda grei\u010diau atsigauti mikropa\u017eeidimams.<\/p>\n<p data-start=\"2949\" data-end=\"3022\">Reguliariai naudojant oda tampa \u0161varesn\u0117, lygesn\u0117 ir vizualiai tolygesn\u0117.<\/p>\n<p data-start=\"3024\" data-end=\"3041\"><strong data-start=\"3024\" data-end=\"3041\">T\u016bris: 200 ml<\/strong><\/p>\n","protected":false},"excerpt":{"rendered":"<p data-start=\"3233\" data-end=\"3649\"><span style=\"color: #ff0000;\">NB! \u0160iame produkte yra didel\u0117 aktyvi\u0173j\u0173 ingredient\u0173 koncentracija. Prie\u0161 naudojim\u0105 rekomenduojame pasikonsultuoti su m\u016bs\u0173 specialistu. Laukiame j\u016bs\u0173 skambu\u010di\u0173 telefonu +372 58500171 nuo pirmadienio iki penktadienio 10:00\u201319:00, taip pat \u0161e\u0161tadieniais ir sekmadieniais 11:00\u201315:00. Taip pat galite palikti savo telefono numer\u012f el. pa\u0161tu <a class=\"decorated-link cursor-pointer\" style=\"color: #ff0000;\" href=\"mailto:info@skinstudio.ee\" rel=\"noopener\" data-start=\"3571\" data-end=\"3589\">info@skinstudio.ee<\/a>, ir m\u016bs\u0173 specialistas susisieks su jumis per 24 valandas.<\/span><\/p>\n<p data-start=\"3651\" data-end=\"3666\">Valomasis gelis<\/p>\n<h2 data-start=\"3668\" data-end=\"3928\"><strong data-start=\"3668\" data-end=\"3725\">ULTRACEUTICALS &#8211; Ultra Balancing Gel Cleanser Savyb\u0117s<\/strong><\/h2>\n<p data-start=\"3668\" data-end=\"3928\">\u2714\ufe0f Giliai valo od\u0105 ir pa\u0161alina makia\u017e\u0105<br data-start=\"3766\" data-end=\"3769\" \/>\u2714\ufe0f Padeda palaikyti nat\u016bral\u0173 dr\u0117gm\u0117s balans\u0105<br data-start=\"3813\" data-end=\"3816\" \/>\u2714\ufe0f Netempia odos ir tinka jautrioms vietoms<br data-start=\"3859\" data-end=\"3862\" \/>\u2714\ufe0f Gerina odos glotnum\u0105 ir ton\u0105<br data-start=\"3893\" data-end=\"3896\" \/>\u2714\ufe0f Tinka kasdieniam naudojimui<\/p>\n","protected":false},"featured_media":66001,"template":"","meta":[],"pwb-brand":[786],"product_brand":[],"product_cat":[748,718],"product_tag":[],"giftcard-category":[],"class_list":{"0":"post-61139","1":"product","2":"type-product","3":"status-publish","4":"has-post-thumbnail","6":"pwb-brand-ultraceuticals","7":"product_cat-taukainai-adai-lt","8":"product_cat-valymas","10":"first","11":"instock","12":"taxable","13":"shipping-taxable","14":"purchasable","15":"product-type-simple"},"acf":[],"brands":[{"id":786,"name":"Ultraceuticals","slug":"ultraceuticals"}],"_links":{"self":[{"href":"https:\/\/skinstudio.ee\/lt\/wp-json\/wp\/v2\/product\/61139","targetHints":{"allow":["GET"]}}],"collection":[{"href":"https:\/\/skinstudio.ee\/lt\/wp-json\/wp\/v2\/product"}],"about":[{"href":"https:\/\/skinstudio.ee\/lt\/wp-json\/wp\/v2\/types\/product"}],"version-history":[{"count":0,"href":"https:\/\/skinstudio.ee\/lt\/wp-json\/wp\/v2\/product\/61139\/revisions"}],"wp:featuredmedia":[{"embeddable":true,"href":"https:\/\/skinstudio.ee\/lt\/wp-json\/wp\/v2\/media\/66001"}],"wp:attachment":[{"href":"https:\/\/skinstudio.ee\/lt\/wp-json\/wp\/v2\/media?parent=61139"}],"wp:term":[{"taxonomy":"pwb-brand","embeddable":true,"href":"https:\/\/skinstudio.ee\/lt\/wp-json\/wp\/v2\/pwb-brand?post=61139"},{"taxonomy":"product_brand","embeddable":true,"href":"https:\/\/skinstudio.ee\/lt\/wp-json\/wp\/v2\/product_brand?post=61139"},{"taxonomy":"product_cat","embeddable":true,"href":"https:\/\/skinstudio.ee\/lt\/wp-json\/wp\/v2\/product_cat?post=61139"},{"taxonomy":"product_tag","embeddable":true,"href":"https:\/\/skinstudio.ee\/lt\/wp-json\/wp\/v2\/product_tag?post=61139"},{"taxonomy":"giftcard-category","embeddable":true,"href":"https:\/\/skinstudio.ee\/lt\/wp-json\/wp\/v2\/giftcard-category?post=61139"}],"curies":[{"name":"wp","href":"https:\/\/api.w.org\/{rel}","templated":true}]}}