{"id":61148,"date":"2024-07-16T10:07:37","date_gmt":"2024-07-16T10:07:37","guid":{"rendered":"https:\/\/skinstudio.ee\/?post_type=product&#038;p=61148"},"modified":"2026-01-22T15:04:13","modified_gmt":"2026-01-22T15:04:13","slug":"ultra-hydrating-milk-cleanser","status":"publish","type":"product","link":"https:\/\/skinstudio.ee\/lt\/catalog\/ultraceuticals\/ultra-hydrating-milk-cleanser\/","title":{"rendered":"Ultra Hydrating Milk Cleanser"},"content":{"rendered":"<p data-start=\"1999\" data-end=\"2263\">Ultra Hydrating Milk Cleanser \u2013 \u0161velni veikianti, kremin\u0117s tekst\u016bros prausiamoji emulsija, kuri \u0161velniai pa\u0161alina ne\u0161varumus ir makia\u017e\u0105, i\u0161laikydama od\u0105 sudr\u0117kint\u0105 ir nuramint\u0105. Emulsija valo be tempimo ar sausumo poj\u016b\u010dio, tod\u0117l ypa\u010d tinka sausai ir jautriai odai.<\/p>\n<p data-start=\"2265\" data-end=\"2527\">Formul\u0117 sujungia raminan\u010dius, dr\u0117kinan\u010dius ir atkuriamuosius ingredientus, kurie padeda palaikyti odos komfort\u0105 ir sveik\u0105 i\u0161vaizd\u0105. D\u0117l lengvo antioksidacinio poveikio priemon\u0117 padeda i\u0161lyginti odos ton\u0105 ir suteikia tolygesn\u0119 odos tekst\u016br\u0105 reguliariai naudojant.<\/p>\n<p data-start=\"2529\" data-end=\"2770\"><strong data-start=\"2529\" data-end=\"2553\">Aktyv\u016bs ingredientai<\/strong><br data-start=\"2553\" data-end=\"2556\" \/>Soj\u0173 ekstraktas &#8211; giliai dr\u0117kina ir mink\u0161tina od\u0105.<br data-start=\"2606\" data-end=\"2609\" \/>Pantenolis ir bisabololis &#8211; ramina, atkuria ir stiprina odos barjer\u0105.<br data-start=\"2678\" data-end=\"2681\" \/>Pieno r\u016bg\u0161tis &#8211; \u0161velniai i\u0161lygina odos ton\u0105 ir skatina nat\u016bral\u0173 l\u0105steli\u0173 atsinaujinim\u0105.<\/p>\n<p data-start=\"2772\" data-end=\"2845\">Reguliariai naudojant oda tampa \u0161varesn\u0117, ramesn\u0117 ir vizualiai tolygesn\u0117.<\/p>\n<p data-start=\"2847\" data-end=\"2864\"><strong data-start=\"2847\" data-end=\"2864\">T\u016bris: 200 ml<\/strong><\/p>\n","protected":false},"excerpt":{"rendered":"<p data-start=\"3038\" data-end=\"3450\"><span style=\"color: #ff0000;\"><strong>NB!<\/strong> \u0160iame produkte yra didel\u0117 aktyvi\u0173j\u0173 ingredient\u0173 koncentracija. Prie\u0161 naudojim\u0105 rekomenduojame pasikonsultuoti su m\u016bs\u0173 specialistu. Laukiame j\u016bs\u0173 skambu\u010di\u0173 telefonu +372 58500171 nuo pirmadienio iki penktadienio 10:00\u201319:00, taip pat \u0161e\u0161tadieniais ir sekmadieniais 11:00\u201315:00. Taip pat galite palikti savo telefono numer\u012f el. pa\u0161tu <a class=\"decorated-link cursor-pointer\" style=\"color: #ff0000;\" href=\"mailto:info@skinstudio.ee\" rel=\"noopener\" data-start=\"3374\" data-end=\"3392\">info@skinstudio.ee<\/a>, ir m\u016bs\u0173 specialistas susisieks su jumis per 24 valandas.<\/span><\/p>\n<p data-start=\"3452\" data-end=\"3469\">Valomoji emulsija<\/p>\n<h2 data-start=\"3471\" data-end=\"3752\"><strong data-start=\"3471\" data-end=\"3529\">ULTRACEUTICALS &#8211; Ultra Hydrating Milk Cleanser Savyb\u0117s<\/strong><\/h2>\n<p data-start=\"3471\" data-end=\"3752\">\u2714\ufe0f Ramina od\u0105 ir suteikia maitinim\u0105<br data-start=\"3567\" data-end=\"3570\" \/>\u2714\ufe0f Pa\u0161alina net \u012fsisen\u0117jusius ne\u0161varumus<br data-start=\"3610\" data-end=\"3613\" \/>\u2714\ufe0f Ma\u017eina pavir\u0161inius u\u017edegiminius po\u017eymius<br data-start=\"3656\" data-end=\"3659\" \/>\u2714\ufe0f I\u0161lygina odos ton\u0105 ir pagerina jo tolygum\u0105<br data-start=\"3704\" data-end=\"3707\" \/>\u2714\ufe0f Saugo od\u0105 nuo laisv\u0173j\u0173 radikal\u0173 poveikio<\/p>\n","protected":false},"featured_media":65996,"template":"","meta":[],"pwb-brand":[786],"product_brand":[],"product_cat":[746,740,718],"product_tag":[],"giftcard-category":[],"class_list":{"0":"post-61148","1":"product","2":"type-product","3":"status-publish","4":"has-post-thumbnail","6":"pwb-brand-ultraceuticals","7":"product_cat-jautriai-odai","8":"product_cat-sausai-odai","9":"product_cat-valymas","11":"first","12":"instock","13":"taxable","14":"shipping-taxable","15":"purchasable","16":"product-type-simple"},"acf":[],"brands":[{"id":786,"name":"Ultraceuticals","slug":"ultraceuticals"}],"_links":{"self":[{"href":"https:\/\/skinstudio.ee\/lt\/wp-json\/wp\/v2\/product\/61148","targetHints":{"allow":["GET"]}}],"collection":[{"href":"https:\/\/skinstudio.ee\/lt\/wp-json\/wp\/v2\/product"}],"about":[{"href":"https:\/\/skinstudio.ee\/lt\/wp-json\/wp\/v2\/types\/product"}],"version-history":[{"count":0,"href":"https:\/\/skinstudio.ee\/lt\/wp-json\/wp\/v2\/product\/61148\/revisions"}],"wp:featuredmedia":[{"embeddable":true,"href":"https:\/\/skinstudio.ee\/lt\/wp-json\/wp\/v2\/media\/65996"}],"wp:attachment":[{"href":"https:\/\/skinstudio.ee\/lt\/wp-json\/wp\/v2\/media?parent=61148"}],"wp:term":[{"taxonomy":"pwb-brand","embeddable":true,"href":"https:\/\/skinstudio.ee\/lt\/wp-json\/wp\/v2\/pwb-brand?post=61148"},{"taxonomy":"product_brand","embeddable":true,"href":"https:\/\/skinstudio.ee\/lt\/wp-json\/wp\/v2\/product_brand?post=61148"},{"taxonomy":"product_cat","embeddable":true,"href":"https:\/\/skinstudio.ee\/lt\/wp-json\/wp\/v2\/product_cat?post=61148"},{"taxonomy":"product_tag","embeddable":true,"href":"https:\/\/skinstudio.ee\/lt\/wp-json\/wp\/v2\/product_tag?post=61148"},{"taxonomy":"giftcard-category","embeddable":true,"href":"https:\/\/skinstudio.ee\/lt\/wp-json\/wp\/v2\/giftcard-category?post=61148"}],"curies":[{"name":"wp","href":"https:\/\/api.w.org\/{rel}","templated":true}]}}