{"id":61157,"date":"2024-07-16T10:30:42","date_gmt":"2024-07-16T10:30:42","guid":{"rendered":"https:\/\/skinstudio.ee\/?post_type=product&#038;p=61157"},"modified":"2026-01-22T15:04:12","modified_gmt":"2026-01-22T15:04:12","slug":"ultra-brightening-foaming-cleanser","status":"publish","type":"product","link":"https:\/\/skinstudio.ee\/lt\/catalog\/ultraceuticals\/ultra-brightening-foaming-cleanser\/","title":{"rendered":"Ultra Brightening Foaming Cleanser"},"content":{"rendered":"<p data-start=\"2257\" data-end=\"2526\">Ultra Brightening Foaming Cleanser \u2013 \u0161velnios tekst\u016bros putojantis prausiklis, kuris \u0161velniai pa\u0161alina makia\u017e\u0105, ne\u0161varumus ir susikaupusius liku\u010dius, palikdamas od\u0105 \u0161viesesn\u0119, gaivesn\u0119 ir labiau \u0161vytin\u010di\u0105. Lengva put\u0173 formul\u0117 atgaivina od\u0105 ir padeda i\u0161lyginti jos ton\u0105.<\/p>\n<p data-start=\"2528\" data-end=\"2818\">Sud\u0117tyje derinamos dr\u0117kinan\u010dios, raminan\u010dios ir skaistinamosios med\u017eiagos, palaikan\u010dios odos dr\u0117gm\u0117s balans\u0105 ir gerinan\u010dios jos tekst\u016br\u0105. Agurk\u0173 ekstraktas suteikia v\u0117sinant\u012f poj\u016bt\u012f, tod\u0117l priemon\u0117 tinka net labai jautriai odai. Prausiklis nei\u0161sausina odos ir padeda ma\u017einti postakne \u017eymes.<\/p>\n<p data-start=\"2820\" data-end=\"3077\"><strong data-start=\"2820\" data-end=\"2844\">Aktyv\u016bs ingredientai<\/strong><br data-start=\"2844\" data-end=\"2847\" \/>B3 vitaminas ir Provitaminas B5 dr\u0117kina od\u0105 ir padeda i\u0161lyginti ton\u0105.<br data-start=\"2916\" data-end=\"2919\" \/>Skaistinamosios med\u017eiagos padeda ma\u017einti pigmentacij\u0105 ir greitina postakne \u017eymi\u0173 nykim\u0105.<br data-start=\"3007\" data-end=\"3010\" \/>Agurk\u0173 ekstraktas mink\u0161tina od\u0105 ir suteikia komfort\u0105 valymo metu.<\/p>\n<p data-start=\"3079\" data-end=\"3150\">Reguliariai naudojant oda tampa \u0161varesn\u0117, glotnesn\u0117 ir labiau \u0161vytinti.<\/p>\n<p data-start=\"3152\" data-end=\"3169\"><strong data-start=\"3152\" data-end=\"3169\">T\u016bris: 150 ml<\/strong><\/p>\n","protected":false},"excerpt":{"rendered":"<p data-start=\"3395\" data-end=\"3811\"><span style=\"color: #ff0000;\"><strong data-start=\"3395\" data-end=\"3402\">NB!<\/strong> \u0160iame produkte yra didel\u0117 aktyvi\u0173j\u0173 ingredient\u0173 koncentracija. Prie\u0161 naudojim\u0105 rekomenduojame pasikonsultuoti su m\u016bs\u0173 specialistu. Laukiame j\u016bs\u0173 skambu\u010di\u0173 telefonu +372 58500171 nuo pirmadienio iki penktadienio 10:00\u201319:00, taip pat \u0161e\u0161tadieniais ir sekmadieniais 11:00\u201315:00. Taip pat galite palikti savo telefono numer\u012f el. pa\u0161tu <a class=\"decorated-link cursor-pointer\" style=\"color: #ff0000;\" href=\"mailto:info@skinstudio.ee\" rel=\"noopener\" data-start=\"3735\" data-end=\"3753\">info@skinstudio.ee<\/a>, ir m\u016bs\u0173 specialistas susisieks su jumis per 24 valandas.<\/span><\/p>\n<p data-start=\"3813\" data-end=\"3831\">Balinamosios putos<\/p>\n<h2 data-start=\"3833\" data-end=\"4110\"><strong data-start=\"3833\" data-end=\"3896\">ULTRACEUTICALS &#8211; Ultra Brightening Foaming Cleanser Savyb\u0117s<\/strong><\/h2>\n<p data-start=\"3833\" data-end=\"4110\">\u2714\ufe0f Pa\u0161alina ne\u0161varumus ir makia\u017e\u0105<br data-start=\"3932\" data-end=\"3935\" \/>\u2714\ufe0f Suma\u017eina poras ir padeda reguliuoti riebal\u0173 i\u0161siskyrim\u0105<br data-start=\"3993\" data-end=\"3996\" \/>\u2714\ufe0f Suteikia odai gaivos poj\u016bt\u012f<br data-start=\"4026\" data-end=\"4029\" \/>\u2714\ufe0f I\u0161lygina odos ton\u0105 ir suteikia \u0161vyt\u0117jimo<br data-start=\"4072\" data-end=\"4075\" \/>\u2714\ufe0f Ma\u017eina postakne \u017eymi\u0173 matomum\u0105<\/p>\n","protected":false},"featured_media":66006,"template":"","meta":[],"pwb-brand":[786],"product_brand":[],"product_cat":[746,752,748,740,718],"product_tag":[],"giftcard-category":[],"class_list":{"0":"post-61157","1":"product","2":"type-product","3":"status-publish","4":"has-post-thumbnail","6":"pwb-brand-ultraceuticals","7":"product_cat-jautri-oda","8":"product_cat-pigmentacija","9":"product_cat-riebi-oda","10":"product_cat-sausa-oda","11":"product_cat-valymas","13":"first","14":"instock","15":"sale","16":"taxable","17":"shipping-taxable","18":"purchasable","19":"product-type-simple"},"acf":[],"brands":[{"id":786,"name":"Ultraceuticals","slug":"ultraceuticals"}],"_links":{"self":[{"href":"https:\/\/skinstudio.ee\/lt\/wp-json\/wp\/v2\/product\/61157","targetHints":{"allow":["GET"]}}],"collection":[{"href":"https:\/\/skinstudio.ee\/lt\/wp-json\/wp\/v2\/product"}],"about":[{"href":"https:\/\/skinstudio.ee\/lt\/wp-json\/wp\/v2\/types\/product"}],"version-history":[{"count":0,"href":"https:\/\/skinstudio.ee\/lt\/wp-json\/wp\/v2\/product\/61157\/revisions"}],"wp:featuredmedia":[{"embeddable":true,"href":"https:\/\/skinstudio.ee\/lt\/wp-json\/wp\/v2\/media\/66006"}],"wp:attachment":[{"href":"https:\/\/skinstudio.ee\/lt\/wp-json\/wp\/v2\/media?parent=61157"}],"wp:term":[{"taxonomy":"pwb-brand","embeddable":true,"href":"https:\/\/skinstudio.ee\/lt\/wp-json\/wp\/v2\/pwb-brand?post=61157"},{"taxonomy":"product_brand","embeddable":true,"href":"https:\/\/skinstudio.ee\/lt\/wp-json\/wp\/v2\/product_brand?post=61157"},{"taxonomy":"product_cat","embeddable":true,"href":"https:\/\/skinstudio.ee\/lt\/wp-json\/wp\/v2\/product_cat?post=61157"},{"taxonomy":"product_tag","embeddable":true,"href":"https:\/\/skinstudio.ee\/lt\/wp-json\/wp\/v2\/product_tag?post=61157"},{"taxonomy":"giftcard-category","embeddable":true,"href":"https:\/\/skinstudio.ee\/lt\/wp-json\/wp\/v2\/giftcard-category?post=61157"}],"curies":[{"name":"wp","href":"https:\/\/api.w.org\/{rel}","templated":true}]}}