{"id":61166,"date":"2024-07-16T10:33:52","date_gmt":"2024-07-16T10:33:52","guid":{"rendered":"https:\/\/skinstudio.ee\/?post_type=product&#038;p=61166"},"modified":"2026-01-22T15:04:13","modified_gmt":"2026-01-22T15:04:13","slug":"ultra-gentle-exfoliating-gel","status":"publish","type":"product","link":"https:\/\/skinstudio.ee\/lt\/catalog\/ultraceuticals\/ultra-gentle-exfoliating-gel\/","title":{"rendered":"Ultra Gentle Exfoliating Gel"},"content":{"rendered":"<p data-start=\"2179\" data-end=\"2518\">Ultra Gentle Exfoliating Gel \u2013 \u0161velniai veikiantis, dvigubo poveikio \u0161vei\u010diamasis gelis, sujungiantis jojobos esterius su AHA (pieno r\u016bg\u0161timi) ir BHA (salicilo r\u016bg\u0161timi), kad oda b\u016bt\u0173 atnaujinta be i\u0161saus\u0117jimo. Jis padeda suma\u017einti paburkim\u0105, pa\u0161alinti pavir\u0161inius ne\u0161varumus ir pagerinti odos tekst\u016br\u0105, i\u0161laikant nat\u016bral\u0173 dr\u0117gm\u0117s balans\u0105.<\/p>\n<p data-start=\"2520\" data-end=\"2755\">Formul\u0117 derina valym\u0105 ir prie\u017ei\u016br\u0105: raminan\u010dios med\u017eiagos ma\u017eina sudirgim\u0105, o \u0161velnios pavir\u0161inio aktyvumo med\u017eiagos efektyviai valo poras. Augaliniai aliejai maitina ir mink\u0161tina od\u0105, o glicerinas palaiko dr\u0117gm\u0119 ilgalaikiam komfortui.<\/p>\n<p data-start=\"2757\" data-end=\"3012\"><strong data-start=\"2757\" data-end=\"2781\">Aktyv\u016bs ingredientai<\/strong><br data-start=\"2781\" data-end=\"2784\" \/>Pieno r\u016bg\u0161tis ir salicilo r\u016bg\u0161tis skatina l\u0105steli\u0173 atsinaujinim\u0105, ma\u017eina por\u0173 matomum\u0105 ir padeda sausinti u\u017edegimus.<br data-start=\"2900\" data-end=\"2903\" \/>Augaliniai aliejai maitina ir mink\u0161tina od\u0105.<br data-start=\"2947\" data-end=\"2950\" \/>Glicerinas padeda i\u0161laikyti dr\u0117gm\u0119 ir saugo nuo i\u0161saus\u0117jimo.<\/p>\n<p data-start=\"3014\" data-end=\"3080\">Reguliariai naudojant oda tampa lygesn\u0117, \u0161velnesn\u0117 ir i\u0161puosel\u0117ta.<\/p>\n<p data-start=\"3082\" data-end=\"3099\"><strong data-start=\"3082\" data-end=\"3099\">T\u016bris: 200 ml<\/strong><\/p>\n","protected":false},"excerpt":{"rendered":"<p data-start=\"3330\" data-end=\"3746\"><span style=\"color: #ff0000;\"><strong data-start=\"3330\" data-end=\"3337\">NB!<\/strong> \u0160iame produkte yra didel\u0117 aktyvi\u0173j\u0173 ingredient\u0173 koncentracija. Prie\u0161 naudojim\u0105 rekomenduojame pasikonsultuoti su m\u016bs\u0173 specialistu. Laukiame j\u016bs\u0173 skambu\u010di\u0173 telefonu +372 58500171 nuo pirmadienio iki penktadienio 10:00\u201319:00, taip pat \u0161e\u0161tadieniais ir sekmadieniais 11:00\u201315:00. Taip pat galite palikti savo telefono numer\u012f el. pa\u0161tu <a class=\"decorated-link cursor-pointer\" style=\"color: #ff0000;\" href=\"mailto:info@skinstudio.ee\" rel=\"noopener\" data-start=\"3670\" data-end=\"3688\">info@skinstudio.ee<\/a>, ir m\u016bs\u0173 specialistas susisieks su jumis per 24 valandas.<\/span><\/p>\n<p data-start=\"3748\" data-end=\"3778\">\u0160velnus eksfolijuojantis gelis<\/p>\n<h2 data-start=\"3780\" data-end=\"4017\"><strong data-start=\"3780\" data-end=\"3837\">ULTRACEUTICALS &#8211; Ultra Gentle Exfoliating Gel Savyb\u0117s<\/strong><\/h2>\n<p data-start=\"3780\" data-end=\"4017\">\u2714\ufe0f Skatina greit\u0105 l\u0105steli\u0173 atsinaujinim\u0105<br data-start=\"3880\" data-end=\"3883\" \/>\u2714\ufe0f Darso od\u0105 \u0161velni\u0105 ir pri\u017ei\u016br\u0117t\u0105<br data-start=\"3917\" data-end=\"3920\" \/>\u2714\ufe0f Ramina ir ma\u017eina sudirgim\u0105<br data-start=\"3949\" data-end=\"3952\" \/>\u2714\ufe0f Pagreitina odos gijim\u0105<br data-start=\"3977\" data-end=\"3980\" \/>\u2714\ufe0f Gerina tekst\u016br\u0105 ir i\u0161lygina ton\u0105<\/p>\n","protected":false},"featured_media":65991,"template":"","meta":[],"pwb-brand":[786],"product_brand":[],"product_cat":[720],"product_tag":[],"giftcard-category":[],"class_list":{"0":"post-61166","1":"product","2":"type-product","3":"status-publish","4":"has-post-thumbnail","6":"pwb-brand-ultraceuticals","7":"product_cat-sveitikliai-ir-pilingai","9":"first","10":"instock","11":"taxable","12":"shipping-taxable","13":"purchasable","14":"product-type-simple"},"acf":[],"brands":[{"id":786,"name":"Ultraceuticals","slug":"ultraceuticals"}],"_links":{"self":[{"href":"https:\/\/skinstudio.ee\/lt\/wp-json\/wp\/v2\/product\/61166","targetHints":{"allow":["GET"]}}],"collection":[{"href":"https:\/\/skinstudio.ee\/lt\/wp-json\/wp\/v2\/product"}],"about":[{"href":"https:\/\/skinstudio.ee\/lt\/wp-json\/wp\/v2\/types\/product"}],"version-history":[{"count":0,"href":"https:\/\/skinstudio.ee\/lt\/wp-json\/wp\/v2\/product\/61166\/revisions"}],"wp:featuredmedia":[{"embeddable":true,"href":"https:\/\/skinstudio.ee\/lt\/wp-json\/wp\/v2\/media\/65991"}],"wp:attachment":[{"href":"https:\/\/skinstudio.ee\/lt\/wp-json\/wp\/v2\/media?parent=61166"}],"wp:term":[{"taxonomy":"pwb-brand","embeddable":true,"href":"https:\/\/skinstudio.ee\/lt\/wp-json\/wp\/v2\/pwb-brand?post=61166"},{"taxonomy":"product_brand","embeddable":true,"href":"https:\/\/skinstudio.ee\/lt\/wp-json\/wp\/v2\/product_brand?post=61166"},{"taxonomy":"product_cat","embeddable":true,"href":"https:\/\/skinstudio.ee\/lt\/wp-json\/wp\/v2\/product_cat?post=61166"},{"taxonomy":"product_tag","embeddable":true,"href":"https:\/\/skinstudio.ee\/lt\/wp-json\/wp\/v2\/product_tag?post=61166"},{"taxonomy":"giftcard-category","embeddable":true,"href":"https:\/\/skinstudio.ee\/lt\/wp-json\/wp\/v2\/giftcard-category?post=61166"}],"curies":[{"name":"wp","href":"https:\/\/api.w.org\/{rel}","templated":true}]}}