{"id":61175,"date":"2024-07-16T10:38:53","date_gmt":"2024-07-16T10:38:53","guid":{"rendered":"https:\/\/skinstudio.ee\/?post_type=product&#038;p=61175"},"modified":"2026-01-22T15:04:13","modified_gmt":"2026-01-22T15:04:13","slug":"ultra-granule-c-microfoliant","status":"publish","type":"product","link":"https:\/\/skinstudio.ee\/lt\/catalog\/ultraceuticals\/ultra-granule-c-microfoliant\/","title":{"rendered":"Ultra Granule-C Microfoliant"},"content":{"rendered":"<p data-start=\"2549\" data-end=\"2945\">Ultra Granule-C Microfoliant \u2013 lengvos tekst\u016bros \u0161vei\u010diamasis kremas, jungiantis kapsuliuot\u0105 vitamino C form\u0105, fermentus ir \u0161velnias celiulioz\u0117s mikrodaleles, suteikian\u010dias tiek chemin\u012f, tiek mechanin\u012f eksfoliacin\u012f poveik\u012f. Vitaminas C ir bromelainas padeda skaistinti od\u0105, skatina epidermio atsinaujinim\u0105 ir gerina odos ton\u0105, o mikrodalel\u0117s \u0161velniai pa\u0161alina ne\u0161varumus ir surag\u0117jusias l\u0105steles.<\/p>\n<p data-start=\"2947\" data-end=\"3187\">Dvigubas veikimo principas suteikia efekt\u0105, pana\u0161\u0173 \u012f \u0161velni\u0105 mikroabrazij\u0105 nam\u0173 s\u0105lygomis, tod\u0117l oda tampa lygesn\u0117, gaivesn\u0117 ir \u0161vytinti. Formul\u0117 padeda ma\u017einti hiperpigmentacij\u0105, gerina odos kokyb\u0119 ir palaiko jos stangrum\u0105 bei elastingum\u0105.<\/p>\n<p data-start=\"3189\" data-end=\"3551\"><strong data-start=\"3189\" data-end=\"3213\">Aktyv\u016bs ingredientai<\/strong><br data-start=\"3213\" data-end=\"3216\" \/>Jojobos aliejus maitina ir mink\u0161tina od\u0105.<br data-start=\"3257\" data-end=\"3260\" \/>Askorbo r\u016bg\u0161tis (vitaminas C) skaistina ir suteikia stipri\u0105 antioksidacin\u0119 apsaug\u0105.<br data-start=\"3343\" data-end=\"3346\" \/>Bromelainas skatina epidermio atsinaujinim\u0105.<br data-start=\"3390\" data-end=\"3393\" \/>Alfa-tokoferolis (vitaminas E) saugo nuo aplinkos poveikio.<br data-start=\"3452\" data-end=\"3455\" \/>Bisabololis ramina ir ma\u017eina jautrum\u0105.<br data-start=\"3493\" data-end=\"3496\" \/>Aminor\u016bg\u0161tys palaiko odos stangrum\u0105 ir atsinaujinim\u0105.<\/p>\n<p data-start=\"3553\" data-end=\"3626\">Reguliariai naudojant oda tampa tolygesn\u0117, glotnesn\u0117 ir ry\u0161kiai \u0161vytinti.<\/p>\n<p data-start=\"3628\" data-end=\"3644\"><strong data-start=\"3628\" data-end=\"3644\">T\u016bris: 75 ml<\/strong><\/p>\n","protected":false},"excerpt":{"rendered":"<p data-start=\"3994\" data-end=\"4410\"><span style=\"color: #ff0000;\"><strong data-start=\"3994\" data-end=\"4001\">NB!<\/strong> \u0160iame produkte yra didel\u0117 aktyvi\u0173j\u0173 ingredient\u0173 koncentracija. Prie\u0161 naudojim\u0105 rekomenduojame pasikonsultuoti su m\u016bs\u0173 specialistu. Laukiame j\u016bs\u0173 skambu\u010di\u0173 telefonu +372 58500171 nuo pirmadienio iki penktadienio 10:00\u201319:00, taip pat \u0161e\u0161tadieniais ir sekmadieniais 11:00\u201315:00. Taip pat galite palikti savo telefono numer\u012f el. pa\u0161tu <a class=\"decorated-link cursor-pointer\" style=\"color: #ff0000;\" href=\"mailto:info@skinstudio.ee\" rel=\"noopener\" data-start=\"4334\" data-end=\"4352\">info@skinstudio.ee<\/a>, ir m\u016bs\u0173 specialistas susisieks su jumis per 24 valandas.<\/span><\/p>\n<p data-start=\"4412\" data-end=\"4438\">Eksfoliantas su vitaminu C<\/p>\n<h2 data-start=\"4440\" data-end=\"4762\"><strong data-start=\"4440\" data-end=\"4497\">ULTRACEUTICALS &#8211; Ultra Granule-C Microfoliant Savyb\u0117s<\/strong><\/h2>\n<p data-start=\"4440\" data-end=\"4762\">\u2714\ufe0f Padeda ma\u017einti ir u\u017ekirsti keli\u0105 hiperpigmentacijai<br data-start=\"4554\" data-end=\"4557\" \/>\u2714\ufe0f I\u0161lygina odos ton\u0105 ir suteikia \u0161vyt\u0117jimo<br data-start=\"4600\" data-end=\"4603\" \/>\u2714\ufe0f Suteikia dvigub\u0105 eksfoliacin\u012f efekt\u0105 lygesnei tekst\u016brai<br data-start=\"4661\" data-end=\"4664\" \/>\u2714\ufe0f Skatina l\u0105steli\u0173 atsinaujinim\u0105 ir gerina odos kokyb\u0119<br data-start=\"4719\" data-end=\"4722\" \/>\u2714\ufe0f Gerina odos elastingum\u0105 ir \u0161velnum\u0105<\/p>\n","protected":false},"featured_media":65986,"template":"","meta":[],"pwb-brand":[786],"product_brand":[],"product_cat":[752,720,730],"product_tag":[],"giftcard-category":[],"class_list":{"0":"post-61175","1":"product","2":"type-product","3":"status-publish","4":"has-post-thumbnail","6":"pwb-brand-ultraceuticals","7":"product_cat-pigmentacija-lt","8":"product_cat-sveitikliai-ir-pilingai","9":"product_cat-vitaminas-c","11":"first","12":"outofstock","13":"taxable","14":"shipping-taxable","15":"purchasable","16":"product-type-simple"},"acf":[],"brands":[{"id":786,"name":"Ultraceuticals","slug":"ultraceuticals"}],"_links":{"self":[{"href":"https:\/\/skinstudio.ee\/lt\/wp-json\/wp\/v2\/product\/61175","targetHints":{"allow":["GET"]}}],"collection":[{"href":"https:\/\/skinstudio.ee\/lt\/wp-json\/wp\/v2\/product"}],"about":[{"href":"https:\/\/skinstudio.ee\/lt\/wp-json\/wp\/v2\/types\/product"}],"version-history":[{"count":0,"href":"https:\/\/skinstudio.ee\/lt\/wp-json\/wp\/v2\/product\/61175\/revisions"}],"wp:featuredmedia":[{"embeddable":true,"href":"https:\/\/skinstudio.ee\/lt\/wp-json\/wp\/v2\/media\/65986"}],"wp:attachment":[{"href":"https:\/\/skinstudio.ee\/lt\/wp-json\/wp\/v2\/media?parent=61175"}],"wp:term":[{"taxonomy":"pwb-brand","embeddable":true,"href":"https:\/\/skinstudio.ee\/lt\/wp-json\/wp\/v2\/pwb-brand?post=61175"},{"taxonomy":"product_brand","embeddable":true,"href":"https:\/\/skinstudio.ee\/lt\/wp-json\/wp\/v2\/product_brand?post=61175"},{"taxonomy":"product_cat","embeddable":true,"href":"https:\/\/skinstudio.ee\/lt\/wp-json\/wp\/v2\/product_cat?post=61175"},{"taxonomy":"product_tag","embeddable":true,"href":"https:\/\/skinstudio.ee\/lt\/wp-json\/wp\/v2\/product_tag?post=61175"},{"taxonomy":"giftcard-category","embeddable":true,"href":"https:\/\/skinstudio.ee\/lt\/wp-json\/wp\/v2\/giftcard-category?post=61175"}],"curies":[{"name":"wp","href":"https:\/\/api.w.org\/{rel}","templated":true}]}}