{"id":61184,"date":"2024-07-16T12:28:12","date_gmt":"2024-07-16T12:28:12","guid":{"rendered":"https:\/\/skinstudio.ee\/?post_type=product&#038;p=61184"},"modified":"2026-01-22T15:04:11","modified_gmt":"2026-01-22T15:04:11","slug":"ultra-b%c2%b2-hydrating-serum","status":"publish","type":"product","link":"https:\/\/skinstudio.ee\/lt\/catalog\/ultraceuticals\/ultra-b%c2%b2-hydrating-serum\/","title":{"rendered":"Ultra B\u00b2 Hydrating Serum"},"content":{"rendered":"<p data-start=\"2212\" data-end=\"2466\">Ultra B\u00b2 Hydrating Serum \u2013 unikalus serumas, atkuriantis odos vidin\u0119 pusiausvyr\u0105 l\u0105steli\u0173 lygyje ir padedantis kovoti su ankstyvais sen\u0117jimo po\u017eymiais. Jis suteikia ilgalaik\u0119 dr\u0117gm\u0119, stiprina odos apsaugin\u012f barjer\u0105 ir gerina jos elastingum\u0105 bei glotnum\u0105.<\/p>\n<p data-start=\"2468\" data-end=\"2657\">Lengva gelin\u0117 tekst\u016bra akimirksniu suteikia odai putlumo ir spindesio efekt\u0105, \u0161velnina smulkias rauk\u0161leles ir gerina odos i\u0161vaizd\u0105. Serumas tinka visiems odos tipams, \u012fskaitant jautri\u0105 od\u0105.<\/p>\n<p data-start=\"2659\" data-end=\"2867\"><strong data-start=\"2659\" data-end=\"2683\">Aktyv\u016bs ingredientai<\/strong><br data-start=\"2683\" data-end=\"2686\" \/>B grup\u0117s vitaminai ramina od\u0105 ir ma\u017eina paraudim\u0105.<br data-start=\"2736\" data-end=\"2739\" \/>Hialurono r\u016bg\u0161tis ir augal\u0173 ekstraktai suteikia gil\u0173 dr\u0117kinim\u0105.<br data-start=\"2802\" data-end=\"2805\" \/>Trealioz\u0117 palaiko l\u0105steli\u0173 atsistatym\u0105 ir odos regeneracij\u0105.<\/p>\n<p data-start=\"2869\" data-end=\"2959\">Reguliariai naudojant oda tampa labiau apsaugota, tolygesn\u0117 ir ma\u017eiau linkusi \u012f sudirgim\u0105.<\/p>\n<p data-start=\"2961\" data-end=\"2977\"><strong data-start=\"2961\" data-end=\"2977\">T\u016bris: 30 ml<\/strong><\/p>\n","protected":false},"excerpt":{"rendered":"<p data-start=\"3499\" data-end=\"3915\"><span style=\"color: #ff0000;\"><strong data-start=\"3499\" data-end=\"3506\">NB!<\/strong> \u0160iame produkte yra didel\u0117 aktyvi\u0173j\u0173 ingredient\u0173 koncentracija. Prie\u0161 naudojim\u0105 rekomenduojame pasikonsultuoti su m\u016bs\u0173 specialistu. Laukiame j\u016bs\u0173 skambu\u010di\u0173 telefonu +372 58500171 nuo pirmadienio iki penktadienio 10:00\u201319:00, taip pat \u0161e\u0161tadieniais ir sekmadieniais 11:00\u201315:00. Taip pat galite palikti savo telefono numer\u012f el. pa\u0161tu <a class=\"decorated-link cursor-pointer\" style=\"color: #ff0000;\" href=\"mailto:info@skinstudio.ee\" rel=\"noopener\" data-start=\"3839\" data-end=\"3857\">info@skinstudio.ee<\/a>, ir m\u016bs\u0173 specialistas susisieks su jumis per 24 valandas.<\/span><\/p>\n<p data-start=\"3917\" data-end=\"3942\">B grup\u0117s vitamin\u0173 serumas<\/p>\n<h2 data-start=\"3944\" data-end=\"4171\"><strong data-start=\"3944\" data-end=\"3997\">ULTRACEUTICALS &#8211; Ultra B\u00b2 Hydrating Serum Savyb\u0117s<\/strong><\/h2>\n<p data-start=\"3944\" data-end=\"4171\">\u2714\ufe0f Giliai dr\u0117kina ir maitina od\u0105<br data-start=\"4032\" data-end=\"4035\" \/>\u2714\ufe0f Ma\u017eina sen\u0117jimo po\u017eymius<br data-start=\"4062\" data-end=\"4065\" \/>\u2714\ufe0f Saugo nuo aplinkos poveikio<br data-start=\"4095\" data-end=\"4098\" \/>\u2714\ufe0f Stiprina odos apsaugin\u012f barjer\u0105<br data-start=\"4132\" data-end=\"4135\" \/>\u2714\ufe0f Ma\u017eina paraudim\u0105 ir \u0161erpetojim\u0105<\/p>\n","protected":false},"featured_media":65981,"template":"","meta":[],"pwb-brand":[786],"product_brand":[],"product_cat":[738,750,724],"product_tag":[],"giftcard-category":[],"class_list":{"0":"post-61184","1":"product","2":"type-product","3":"status-publish","4":"has-post-thumbnail","6":"pwb-brand-ultraceuticals","7":"product_cat-drekinimas","8":"product_cat-senstanti-oda","9":"product_cat-serumai","11":"first","12":"instock","13":"taxable","14":"shipping-taxable","15":"purchasable","16":"product-type-simple"},"acf":[],"brands":[{"id":786,"name":"Ultraceuticals","slug":"ultraceuticals"}],"_links":{"self":[{"href":"https:\/\/skinstudio.ee\/lt\/wp-json\/wp\/v2\/product\/61184","targetHints":{"allow":["GET"]}}],"collection":[{"href":"https:\/\/skinstudio.ee\/lt\/wp-json\/wp\/v2\/product"}],"about":[{"href":"https:\/\/skinstudio.ee\/lt\/wp-json\/wp\/v2\/types\/product"}],"version-history":[{"count":0,"href":"https:\/\/skinstudio.ee\/lt\/wp-json\/wp\/v2\/product\/61184\/revisions"}],"wp:featuredmedia":[{"embeddable":true,"href":"https:\/\/skinstudio.ee\/lt\/wp-json\/wp\/v2\/media\/65981"}],"wp:attachment":[{"href":"https:\/\/skinstudio.ee\/lt\/wp-json\/wp\/v2\/media?parent=61184"}],"wp:term":[{"taxonomy":"pwb-brand","embeddable":true,"href":"https:\/\/skinstudio.ee\/lt\/wp-json\/wp\/v2\/pwb-brand?post=61184"},{"taxonomy":"product_brand","embeddable":true,"href":"https:\/\/skinstudio.ee\/lt\/wp-json\/wp\/v2\/product_brand?post=61184"},{"taxonomy":"product_cat","embeddable":true,"href":"https:\/\/skinstudio.ee\/lt\/wp-json\/wp\/v2\/product_cat?post=61184"},{"taxonomy":"product_tag","embeddable":true,"href":"https:\/\/skinstudio.ee\/lt\/wp-json\/wp\/v2\/product_tag?post=61184"},{"taxonomy":"giftcard-category","embeddable":true,"href":"https:\/\/skinstudio.ee\/lt\/wp-json\/wp\/v2\/giftcard-category?post=61184"}],"curies":[{"name":"wp","href":"https:\/\/api.w.org\/{rel}","templated":true}]}}