{"id":61195,"date":"2024-07-16T12:29:53","date_gmt":"2024-07-16T12:29:53","guid":{"rendered":"https:\/\/skinstudio.ee\/?post_type=product&#038;p=61195"},"modified":"2026-01-22T15:04:13","modified_gmt":"2026-01-22T15:04:13","slug":"ultra-replenishing-mask","status":"publish","type":"product","link":"https:\/\/skinstudio.ee\/lt\/catalog\/ultraceuticals\/ultra-replenishing-mask\/","title":{"rendered":"Ultra Replenishing Mask"},"content":{"rendered":"<p data-start=\"2495\" data-end=\"2748\">Ultra Replenishing Mask \u2013 sodrios, ta\u010diau neriebios tekst\u016bros \u201eskubios pagalbos\u201c kauk\u0117 pavargusiai, sausai ir dehidratuotai odai. Ji padeda suma\u017einti tempimo poj\u016bt\u012f, atkuria odos komfort\u0105, glotnum\u0105 ir suteikia intensyvi\u0105 dr\u0117gm\u0119 jau po pirmojo naudojimo.<\/p>\n<p data-start=\"2750\" data-end=\"3027\">Kauk\u0117 puikiai tinka stres\u0105 patirian\u010diai odai &#8211; po ilg\u0173 skryd\u017ei\u0173, saul\u0117s poveikio, v\u0117jo ar kaip profilaktinis savaitinis ritualas didmies\u010di\u0173 gyventojams. Formul\u0117 giliai dr\u0117kina, ramina, ma\u017eina paraudim\u0105 ir sudirgim\u0105, glotnina od\u0105 ir padeda suma\u017einti smulki\u0173 rauk\u0161leli\u0173 matomum\u0105.<\/p>\n<p data-start=\"3029\" data-end=\"3055\"><strong data-start=\"3029\" data-end=\"3053\">Aktyv\u016bs ingredientai<\/strong><\/p>\n<ul data-start=\"3056\" data-end=\"3341\">\n<li data-start=\"3056\" data-end=\"3113\">\n<p data-start=\"3058\" data-end=\"3113\">Hialurono r\u016bg\u0161tis suteikia gili\u0105 ir ilgalaik\u0119 dr\u0117gm\u0119.<\/p>\n<\/li>\n<li data-start=\"3114\" data-end=\"3180\">\n<p data-start=\"3116\" data-end=\"3180\">\u0160eivamed\u017eio sviestas maitina od\u0105 ir stiprina lipidin\u012f barjer\u0105.<\/p>\n<\/li>\n<li data-start=\"3181\" data-end=\"3231\">\n<p data-start=\"3183\" data-end=\"3231\">Pantenolis ramina ir skatina odos atsistatym\u0105.<\/p>\n<\/li>\n<li data-start=\"3232\" data-end=\"3285\">\n<p data-start=\"3234\" data-end=\"3285\">Vitaminas E saugo nuo laisv\u0173j\u0173 radikal\u0173 poveikio.<\/p>\n<\/li>\n<li data-start=\"3286\" data-end=\"3341\">\n<p data-start=\"3288\" data-end=\"3341\">Agurk\u0173 ekstraktas atgaivina, ramina ir dr\u0117kina od\u0105.<\/p>\n<\/li>\n<\/ul>\n<p data-start=\"3343\" data-end=\"3523\">Reguliariai naudojant oda tampa lygesn\u0117, gaivesn\u0117 ir nat\u016braliai \u0161vytinti.<br data-start=\"3416\" data-end=\"3419\" \/>Sud\u0117tyje n\u0117ra agresyvi\u0173 chemini\u0173 med\u017eiag\u0173, propilenglikolio, paraben\u0173, sintetini\u0173 da\u017eikli\u0173 ir kvapikli\u0173.<\/p>\n<p data-start=\"3525\" data-end=\"3541\"><strong data-start=\"3525\" data-end=\"3541\">T\u016bris: 75 ml<\/strong><\/p>\n","protected":false},"excerpt":{"rendered":"<p data-start=\"3830\" data-end=\"4246\"><span style=\"color: #ff0000;\"><strong data-start=\"3830\" data-end=\"3837\">NB!<\/strong> \u0160iame produkte yra didel\u0117 aktyvi\u0173j\u0173 ingredient\u0173 koncentracija. Prie\u0161 naudojim\u0105 rekomenduojame pasikonsultuoti su m\u016bs\u0173 specialistu. Laukiame j\u016bs\u0173 skambu\u010di\u0173 telefonu +372 58500171 nuo pirmadienio iki penktadienio 10:00\u201319:00, taip pat \u0161e\u0161tadieniais ir sekmadieniais 11:00\u201315:00. Taip pat galite palikti savo telefono numer\u012f el. pa\u0161tu <a class=\"decorated-link cursor-pointer\" style=\"color: #ff0000;\" href=\"mailto:info@skinstudio.ee\" rel=\"noopener\" data-start=\"4170\" data-end=\"4188\">info@skinstudio.ee<\/a>, ir m\u016bs\u0173 specialistas susisieks su jumis per 24 valandas.<\/span><\/p>\n<p data-start=\"4248\" data-end=\"4265\">Atkuriamoji kauk\u0117<\/p>\n<h2 data-start=\"4267\" data-end=\"4507\"><strong data-start=\"4267\" data-end=\"4319\">ULTRACEUTICALS &#8211; Ultra Replenishing Mask Savyb\u0117s<\/strong><\/h2>\n<p data-start=\"4267\" data-end=\"4507\">\u2714\ufe0f Atkuria odos apsaugin\u012f barjer\u0105<br data-start=\"4355\" data-end=\"4358\" \/>\u2714\ufe0f Mink\u0161tina, dr\u0117kina ir maitina od\u0105<br data-start=\"4394\" data-end=\"4397\" \/>\u2714\ufe0f Skatina l\u0105steli\u0173 regeneracij\u0105<br data-start=\"4429\" data-end=\"4432\" \/>\u2714\ufe0f Ma\u017eina paraudim\u0105 ir sudirgim\u0105<br data-start=\"4464\" data-end=\"4467\" \/>\u2714\ufe0f Suteikia odai glotnumo ir \u0161vyt\u0117jimo<\/p>\n","protected":false},"featured_media":65976,"template":"","meta":[],"pwb-brand":[786],"product_brand":[],"product_cat":[738,726,740],"product_tag":[],"giftcard-category":[],"class_list":{"0":"post-61195","1":"product","2":"type-product","3":"status-publish","4":"has-post-thumbnail","6":"pwb-brand-ultraceuticals","7":"product_cat-drekinimas","8":"product_cat-maskas-lt","9":"product_cat-sausai-odai","11":"first","12":"instock","13":"taxable","14":"shipping-taxable","15":"purchasable","16":"product-type-simple"},"acf":[],"brands":[{"id":786,"name":"Ultraceuticals","slug":"ultraceuticals"}],"_links":{"self":[{"href":"https:\/\/skinstudio.ee\/lt\/wp-json\/wp\/v2\/product\/61195","targetHints":{"allow":["GET"]}}],"collection":[{"href":"https:\/\/skinstudio.ee\/lt\/wp-json\/wp\/v2\/product"}],"about":[{"href":"https:\/\/skinstudio.ee\/lt\/wp-json\/wp\/v2\/types\/product"}],"version-history":[{"count":0,"href":"https:\/\/skinstudio.ee\/lt\/wp-json\/wp\/v2\/product\/61195\/revisions"}],"wp:featuredmedia":[{"embeddable":true,"href":"https:\/\/skinstudio.ee\/lt\/wp-json\/wp\/v2\/media\/65976"}],"wp:attachment":[{"href":"https:\/\/skinstudio.ee\/lt\/wp-json\/wp\/v2\/media?parent=61195"}],"wp:term":[{"taxonomy":"pwb-brand","embeddable":true,"href":"https:\/\/skinstudio.ee\/lt\/wp-json\/wp\/v2\/pwb-brand?post=61195"},{"taxonomy":"product_brand","embeddable":true,"href":"https:\/\/skinstudio.ee\/lt\/wp-json\/wp\/v2\/product_brand?post=61195"},{"taxonomy":"product_cat","embeddable":true,"href":"https:\/\/skinstudio.ee\/lt\/wp-json\/wp\/v2\/product_cat?post=61195"},{"taxonomy":"product_tag","embeddable":true,"href":"https:\/\/skinstudio.ee\/lt\/wp-json\/wp\/v2\/product_tag?post=61195"},{"taxonomy":"giftcard-category","embeddable":true,"href":"https:\/\/skinstudio.ee\/lt\/wp-json\/wp\/v2\/giftcard-category?post=61195"}],"curies":[{"name":"wp","href":"https:\/\/api.w.org\/{rel}","templated":true}]}}