{"id":61213,"date":"2024-07-16T12:30:42","date_gmt":"2024-07-16T12:30:42","guid":{"rendered":"https:\/\/skinstudio.ee\/?post_type=product&#038;p=61213"},"modified":"2026-01-22T15:04:12","modified_gmt":"2026-01-22T15:04:12","slug":"ultra-clear-purifying-mask","status":"publish","type":"product","link":"https:\/\/skinstudio.ee\/lt\/catalog\/ultraceuticals\/ultra-clear-purifying-mask\/","title":{"rendered":"Ultra Clear Purifying Mask"},"content":{"rendered":"<p data-start=\"2045\" data-end=\"2393\">Ultra Clear Purifying Mask \u2013 giliai valanti kauk\u0117, kuri padeda paspartinti u\u017edegimini\u0173 b\u0117rim\u0173 gijim\u0105, suma\u017eina blizges\u012f ir suma\u017eina por\u0173 matomum\u0105. Tai puikus sprendimas tiems, kurie susiduria su i\u0161sipl\u0117tusiomis poromis ar pavieniais b\u0117rimais, ir ji efektyviai veikia tiek kaip atskira priemon\u0117, tiek derinyje su kitomis odos prie\u017ei\u016bros priemon\u0117mis.<\/p>\n<p data-start=\"2395\" data-end=\"2579\">Formul\u0117 pa\u0161alina ne\u0161varumus, reguliuoja perteklin\u012f sebumo kiek\u012f ir padeda palaikyti od\u0105 \u0161vari\u0105 bei subalansuot\u0105. Reguliariai naudojant oda tampa lygesn\u0117, \u0161varesn\u0117 ir labiau pri\u017ei\u016br\u0117ta.<\/p>\n<p data-start=\"2581\" data-end=\"2607\"><strong data-start=\"2581\" data-end=\"2605\">Aktyv\u016bs ingredientai<\/strong><\/p>\n<ul data-start=\"2608\" data-end=\"2935\">\n<li data-start=\"2608\" data-end=\"2725\">\n<p data-start=\"2610\" data-end=\"2725\">Kaolinas ir bentonitas sugeria riebal\u0173 pertekli\u0173, giliai valo poras ir pa\u0161alina toksinus bei sunkiuosius metalus.<\/p>\n<\/li>\n<li data-start=\"2726\" data-end=\"2868\">\n<p data-start=\"2728\" data-end=\"2868\">Siera turi keratolitin\u012f ir komedonus ma\u017einant\u012f poveik\u012f, padeda pa\u0161alinti negyvas odos l\u0105steles ir u\u017ekirsti keli\u0105 nauj\u0173 b\u0117rim\u0173 atsiradimui.<\/p>\n<\/li>\n<li data-start=\"2869\" data-end=\"2935\">\n<p data-start=\"2871\" data-end=\"2935\">Augaliniai aliejai maitina od\u0105 ir palaiko jos dr\u0117gm\u0117s balans\u0105.<\/p>\n<\/li>\n<\/ul>\n<p data-start=\"2937\" data-end=\"2953\"><strong data-start=\"2937\" data-end=\"2953\">T\u016bris: 75 ml<\/strong><\/p>\n","protected":false},"excerpt":{"rendered":"<p data-start=\"3132\" data-end=\"3548\"><span style=\"color: #ff0000;\"><strong data-start=\"3132\" data-end=\"3139\">NB!<\/strong> \u0160iame produkte yra didel\u0117 aktyvi\u0173j\u0173 ingredient\u0173 koncentracija. Prie\u0161 naudojim\u0105 rekomenduojame pasikonsultuoti su m\u016bs\u0173 specialistu. Laukiame j\u016bs\u0173 skambu\u010di\u0173 telefonu +372 58500171 nuo pirmadienio iki penktadienio 10:00\u201319:00, taip pat \u0161e\u0161tadieniais ir sekmadieniais 11:00\u201315:00. Taip pat galite palikti savo telefono numer\u012f el. pa\u0161tu <a class=\"decorated-link cursor-pointer\" style=\"color: #ff0000;\" href=\"mailto:info@skinstudio.ee\" rel=\"noopener\" data-start=\"3472\" data-end=\"3490\">info@skinstudio.ee<\/a>, ir m\u016bs\u0173 specialistas susisieks su jumis per 24 valandas.<\/span><\/p>\n<p data-start=\"3550\" data-end=\"3564\">Valomoji kauk\u0117<\/p>\n<h2 data-start=\"3566\" data-end=\"3797\"><strong data-start=\"3566\" data-end=\"3621\">ULTRACEUTICALS &#8211; Ultra Clear Purifying Mask Savyb\u0117s<\/strong><\/h2>\n<p data-start=\"3566\" data-end=\"3797\">\u2714\ufe0f Giliai valo od\u0105 nuo ne\u0161varum\u0173<br data-start=\"3656\" data-end=\"3659\" \/>\u2714\ufe0f Suteikia odai gaivumo ir nat\u016bralaus \u0161vyt\u0117jimo<br data-start=\"3707\" data-end=\"3710\" \/>\u2714\ufe0f Ma\u017eina u\u017edegim\u0105 ir sudirgim\u0105<br data-start=\"3741\" data-end=\"3744\" \/>\u2714\ufe0f Pagerina odos tekst\u016br\u0105<br data-start=\"3769\" data-end=\"3772\" \/>\u2714\ufe0f Ma\u017eina por\u0173 matomum\u0105<\/p>\n","protected":false},"featured_media":65971,"template":"","meta":[],"pwb-brand":[786],"product_brand":[],"product_cat":[742,744,726,748],"product_tag":[],"giftcard-category":[],"class_list":{"0":"post-61213","1":"product","2":"type-product","3":"status-publish","4":"has-post-thumbnail","6":"pwb-brand-ultraceuticals","7":"product_cat-akne","8":"product_cat-issipletusios-poros","9":"product_cat-maskas","10":"product_cat-riebi-oda","12":"first","13":"instock","14":"taxable","15":"shipping-taxable","16":"purchasable","17":"product-type-simple"},"acf":[],"brands":[{"id":786,"name":"Ultraceuticals","slug":"ultraceuticals"}],"_links":{"self":[{"href":"https:\/\/skinstudio.ee\/lt\/wp-json\/wp\/v2\/product\/61213","targetHints":{"allow":["GET"]}}],"collection":[{"href":"https:\/\/skinstudio.ee\/lt\/wp-json\/wp\/v2\/product"}],"about":[{"href":"https:\/\/skinstudio.ee\/lt\/wp-json\/wp\/v2\/types\/product"}],"version-history":[{"count":0,"href":"https:\/\/skinstudio.ee\/lt\/wp-json\/wp\/v2\/product\/61213\/revisions"}],"wp:featuredmedia":[{"embeddable":true,"href":"https:\/\/skinstudio.ee\/lt\/wp-json\/wp\/v2\/media\/65971"}],"wp:attachment":[{"href":"https:\/\/skinstudio.ee\/lt\/wp-json\/wp\/v2\/media?parent=61213"}],"wp:term":[{"taxonomy":"pwb-brand","embeddable":true,"href":"https:\/\/skinstudio.ee\/lt\/wp-json\/wp\/v2\/pwb-brand?post=61213"},{"taxonomy":"product_brand","embeddable":true,"href":"https:\/\/skinstudio.ee\/lt\/wp-json\/wp\/v2\/product_brand?post=61213"},{"taxonomy":"product_cat","embeddable":true,"href":"https:\/\/skinstudio.ee\/lt\/wp-json\/wp\/v2\/product_cat?post=61213"},{"taxonomy":"product_tag","embeddable":true,"href":"https:\/\/skinstudio.ee\/lt\/wp-json\/wp\/v2\/product_tag?post=61213"},{"taxonomy":"giftcard-category","embeddable":true,"href":"https:\/\/skinstudio.ee\/lt\/wp-json\/wp\/v2\/giftcard-category?post=61213"}],"curies":[{"name":"wp","href":"https:\/\/api.w.org\/{rel}","templated":true}]}}