{"id":61223,"date":"2024-07-16T12:31:20","date_gmt":"2024-07-16T12:31:20","guid":{"rendered":"https:\/\/skinstudio.ee\/?post_type=product&#038;p=61223"},"modified":"2026-01-22T15:04:12","modified_gmt":"2026-01-22T15:04:12","slug":"ultra-c-firming-serum","status":"publish","type":"product","link":"https:\/\/skinstudio.ee\/lt\/catalog\/ultraceuticals\/ultra-c-firming-serum\/","title":{"rendered":"Ultra C Firming Serum"},"content":{"rendered":"<p data-start=\"2453\" data-end=\"2721\">Ultra C Firming Serum \u2013 intensyvus stangrinamasis serumas, suteikiantis odai skaist\u0105 \u0161vyt\u0117jim\u0105, glotnum\u0105, elastingum\u0105 ir pak\u0117limo efekt\u0105. Ultra C linija sukurta bendradarbiaujant su Australijos mokslini\u0173 tyrim\u0173 centru, naudojant pa\u017eangias kosmetologines technologijas.<\/p>\n<p data-start=\"2723\" data-end=\"3015\">Patentuota veikli\u0173j\u0173 med\u017eiag\u0173 pristatymo sistema leid\u017eia L-askorbo r\u016bg\u0161\u010diai prasiskverbti \u012f gilesnius odos sluoksnius, taip u\u017etikrinant stipr\u0173 anti-age poveik\u012f ir ilgalaikius rezultatus. Patobulinta formul\u0117 tapo \u0161velnesn\u0117 ir malonesn\u0117, o gaivus citrusinis aromatas pagerina naudojimo patirt\u012f.<\/p>\n<p data-start=\"3017\" data-end=\"3043\"><strong data-start=\"3017\" data-end=\"3041\">Aktyv\u016bs ingredientai<\/strong><\/p>\n<ul data-start=\"3044\" data-end=\"3280\">\n<li data-start=\"3044\" data-end=\"3092\">\n<p data-start=\"3046\" data-end=\"3092\">MicroElastin gerina odos stangrum\u0105 ir tank\u012f.<\/p>\n<\/li>\n<li data-start=\"3093\" data-end=\"3202\">\n<p data-start=\"3095\" data-end=\"3202\">Grynasis vitaminas C veikia kaip stiprus antioksidantas, skaistina od\u0105 ir stiprina jos apsaugin\u012f barjer\u0105.<\/p>\n<\/li>\n<li data-start=\"3203\" data-end=\"3280\">\n<p data-start=\"3205\" data-end=\"3280\">MicroCollagen skatina l\u0105steli\u0173 regeneracij\u0105 ir stiprina dermos strukt\u016br\u0105.<\/p>\n<\/li>\n<\/ul>\n<p data-start=\"3282\" data-end=\"3401\">Reguliariai naudojant oda tampa stangresn\u0117, tolygesn\u0117 ir vizualiai atjauninta. Tinka normaliai, sausai ir riebiai odai.<\/p>\n<p data-start=\"3403\" data-end=\"3419\"><strong data-start=\"3403\" data-end=\"3419\">T\u016bris: 30 ml<\/strong><\/p>\n","protected":false},"excerpt":{"rendered":"<p data-start=\"3905\" data-end=\"4321\"><span style=\"color: #ff0000;\"><strong data-start=\"3905\" data-end=\"3912\">NB!<\/strong> \u0160iame produkte yra didel\u0117 aktyvi\u0173j\u0173 ingredient\u0173 koncentracija. Prie\u0161 naudojim\u0105 rekomenduojame pasikonsultuoti su m\u016bs\u0173 specialistu. Laukiame j\u016bs\u0173 skambu\u010di\u0173 telefonu +372 58500171 nuo pirmadienio iki penktadienio 10:00\u201319:00, taip pat \u0161e\u0161tadieniais ir sekmadieniais 11:00\u201315:00. Taip pat galite palikti savo telefono numer\u012f el. pa\u0161tu <a class=\"decorated-link cursor-pointer\" style=\"color: #ff0000;\" href=\"mailto:info@skinstudio.ee\" rel=\"noopener\" data-start=\"4245\" data-end=\"4263\">info@skinstudio.ee<\/a>, ir m\u016bs\u0173 specialistas susisieks su jumis per 24 valandas.<\/span><\/p>\n<p data-start=\"4323\" data-end=\"4356\">Stangrinamasis C vitamino serumas<\/p>\n<h2 data-start=\"4358\" data-end=\"4587\"><strong data-start=\"4358\" data-end=\"4408\">ULTRACEUTICALS &#8211; Ultra C Firming Serum Savyb\u0117s<\/strong><\/h2>\n<p data-start=\"4358\" data-end=\"4587\">\u2714\ufe0f Suteikia odai \u0161vyt\u0117jimo<br data-start=\"4437\" data-end=\"4440\" \/>\u2714\ufe0f Gerina stangrum\u0105 ir elastingum\u0105<br data-start=\"4474\" data-end=\"4477\" \/>\u2714\ufe0f Skatina kolageno ir elastino gamyb\u0105<br data-start=\"4515\" data-end=\"4518\" \/>\u2714\ufe0f Stiprina odos strukt\u016brin\u012f karkas\u0105<br data-start=\"4554\" data-end=\"4557\" \/>\u2714\ufe0f Gerina odos ton\u0105 ir tank\u012f<\/p>\n","protected":false},"featured_media":71732,"template":"","meta":[],"pwb-brand":[786],"product_brand":[],"product_cat":[752,750,724,730],"product_tag":[],"giftcard-category":[],"class_list":{"0":"post-61223","1":"product","2":"type-product","3":"status-publish","4":"has-post-thumbnail","6":"pwb-brand-ultraceuticals","7":"product_cat-pigmentacija-lt","8":"product_cat-senstanti-oda","9":"product_cat-serumai","10":"product_cat-vitaminas-c","12":"first","13":"instock","14":"taxable","15":"shipping-taxable","16":"purchasable","17":"product-type-simple"},"acf":[],"brands":[{"id":786,"name":"Ultraceuticals","slug":"ultraceuticals"}],"_links":{"self":[{"href":"https:\/\/skinstudio.ee\/lt\/wp-json\/wp\/v2\/product\/61223","targetHints":{"allow":["GET"]}}],"collection":[{"href":"https:\/\/skinstudio.ee\/lt\/wp-json\/wp\/v2\/product"}],"about":[{"href":"https:\/\/skinstudio.ee\/lt\/wp-json\/wp\/v2\/types\/product"}],"version-history":[{"count":0,"href":"https:\/\/skinstudio.ee\/lt\/wp-json\/wp\/v2\/product\/61223\/revisions"}],"wp:featuredmedia":[{"embeddable":true,"href":"https:\/\/skinstudio.ee\/lt\/wp-json\/wp\/v2\/media\/71732"}],"wp:attachment":[{"href":"https:\/\/skinstudio.ee\/lt\/wp-json\/wp\/v2\/media?parent=61223"}],"wp:term":[{"taxonomy":"pwb-brand","embeddable":true,"href":"https:\/\/skinstudio.ee\/lt\/wp-json\/wp\/v2\/pwb-brand?post=61223"},{"taxonomy":"product_brand","embeddable":true,"href":"https:\/\/skinstudio.ee\/lt\/wp-json\/wp\/v2\/product_brand?post=61223"},{"taxonomy":"product_cat","embeddable":true,"href":"https:\/\/skinstudio.ee\/lt\/wp-json\/wp\/v2\/product_cat?post=61223"},{"taxonomy":"product_tag","embeddable":true,"href":"https:\/\/skinstudio.ee\/lt\/wp-json\/wp\/v2\/product_tag?post=61223"},{"taxonomy":"giftcard-category","embeddable":true,"href":"https:\/\/skinstudio.ee\/lt\/wp-json\/wp\/v2\/giftcard-category?post=61223"}],"curies":[{"name":"wp","href":"https:\/\/api.w.org\/{rel}","templated":true}]}}