{"id":61232,"date":"2025-01-04T13:42:03","date_gmt":"2025-01-04T13:42:03","guid":{"rendered":"https:\/\/skinstudio.ee\/?post_type=product&#038;p=61232"},"modified":"2026-01-22T15:04:11","modified_gmt":"2026-01-22T15:04:11","slug":"ultra-b2-hydrating-mask","status":"publish","type":"product","link":"https:\/\/skinstudio.ee\/lt\/catalog\/ultraceuticals\/ultra-b2-hydrating-mask\/","title":{"rendered":"Ultra B2 Hydrating Mask"},"content":{"rendered":"<p data-start=\"2784\" data-end=\"3070\">Ultra B2 Hydration Mask \u2013 hidrogelio kauk\u0117, skirta intensyviam ir greitam odos dr\u0117kinimui bei raminimui, taip pat po kosmetini\u0173 proced\u016br\u0173, toki\u0173 kaip pilingai, lazerio proced\u016bros ir kitos intensyvios terapijos. Ji akimirksniu atgaivina od\u0105, suma\u017eina jautrum\u0105 ir padeda atkurti komfort\u0105.<\/p>\n<p data-start=\"3072\" data-end=\"3391\">Niacinamidas padeda odai tapti glotnesnei, tolygesnei ir \u0161velnesnei, o hidrogelio strukt\u016bra veikia kaip dr\u0117kinamasis barjeras, kuris pagerina veikli\u0173j\u0173 med\u017eiag\u0173 \u012fsisavinim\u0105. Kauk\u0117 sudaryta i\u0161 dviej\u0173 dali\u0173, kad b\u016bt\u0173 lengviau ir tiksliau pritaikyti prie veido kont\u016br\u0173. Dermatologi\u0161kai patikrinta ir tinkama jautriai odai.<\/p>\n<p data-start=\"3393\" data-end=\"3419\"><strong data-start=\"3393\" data-end=\"3417\">Aktyv\u016bs ingredientai<\/strong><\/p>\n<ul data-start=\"3420\" data-end=\"4031\">\n<li data-start=\"3420\" data-end=\"3536\">\n<p data-start=\"3422\" data-end=\"3536\">B2 technologija (vitaminai B3 ir B5) atkuria saus\u0105 ir dehidratuot\u0105 od\u0105, suteikia \u0161vyt\u0117jimo ir pagerina tekst\u016br\u0105.<\/p>\n<\/li>\n<li data-start=\"3537\" data-end=\"3597\">\n<p data-start=\"3539\" data-end=\"3597\">Acetyl Hexapeptide-8 ma\u017eina smulkias ir gilias rauk\u0161les.<\/p>\n<\/li>\n<li data-start=\"3598\" data-end=\"3683\">\n<p data-start=\"3600\" data-end=\"3683\">Sodium Hyaluronate suteikia intensyv\u0173 dr\u0117kinim\u0105 ir padeda i\u0161laikyti dr\u0117gm\u0119 odoje.<\/p>\n<\/li>\n<li data-start=\"3684\" data-end=\"3744\">\n<p data-start=\"3686\" data-end=\"3744\">Alpi\u0173 ro\u017e\u0117s ekstraktas suteikia dr\u0117kinimo ir ramina od\u0105.<\/p>\n<\/li>\n<li data-start=\"3745\" data-end=\"3833\">\n<p data-start=\"3747\" data-end=\"3833\">\u0160veicarijos obuolio ekstraktas, turtingas fitonutrient\u0173, atgaivina ir atnaujina od\u0105.<\/p>\n<\/li>\n<li data-start=\"3834\" data-end=\"3890\">\n<p data-start=\"3836\" data-end=\"3890\">Ramun\u0117li\u0173 ekstraktas nuramina ir suma\u017eina sudirgim\u0105.<\/p>\n<\/li>\n<li data-start=\"3891\" data-end=\"4031\">\n<p data-start=\"3893\" data-end=\"4031\">Portulak\u0173 ekstraktas, turintis omega-3, amino r\u016bg\u0161\u010di\u0173, vitamin\u0173, mineral\u0173 ir antioksidant\u0173, ma\u017eina sudirgim\u0105 ir palaiko dr\u0117gm\u0117s balans\u0105.<\/p>\n<\/li>\n<\/ul>\n<p data-start=\"4033\" data-end=\"4057\"><strong data-start=\"4033\" data-end=\"4057\">T\u016bris: 1 vnt., 25 ml<\/strong><\/p>\n","protected":false},"excerpt":{"rendered":"<p data-start=\"4548\" data-end=\"4964\"><span style=\"color: #ff0000;\"><strong data-start=\"4548\" data-end=\"4555\">NB!<\/strong> \u0160iame produkte yra didel\u0117 aktyvi\u0173j\u0173 ingredient\u0173 koncentracija. Prie\u0161 naudojim\u0105 rekomenduojame pasikonsultuoti su m\u016bs\u0173 specialistu. Laukiame j\u016bs\u0173 skambu\u010di\u0173 telefonu +372 58500171 nuo pirmadienio iki penktadienio 10:00\u201319:00, taip pat \u0161e\u0161tadieniais ir sekmadieniais 11:00\u201315:00. Taip pat galite palikti savo telefono numer\u012f el. pa\u0161tu <a class=\"decorated-link cursor-pointer\" style=\"color: #ff0000;\" href=\"mailto:info@skinstudio.ee\" rel=\"noopener\" data-start=\"4888\" data-end=\"4906\">info@skinstudio.ee<\/a>, ir m\u016bs\u0173 specialistas susisieks su jumis per 24 valandas.<\/span><\/p>\n<p data-start=\"4966\" data-end=\"4999\">Labai dr\u0117kinanti B vitamino kauk\u0117<\/p>\n<h2 data-start=\"5001\" data-end=\"5222\"><strong data-start=\"5001\" data-end=\"5053\">ULTRACEUTICALS &#8211; Ultra B2 Hydrating Mask Savyb\u0117s<\/strong><\/h2>\n<p data-start=\"5001\" data-end=\"5222\">\u2714\ufe0f Atkuria saus\u0105 ir dehidratuot\u0105 od\u0105<br data-start=\"5092\" data-end=\"5095\" \/>\u2714\ufe0f Suteikia \u0161vyt\u0117jimo<br data-start=\"5116\" data-end=\"5119\" \/>\u2714\ufe0f Pagerina odos tekst\u016br\u0105<br data-start=\"5144\" data-end=\"5147\" \/>\u2714\ufe0f Ramina ir ma\u017eina jautrum\u0105<br data-start=\"5175\" data-end=\"5178\" \/>\u2714\ufe0f Palaiko dr\u0117gm\u0119 ir stiprina odos barjer\u0105<\/p>\n","protected":false},"featured_media":25433,"template":"","meta":[],"pwb-brand":[786],"product_brand":[],"product_cat":[738,746,726,740,748],"product_tag":[],"giftcard-category":[],"class_list":{"0":"post-61232","1":"product","2":"type-product","3":"status-publish","4":"has-post-thumbnail","6":"pwb-brand-ultraceuticals","7":"product_cat-drekinimas","8":"product_cat-jautriai-odai","9":"product_cat-maskas-lt","10":"product_cat-sausai-odai","11":"product_cat-taukainai-adai-lt","13":"first","14":"instock","15":"taxable","16":"shipping-taxable","17":"purchasable","18":"product-type-simple"},"acf":[],"brands":[{"id":786,"name":"Ultraceuticals","slug":"ultraceuticals"}],"_links":{"self":[{"href":"https:\/\/skinstudio.ee\/lt\/wp-json\/wp\/v2\/product\/61232","targetHints":{"allow":["GET"]}}],"collection":[{"href":"https:\/\/skinstudio.ee\/lt\/wp-json\/wp\/v2\/product"}],"about":[{"href":"https:\/\/skinstudio.ee\/lt\/wp-json\/wp\/v2\/types\/product"}],"version-history":[{"count":0,"href":"https:\/\/skinstudio.ee\/lt\/wp-json\/wp\/v2\/product\/61232\/revisions"}],"wp:featuredmedia":[{"embeddable":true,"href":"https:\/\/skinstudio.ee\/lt\/wp-json\/wp\/v2\/media\/25433"}],"wp:attachment":[{"href":"https:\/\/skinstudio.ee\/lt\/wp-json\/wp\/v2\/media?parent=61232"}],"wp:term":[{"taxonomy":"pwb-brand","embeddable":true,"href":"https:\/\/skinstudio.ee\/lt\/wp-json\/wp\/v2\/pwb-brand?post=61232"},{"taxonomy":"product_brand","embeddable":true,"href":"https:\/\/skinstudio.ee\/lt\/wp-json\/wp\/v2\/product_brand?post=61232"},{"taxonomy":"product_cat","embeddable":true,"href":"https:\/\/skinstudio.ee\/lt\/wp-json\/wp\/v2\/product_cat?post=61232"},{"taxonomy":"product_tag","embeddable":true,"href":"https:\/\/skinstudio.ee\/lt\/wp-json\/wp\/v2\/product_tag?post=61232"},{"taxonomy":"giftcard-category","embeddable":true,"href":"https:\/\/skinstudio.ee\/lt\/wp-json\/wp\/v2\/giftcard-category?post=61232"}],"curies":[{"name":"wp","href":"https:\/\/api.w.org\/{rel}","templated":true}]}}