{"id":61240,"date":"2024-07-24T10:16:39","date_gmt":"2024-07-24T10:16:39","guid":{"rendered":"https:\/\/skinstudio.ee\/?post_type=product&#038;p=61240"},"modified":"2026-01-22T15:04:12","modified_gmt":"2026-01-22T15:04:12","slug":"ultra-brightening-serum","status":"publish","type":"product","link":"https:\/\/skinstudio.ee\/lt\/catalog\/ultraceuticals\/ultra-brightening-serum\/","title":{"rendered":"Ultra Brightening Serum"},"content":{"rendered":"<div>\n<p data-start=\"2373\" data-end=\"2640\">Ultra Brightening Serum \u2013 intensyviai \u0161viesinantis serumas, skirtas hiperpigmentacijai ma\u017einti bei suma\u017einti nauj\u0173 pigmentini\u0173 d\u0117mi\u0173 atsiradimo rizik\u0105. Jis padeda i\u0161lyginti odos atspalv\u012f, suma\u017einti tamsius plotelius, postaknin\u0119 pigmentacij\u0105 ir atkurti odos skaistum\u0105.<\/p>\n<p data-start=\"2642\" data-end=\"2865\">Svarbu: \u0161\u012f serum\u0105 reikia naudoti <strong data-start=\"2675\" data-end=\"2735\">tik po Even Skintone Mild arba Even Skintone Serum kurso<\/strong>. Praleidus odos adaptacijos etap\u0105, gali atsirasti stiprus odos jautrumas, kur\u012f bus sunku koreguoti, kaip ir pradin\u0119 pigmentacij\u0105.<\/p>\n<p data-start=\"2867\" data-end=\"2969\">Serumas ypa\u010d tinka probleminei odai, turin\u010diai netolyg\u0173 atspalv\u012f, papilk\u0117jim\u0105 ar \u0161iurk\u0161tesn\u0119 tekst\u016br\u0105.<\/p>\n<p data-start=\"2971\" data-end=\"2997\"><strong data-start=\"2971\" data-end=\"2995\">Aktyv\u016bs ingredientai<\/strong><\/p>\n<ul data-start=\"2998\" data-end=\"3419\">\n<li data-start=\"2998\" data-end=\"3066\">\n<p data-start=\"3000\" data-end=\"3066\">Pieno r\u016bg\u0161tis \u2013 \u0161velniai \u0161viesina ir skatina odos atsinaujinim\u0105.<\/p>\n<\/li>\n<li data-start=\"3067\" data-end=\"3159\">\n<p data-start=\"3069\" data-end=\"3159\">Niacinamidas (vitaminas B3) \u2013 ma\u017eina pigmentacij\u0105, stiprina odos barjer\u0105 ir gerina ton\u0105.<\/p>\n<\/li>\n<li data-start=\"3160\" data-end=\"3247\">\n<p data-start=\"3162\" data-end=\"3247\">Salicilo r\u016bg\u0161tis \u2013 valo poras, ma\u017eina u\u017edegim\u0105 ir padeda i\u0161vengti potaukini\u0173 d\u0117mi\u0173.<\/p>\n<\/li>\n<li data-start=\"3248\" data-end=\"3327\">\n<p data-start=\"3250\" data-end=\"3327\">Rezveratrolis \u2013 stiprus antioksidantas, sustiprinantis \u0161viesinant\u012f poveik\u012f.<\/p>\n<\/li>\n<li data-start=\"3328\" data-end=\"3419\">\n<p data-start=\"3330\" data-end=\"3419\">Glicerinas \u2013 padeda i\u0161laikyti dr\u0117gm\u0119 ir u\u017etikrina komfort\u0105 intensyvios prie\u017ei\u016bros metu.<\/p>\n<\/li>\n<\/ul>\n<p data-start=\"3421\" data-end=\"3437\"><strong data-start=\"3421\" data-end=\"3437\">T\u016bris: 30 ml<\/strong><\/p>\n<\/div>\n<picture><source srcset=\"https:\/\/milfey-shop.ru\/image\/cache\/catalog\/content\/editors\/product\/edit\/ftp196030-1-w290_jpg.webp\" media=\"(max-width: 320px)\" \/><source srcset=\"https:\/\/milfey-shop.ru\/image\/cache\/catalog\/content\/editors\/product\/edit\/ftp196030-1-w450_jpg.webp\" media=\"(max-width: 480px)\" \/><source srcset=\"https:\/\/milfey-shop.ru\/image\/cache\/catalog\/content\/editors\/product\/edit\/ftp196030-1-w738_jpg.webp\" media=\"(max-width: 768px)\" \/><\/picture>\n","protected":false},"excerpt":{"rendered":"<p data-start=\"3681\" data-end=\"4097\"><span style=\"color: #ff0000;\"><strong data-start=\"3681\" data-end=\"3688\">NB!<\/strong> \u0160iame produkte yra didel\u0117 aktyvi\u0173j\u0173 ingredient\u0173 koncentracija. Prie\u0161 naudojim\u0105 rekomenduojame pasikonsultuoti su m\u016bs\u0173 specialistu. Laukiame j\u016bs\u0173 skambu\u010di\u0173 telefonu +372 58500171 nuo pirmadienio iki penktadienio 10:00\u201319:00, taip pat \u0161e\u0161tadieniais ir sekmadieniais 11:00\u201315:00. Taip pat galite palikti savo telefono numer\u012f el. pa\u0161tu <a class=\"decorated-link cursor-pointer\" style=\"color: #ff0000;\" href=\"mailto:info@skinstudio.ee\" rel=\"noopener\" data-start=\"4021\" data-end=\"4039\">info@skinstudio.ee<\/a>, ir m\u016bs\u0173 specialistas susisieks su jumis per 24 valandas.<\/span><\/p>\n<p data-start=\"4099\" data-end=\"4120\">\u0160viesinamasis serumas<\/p>\n<h2 data-start=\"4122\" data-end=\"4365\"><strong data-start=\"4122\" data-end=\"4174\">ULTRACEUTICALS &#8211; Ultra Brightening Serum Savyb\u0117s<\/strong><\/h2>\n<p data-start=\"4122\" data-end=\"4365\">\u2714\ufe0f Ma\u017eina hiperpigmentacij\u0105<br data-start=\"4204\" data-end=\"4207\" \/>\u2714\ufe0f Padeda i\u0161vengti nauj\u0173 pigmentini\u0173 d\u0117mi\u0173<br data-start=\"4249\" data-end=\"4252\" \/>\u2714\ufe0f Stiprina vir\u0161utinius odos sluoksnius<br data-start=\"4291\" data-end=\"4294\" \/>\u2714\ufe0f Palaiko prie\u0161rauk\u0161lin\u012f poveik\u012f<br data-start=\"4327\" data-end=\"4330\" \/>\u2714\ufe0f I\u0161lygina odos ton\u0105 ir tekst\u016br\u0105<\/p>\n","protected":false},"featured_media":65829,"template":"","meta":[],"pwb-brand":[786],"product_brand":[],"product_cat":[750,752,724],"product_tag":[],"giftcard-category":[],"class_list":{"0":"post-61240","1":"product","2":"type-product","3":"status-publish","4":"has-post-thumbnail","6":"pwb-brand-ultraceuticals","7":"product_cat-odos-senejimas","8":"product_cat-pigmentacija","9":"product_cat-serumai","11":"first","12":"instock","13":"sale","14":"taxable","15":"shipping-taxable","16":"purchasable","17":"product-type-simple"},"acf":[],"brands":[{"id":786,"name":"Ultraceuticals","slug":"ultraceuticals"}],"_links":{"self":[{"href":"https:\/\/skinstudio.ee\/lt\/wp-json\/wp\/v2\/product\/61240","targetHints":{"allow":["GET"]}}],"collection":[{"href":"https:\/\/skinstudio.ee\/lt\/wp-json\/wp\/v2\/product"}],"about":[{"href":"https:\/\/skinstudio.ee\/lt\/wp-json\/wp\/v2\/types\/product"}],"version-history":[{"count":0,"href":"https:\/\/skinstudio.ee\/lt\/wp-json\/wp\/v2\/product\/61240\/revisions"}],"wp:featuredmedia":[{"embeddable":true,"href":"https:\/\/skinstudio.ee\/lt\/wp-json\/wp\/v2\/media\/65829"}],"wp:attachment":[{"href":"https:\/\/skinstudio.ee\/lt\/wp-json\/wp\/v2\/media?parent=61240"}],"wp:term":[{"taxonomy":"pwb-brand","embeddable":true,"href":"https:\/\/skinstudio.ee\/lt\/wp-json\/wp\/v2\/pwb-brand?post=61240"},{"taxonomy":"product_brand","embeddable":true,"href":"https:\/\/skinstudio.ee\/lt\/wp-json\/wp\/v2\/product_brand?post=61240"},{"taxonomy":"product_cat","embeddable":true,"href":"https:\/\/skinstudio.ee\/lt\/wp-json\/wp\/v2\/product_cat?post=61240"},{"taxonomy":"product_tag","embeddable":true,"href":"https:\/\/skinstudio.ee\/lt\/wp-json\/wp\/v2\/product_tag?post=61240"},{"taxonomy":"giftcard-category","embeddable":true,"href":"https:\/\/skinstudio.ee\/lt\/wp-json\/wp\/v2\/giftcard-category?post=61240"}],"curies":[{"name":"wp","href":"https:\/\/api.w.org\/{rel}","templated":true}]}}