{"id":61251,"date":"2024-07-24T09:53:12","date_gmt":"2024-07-24T09:53:12","guid":{"rendered":"https:\/\/skinstudio.ee\/?post_type=product&#038;p=61251"},"modified":"2026-03-21T09:54:02","modified_gmt":"2026-03-21T09:54:02","slug":"ultra-r-e-d-corrective-serum","status":"publish","type":"product","link":"https:\/\/skinstudio.ee\/lt\/catalog\/ultraceuticals\/ultra-r-e-d-corrective-serum\/","title":{"rendered":"Ultra R.E.D. Corrective Serum"},"content":{"rendered":"<p data-start=\"2313\" data-end=\"2583\">Ultra R.E.D. Corrective Serum \u2013 raminamasis ir atkuriamasis serumas, sukurtas jautriai, paraudusiai ir lengvai sudirginamai odai. Galingas dr\u0117kinam\u0173j\u0173 ir raminam\u0173j\u0173 ingredient\u0173 kompleksas ma\u017eina odos reaktyvum\u0105, stiprina apsaugin\u012f barjer\u0105 ir gerina bendr\u0105 odos komfort\u0105.<\/p>\n<p data-start=\"2585\" data-end=\"2837\">Lipid\u0173, dr\u0117kinan\u010di\u0173 ir atkuriam\u0173j\u0173 med\u017eiag\u0173 derinys greitai pakelia odos dr\u0117gm\u0117s lyg\u012f, sustiprina apsaugin\u0119 funkcij\u0105 ir padeda suma\u017einti l\u0117tin\u012f paraudim\u0105. Tinka jautriai odai, taip pat esant kuperozei, ro\u017einei ar kitoms su u\u017edegimu susijusioms b\u016bkl\u0117ms.<\/p>\n<p data-start=\"2839\" data-end=\"2865\"><strong data-start=\"2839\" data-end=\"2863\">Aktyv\u016bs ingredientai<\/strong><\/p>\n<ul data-start=\"2866\" data-end=\"3427\">\n<li data-start=\"2866\" data-end=\"2930\">\n<p data-start=\"2868\" data-end=\"2930\">Glicerinas \u2013 intensyviai dr\u0117kina ir palaiko dr\u0117gm\u0117s balans\u0105.<\/p>\n<\/li>\n<li data-start=\"2931\" data-end=\"2990\">\n<p data-start=\"2933\" data-end=\"2990\">Skvalanas \u2013 mink\u0161tina od\u0105 ir stiprina lipidin\u012f barjer\u0105.<\/p>\n<\/li>\n<li data-start=\"2991\" data-end=\"3080\">\n<p data-start=\"2993\" data-end=\"3080\">Niacinamidas (B3 vitaminas) \u2013 ma\u017eina paraudim\u0105, gerina ton\u0105 ir stiprina odos barjer\u0105.<\/p>\n<\/li>\n<li data-start=\"3081\" data-end=\"3132\">\n<p data-start=\"3083\" data-end=\"3132\">\u0160i sviestas \u2013 maitina ir ramina sudirgusi\u0105 od\u0105.<\/p>\n<\/li>\n<li data-start=\"3133\" data-end=\"3186\">\n<p data-start=\"3135\" data-end=\"3186\">Pantenolis \u2013 ramina ir spartina odos atsistatym\u0105.<\/p>\n<\/li>\n<\/ul>\n<p data-start=\"3429\" data-end=\"3445\"><strong data-start=\"3429\" data-end=\"3445\">T\u016bris: 30 ml<\/strong><\/p>\n","protected":false},"excerpt":{"rendered":"<p data-start=\"3641\" data-end=\"4057\"><span style=\"color: #ff0000;\"><strong data-start=\"3641\" data-end=\"3648\">NB!<\/strong> \u0160iame produkte yra didel\u0117 aktyvi\u0173j\u0173 ingredient\u0173 koncentracija. Prie\u0161 naudojim\u0105 rekomenduojame pasikonsultuoti su m\u016bs\u0173 specialistu. Laukiame j\u016bs\u0173 skambu\u010di\u0173 telefonu +372 58500171 nuo pirmadienio iki penktadienio 10:00\u201319:00, taip pat \u0161e\u0161tadieniais ir sekmadieniais 11:00\u201315:00. Taip pat galite palikti savo telefono numer\u012f el. pa\u0161tu <a class=\"decorated-link cursor-pointer\" style=\"color: #ff0000;\" href=\"mailto:info@skinstudio.ee\" rel=\"noopener\" data-start=\"3981\" data-end=\"3999\">info@skinstudio.ee<\/a>, ir m\u016bs\u0173 specialistas susisieks su jumis per 24 valandas.<\/span><\/p>\n<p data-start=\"4059\" data-end=\"4080\">Serumas jautriai odai<\/p>\n<h2 data-start=\"4082\" data-end=\"4391\"><strong data-start=\"4082\" data-end=\"4140\">ULTRACEUTICALS &#8211; Ultra R.E.D. Corrective Serum Savyb\u0117s<\/strong><\/h2>\n<p data-start=\"4082\" data-end=\"4391\">\u2714\ufe0f Akimirksniu suma\u017eina paraudim\u0105 ir diskomfort\u0105<br data-start=\"4191\" data-end=\"4194\" \/>\u2714\ufe0f Ramina sudirgusi\u0105 od\u0105 ir ma\u017eina jautrum\u0105<br data-start=\"4237\" data-end=\"4240\" \/>\u2714\ufe0f I\u0161lygina odos ton\u0105 ir suteikia ramesn\u0119 i\u0161vaizd\u0105<br data-start=\"4290\" data-end=\"4293\" \/>\u2714\ufe0f Mink\u0161tina od\u0105 ir stiprina barjerin\u0119 funkcij\u0105<br data-start=\"4340\" data-end=\"4343\" \/>\u2714\ufe0f Didina odos atsparum\u0105 i\u0161oriniams veiksniams<\/p>\n","protected":false},"featured_media":65834,"template":"","meta":[],"pwb-brand":[786],"product_brand":[],"product_cat":[738,746,724],"product_tag":[],"giftcard-category":[],"class_list":{"0":"post-61251","1":"product","2":"type-product","3":"status-publish","4":"has-post-thumbnail","6":"pwb-brand-ultraceuticals","7":"product_cat-drekinimas","8":"product_cat-jautriai-odai","9":"product_cat-serumai","11":"first","12":"instock","13":"taxable","14":"shipping-taxable","15":"purchasable","16":"product-type-simple"},"acf":[],"brands":[{"id":786,"name":"Ultraceuticals","slug":"ultraceuticals"}],"_links":{"self":[{"href":"https:\/\/skinstudio.ee\/lt\/wp-json\/wp\/v2\/product\/61251","targetHints":{"allow":["GET"]}}],"collection":[{"href":"https:\/\/skinstudio.ee\/lt\/wp-json\/wp\/v2\/product"}],"about":[{"href":"https:\/\/skinstudio.ee\/lt\/wp-json\/wp\/v2\/types\/product"}],"version-history":[{"count":1,"href":"https:\/\/skinstudio.ee\/lt\/wp-json\/wp\/v2\/product\/61251\/revisions"}],"predecessor-version":[{"id":87168,"href":"https:\/\/skinstudio.ee\/lt\/wp-json\/wp\/v2\/product\/61251\/revisions\/87168"}],"wp:featuredmedia":[{"embeddable":true,"href":"https:\/\/skinstudio.ee\/lt\/wp-json\/wp\/v2\/media\/65834"}],"wp:attachment":[{"href":"https:\/\/skinstudio.ee\/lt\/wp-json\/wp\/v2\/media?parent=61251"}],"wp:term":[{"taxonomy":"pwb-brand","embeddable":true,"href":"https:\/\/skinstudio.ee\/lt\/wp-json\/wp\/v2\/pwb-brand?post=61251"},{"taxonomy":"product_brand","embeddable":true,"href":"https:\/\/skinstudio.ee\/lt\/wp-json\/wp\/v2\/product_brand?post=61251"},{"taxonomy":"product_cat","embeddable":true,"href":"https:\/\/skinstudio.ee\/lt\/wp-json\/wp\/v2\/product_cat?post=61251"},{"taxonomy":"product_tag","embeddable":true,"href":"https:\/\/skinstudio.ee\/lt\/wp-json\/wp\/v2\/product_tag?post=61251"},{"taxonomy":"giftcard-category","embeddable":true,"href":"https:\/\/skinstudio.ee\/lt\/wp-json\/wp\/v2\/giftcard-category?post=61251"}],"curies":[{"name":"wp","href":"https:\/\/api.w.org\/{rel}","templated":true}]}}