{"id":61263,"date":"2024-07-24T07:58:56","date_gmt":"2024-07-24T07:58:56","guid":{"rendered":"https:\/\/skinstudio.ee\/?post_type=product&#038;p=61263"},"modified":"2026-01-22T15:04:11","modified_gmt":"2026-01-22T15:04:11","slug":"resurfacing-and-pore-refining-serum","status":"publish","type":"product","link":"https:\/\/skinstudio.ee\/lt\/catalog\/ultraceuticals\/resurfacing-and-pore-refining-serum\/","title":{"rendered":"Resurfacing and Pore Refining Serum"},"content":{"rendered":"<p data-start=\"2466\" data-end=\"2697\">Resurfacing and Pore Refining Serum \u2013 lengvos tekst\u016bros serumas, skirtas por\u0117tos odos reljefui i\u0161lyginti ir suma\u017einti matom\u0173 por\u0173 dyd\u012f. Jis pagerina bendr\u0105 odos b\u016bkl\u0119, suteikia jai glotnesn\u0119, \u0161varesn\u0119 ir labiau pri\u017ei\u016br\u0117t\u0105 i\u0161vaizd\u0105.<\/p>\n<p data-start=\"2699\" data-end=\"3036\">Formul\u0117 veikia sustor\u0117jus\u012f ragini\u0328 sluoksn\u012f, potaukini\u0173 \u017eymi\u0173 nelygumus, pavir\u0161in\u0119 pigmentacij\u0105 ir rieb\u0173 blizges\u012f. Serum\u0105 galima naudoti ryte (jis puikiai tinka kaip makia\u017eo pagrindas) arba vakare, ta\u010diau <strong data-start=\"2904\" data-end=\"2927\">tik kart\u0105 per dien\u0105<\/strong>, ir visada kartu su SPF, nes sud\u0117tyje yra r\u016bg\u0161\u010di\u0173. Idealiai tinka riebiai, mi\u0161riai ir \u012f akn\u0119 linkusiai odai.<\/p>\n<p data-start=\"3038\" data-end=\"3064\"><strong data-start=\"3038\" data-end=\"3062\">Aktyv\u016bs ingredientai<\/strong><\/p>\n<ul data-start=\"3065\" data-end=\"3328\">\n<li data-start=\"3065\" data-end=\"3129\">\n<p data-start=\"3067\" data-end=\"3129\">Mandel\u0173 r\u016bg\u0161tis \u2013 \u0161velniai atnaujina od\u0105 ir gerina atspalv\u012f.<\/p>\n<\/li>\n<li data-start=\"3130\" data-end=\"3190\">\n<p data-start=\"3132\" data-end=\"3190\">Salicilo r\u016bg\u0161tis \u2013 giliai valo poras ir ma\u017eina u\u017edegim\u0105.<\/p>\n<\/li>\n<li data-start=\"3191\" data-end=\"3253\">\n<p data-start=\"3193\" data-end=\"3253\">Salicinas \u2013 gerina odos tekst\u016br\u0105 ir skatina atsinaujinim\u0105.<\/p>\n<\/li>\n<li data-start=\"3254\" data-end=\"3328\">\n<p data-start=\"3256\" data-end=\"3328\">Niacinamidas \u2013 reguliuoja sebumo i\u0161siskyrim\u0105 ir stiprina odos barjer\u0105.<\/p>\n<\/li>\n<\/ul>\n<p data-start=\"3330\" data-end=\"3346\"><strong data-start=\"3330\" data-end=\"3346\">T\u016bris: 30 ml<\/strong><\/p>\n","protected":false},"excerpt":{"rendered":"<p data-start=\"3815\" data-end=\"4231\"><span style=\"color: #ff0000;\"><strong data-start=\"3815\" data-end=\"3822\">NB!<\/strong> \u0160iame produkte yra didel\u0117 aktyvi\u0173j\u0173 ingredient\u0173 koncentracija. Prie\u0161 naudojim\u0105 rekomenduojame pasikonsultuoti su m\u016bs\u0173 specialistu. Laukiame j\u016bs\u0173 skambu\u010di\u0173 telefonu +372 58500171 nuo pirmadienio iki penktadienio 10:00\u201319:00, taip pat \u0161e\u0161tadieniais ir sekmadieniais 11:00\u201315:00. Taip pat galite palikti savo telefono numer\u012f el. pa\u0161tu <a class=\"decorated-link cursor-pointer\" style=\"color: #ff0000;\" href=\"mailto:info@skinstudio.ee\" rel=\"noopener\" data-start=\"4155\" data-end=\"4173\">info@skinstudio.ee<\/a>, ir m\u016bs\u0173 specialistas susisieks su jumis per 24 valandas.<\/span><\/p>\n<p data-start=\"4233\" data-end=\"4265\">Por\u0173 tekst\u016br\u0105 lyginantis serumas<\/p>\n<h2 data-start=\"4267\" data-end=\"4548\"><strong data-start=\"4267\" data-end=\"4331\">ULTRACEUTICALS &#8211; Resurfacing and Pore Refining Serum Savyb\u0117s<\/strong><\/h2>\n<p data-start=\"4267\" data-end=\"4548\">\u2714\ufe0f I\u0161lygina odos tekst\u016br\u0105 ir atspalv\u012f<br data-start=\"4371\" data-end=\"4374\" \/>\u2714\ufe0f Ma\u017eina pigmentacij\u0105 ir potaukini\u0173 \u017eymes<br data-start=\"4416\" data-end=\"4419\" \/>\u2714\ufe0f Suteikia sveik\u0105 \u0161vyt\u0117jim\u0105<br data-start=\"4447\" data-end=\"4450\" \/>\u2714\ufe0f Reguliuoja sebumo gamyb\u0105 ir ma\u017eina blizges\u012f<br data-start=\"4496\" data-end=\"4499\" \/>\u2714\ufe0f Giliai valo poras ir daro jas ma\u017eiau matomas<\/p>\n","protected":false},"featured_media":65839,"template":"","meta":[],"pwb-brand":[786],"product_brand":[],"product_cat":[742,744,724,748],"product_tag":[],"giftcard-category":[],"class_list":{"0":"post-61263","1":"product","2":"type-product","3":"status-publish","4":"has-post-thumbnail","6":"pwb-brand-ultraceuticals","7":"product_cat-berimai","8":"product_cat-issipletusios-poros","9":"product_cat-serumai","10":"product_cat-taukainai-adai-lt","12":"first","13":"instock","14":"taxable","15":"shipping-taxable","16":"purchasable","17":"product-type-simple"},"acf":[],"brands":[{"id":786,"name":"Ultraceuticals","slug":"ultraceuticals"}],"_links":{"self":[{"href":"https:\/\/skinstudio.ee\/lt\/wp-json\/wp\/v2\/product\/61263","targetHints":{"allow":["GET"]}}],"collection":[{"href":"https:\/\/skinstudio.ee\/lt\/wp-json\/wp\/v2\/product"}],"about":[{"href":"https:\/\/skinstudio.ee\/lt\/wp-json\/wp\/v2\/types\/product"}],"version-history":[{"count":0,"href":"https:\/\/skinstudio.ee\/lt\/wp-json\/wp\/v2\/product\/61263\/revisions"}],"wp:featuredmedia":[{"embeddable":true,"href":"https:\/\/skinstudio.ee\/lt\/wp-json\/wp\/v2\/media\/65839"}],"wp:attachment":[{"href":"https:\/\/skinstudio.ee\/lt\/wp-json\/wp\/v2\/media?parent=61263"}],"wp:term":[{"taxonomy":"pwb-brand","embeddable":true,"href":"https:\/\/skinstudio.ee\/lt\/wp-json\/wp\/v2\/pwb-brand?post=61263"},{"taxonomy":"product_brand","embeddable":true,"href":"https:\/\/skinstudio.ee\/lt\/wp-json\/wp\/v2\/product_brand?post=61263"},{"taxonomy":"product_cat","embeddable":true,"href":"https:\/\/skinstudio.ee\/lt\/wp-json\/wp\/v2\/product_cat?post=61263"},{"taxonomy":"product_tag","embeddable":true,"href":"https:\/\/skinstudio.ee\/lt\/wp-json\/wp\/v2\/product_tag?post=61263"},{"taxonomy":"giftcard-category","embeddable":true,"href":"https:\/\/skinstudio.ee\/lt\/wp-json\/wp\/v2\/giftcard-category?post=61263"}],"curies":[{"name":"wp","href":"https:\/\/api.w.org\/{rel}","templated":true}]}}