{"id":61272,"date":"2024-07-24T07:49:59","date_gmt":"2024-07-24T07:49:59","guid":{"rendered":"https:\/\/skinstudio.ee\/?post_type=product&#038;p=61272"},"modified":"2026-01-22T15:04:11","modified_gmt":"2026-01-22T15:04:11","slug":"even-skintone-serum-concentrate","status":"publish","type":"product","link":"https:\/\/skinstudio.ee\/lt\/catalog\/ultraceuticals\/even-skintone-serum-concentrate\/","title":{"rendered":"Even Skintone Serum Concentrate"},"content":{"rendered":"<p data-start=\"2448\" data-end=\"2693\">Even Skintone Serum Concentrate \u2013 \u0161velnus r\u016bg\u0161\u010di\u0173 serumas (3 lygis), sukurtas giliam odos netobulum\u0173 koregavimui. Jis padeda i\u0161lyginti odos tekst\u016br\u0105, suma\u017einti pigmentacij\u0105 ir potaukini\u0173 \u017eymes, ma\u017eina b\u0117rimus ir veikia net gilesnius komedonus.<\/p>\n<p data-start=\"2695\" data-end=\"2946\">Tai koncentruo\u010diausias serumas Ultraceuticals linijoje: trys r\u016bg\u0161\u010di\u0173 r\u016b\u0161ys ir augaliniai ekstraktai \u012fsiskverbia giliau ir skatina odos atsinaujinim\u0105 i\u0161 vidaus. Reguliariai naudojant, oda tampa lygesn\u0117, \u0161varesn\u0117 ir tolygesn\u0117. Tinka visiems odos tipams.<\/p>\n<p data-start=\"2948\" data-end=\"2974\"><strong data-start=\"2948\" data-end=\"2972\">Aktyv\u016bs ingredientai<\/strong><\/p>\n<ul data-start=\"2975\" data-end=\"3379\">\n<li data-start=\"2975\" data-end=\"3037\">\n<p data-start=\"2977\" data-end=\"3037\">Pieno r\u016bg\u0161tis \u2013 \u0161velniai atnaujina od\u0105 ir gerina atspalv\u012f.<\/p>\n<\/li>\n<li data-start=\"3038\" data-end=\"3098\">\n<p data-start=\"3040\" data-end=\"3098\">Salicilo r\u016bg\u0161tis \u2013 giliai valo poras ir ma\u017eina u\u017edegim\u0105.<\/p>\n<\/li>\n<li data-start=\"3099\" data-end=\"3169\">\n<p data-start=\"3101\" data-end=\"3169\">Citrusini\u0173 vaisi\u0173 r\u016bg\u0161tys \u2013 gerina tekst\u016br\u0105 ir suteikia \u0161vyt\u0117jimo.<\/p>\n<\/li>\n<li data-start=\"3170\" data-end=\"3231\">\n<p data-start=\"3172\" data-end=\"3231\">Niacinamidas \u2013 stiprina odos barjer\u0105 ir ma\u017eina paraudim\u0105.<\/p>\n<\/li>\n<li data-start=\"3232\" data-end=\"3295\">\n<p data-start=\"3234\" data-end=\"3295\">Me\u0161kauog\u0117 (bearberry) \u2013 padeda \u0161viesinti ir tolyginti ton\u0105.<\/p>\n<\/li>\n<li data-start=\"3296\" data-end=\"3379\">\n<p data-start=\"3298\" data-end=\"3379\">Baltosios gluosnio \u017eiev\u0117s ekstraktas \u2013 turi keratolizin\u012f ir raminam\u0105j\u012f poveik\u012f.<\/p>\n<\/li>\n<\/ul>\n<p data-start=\"3381\" data-end=\"3397\"><strong data-start=\"3381\" data-end=\"3397\">T\u016bris: 30 ml<\/strong><\/p>\n","protected":false},"excerpt":{"rendered":"<p data-start=\"3907\" data-end=\"4323\"><span style=\"color: #ff0000;\"><strong data-start=\"3907\" data-end=\"3914\">NB!<\/strong> \u0160iame produkte yra didel\u0117 aktyvi\u0173j\u0173 ingredient\u0173 koncentracija. Prie\u0161 naudojim\u0105 rekomenduojame pasikonsultuoti su m\u016bs\u0173 specialistu. Laukiame j\u016bs\u0173 skambu\u010di\u0173 telefonu +372 58500171 nuo pirmadienio iki penktadienio 10:00\u201319:00, taip pat \u0161e\u0161tadieniais ir sekmadieniais 11:00\u201315:00. Taip pat galite palikti savo telefono numer\u012f el. pa\u0161tu <a class=\"decorated-link cursor-pointer\" style=\"color: #ff0000;\" href=\"mailto:info@skinstudio.ee\" rel=\"noopener\" data-start=\"4247\" data-end=\"4265\">info@skinstudio.ee<\/a>, ir m\u016bs\u0173 specialistas susisieks su jumis per 24 valandas.<\/span><\/p>\n<p data-start=\"4325\" data-end=\"4352\">R\u016bg\u0161\u010di\u0173 koncentrato serumas<\/p>\n<h2 data-start=\"4354\" data-end=\"4634\"><strong data-start=\"4354\" data-end=\"4414\">ULTRACEUTICALS &#8211; Even Skintone Serum Concentrate Savyb\u0117s<\/strong><\/h2>\n<p data-start=\"4354\" data-end=\"4634\">\u2714\ufe0f Ma\u017eina b\u0117rimus ir padeda i\u0161vengti nauj\u0173<br data-start=\"4459\" data-end=\"4462\" \/>\u2714\ufe0f Giliai glotnina ir gerina odos tekst\u016br\u0105<br data-start=\"4504\" data-end=\"4507\" \/>\u2714\ufe0f \u0160viesina pigmentacij\u0105 ir potaukini\u0173 \u017eymes<br data-start=\"4551\" data-end=\"4554\" \/>\u2714\ufe0f Turi prie\u0161u\u017edegimin\u012f poveik\u012f<br data-start=\"4585\" data-end=\"4588\" \/>\u2714\ufe0f Palieka od\u0105 mink\u0161t\u0105, glotni\u0105 ir elasting\u0105<\/p>\n","protected":false},"featured_media":65844,"template":"","meta":[],"pwb-brand":[786],"product_brand":[],"product_cat":[742,752,724],"product_tag":[],"giftcard-category":[],"class_list":{"0":"post-61272","1":"product","2":"type-product","3":"status-publish","4":"has-post-thumbnail","6":"pwb-brand-ultraceuticals","7":"product_cat-berimai","8":"product_cat-pigmentacija-lt","9":"product_cat-serumai","11":"first","12":"outofstock","13":"taxable","14":"shipping-taxable","15":"purchasable","16":"product-type-simple"},"acf":[],"brands":[{"id":786,"name":"Ultraceuticals","slug":"ultraceuticals"}],"_links":{"self":[{"href":"https:\/\/skinstudio.ee\/lt\/wp-json\/wp\/v2\/product\/61272","targetHints":{"allow":["GET"]}}],"collection":[{"href":"https:\/\/skinstudio.ee\/lt\/wp-json\/wp\/v2\/product"}],"about":[{"href":"https:\/\/skinstudio.ee\/lt\/wp-json\/wp\/v2\/types\/product"}],"version-history":[{"count":0,"href":"https:\/\/skinstudio.ee\/lt\/wp-json\/wp\/v2\/product\/61272\/revisions"}],"wp:featuredmedia":[{"embeddable":true,"href":"https:\/\/skinstudio.ee\/lt\/wp-json\/wp\/v2\/media\/65844"}],"wp:attachment":[{"href":"https:\/\/skinstudio.ee\/lt\/wp-json\/wp\/v2\/media?parent=61272"}],"wp:term":[{"taxonomy":"pwb-brand","embeddable":true,"href":"https:\/\/skinstudio.ee\/lt\/wp-json\/wp\/v2\/pwb-brand?post=61272"},{"taxonomy":"product_brand","embeddable":true,"href":"https:\/\/skinstudio.ee\/lt\/wp-json\/wp\/v2\/product_brand?post=61272"},{"taxonomy":"product_cat","embeddable":true,"href":"https:\/\/skinstudio.ee\/lt\/wp-json\/wp\/v2\/product_cat?post=61272"},{"taxonomy":"product_tag","embeddable":true,"href":"https:\/\/skinstudio.ee\/lt\/wp-json\/wp\/v2\/product_tag?post=61272"},{"taxonomy":"giftcard-category","embeddable":true,"href":"https:\/\/skinstudio.ee\/lt\/wp-json\/wp\/v2\/giftcard-category?post=61272"}],"curies":[{"name":"wp","href":"https:\/\/api.w.org\/{rel}","templated":true}]}}