{"id":61284,"date":"2024-07-16T12:32:03","date_gmt":"2024-07-16T12:32:03","guid":{"rendered":"https:\/\/skinstudio.ee\/?post_type=product&#038;p=61284"},"modified":"2026-01-22T15:04:12","modified_gmt":"2026-01-22T15:04:12","slug":"ultra-clear-treatment-lotion","status":"publish","type":"product","link":"https:\/\/skinstudio.ee\/lt\/catalog\/ultraceuticals\/ultra-clear-treatment-lotion\/","title":{"rendered":"Ultra Clear Treatment Lotion"},"content":{"rendered":"<p data-start=\"1873\" data-end=\"2196\">Ultra Clear Treatment Lotion yra veiksminga priemon\u0117 probleminei, mi\u0161riai ir riebiai odai, linkusiai \u012f da\u017enus b\u0117rimus. Lengva formul\u0117 akimirksniu padeda nuraminti od\u0105, suma\u017einti nedidelius u\u017edegimus, i\u0161valyti u\u017esikim\u0161usias poras ir suma\u017einti aktyvius akn\u0117s elementus, tuo pa\u010diu u\u017ekertant keli\u0105 nauj\u0173 netobulum\u0173 atsiradimui.<\/p>\n<p data-start=\"2198\" data-end=\"2532\">Subalansuota sud\u0117tis su provitaminais C ir E bei vitaminu B3 padeda reguliuoti sebumo veikl\u0105, stiprina odos barjer\u0105 ir ma\u017eina b\u0117rim\u0173 pasikartojim\u0105. Raminamasis augalini\u0173 aliej\u0173 kompleksas mink\u0161tina od\u0105 ir suteikia jai lygesn\u0119, \u0161varesn\u0119 ir pri\u017ei\u016br\u0117t\u0105 i\u0161vaizd\u0105. Reguliariai naudojant, oda tampa vizualiai sveikesn\u0117, lygesn\u0117 ir \u0161varesn\u0117.<\/p>\n<p data-start=\"2534\" data-end=\"2560\"><strong data-start=\"2534\" data-end=\"2558\">Aktyv\u016bs ingredientai<\/strong><\/p>\n<ul data-start=\"2561\" data-end=\"2822\">\n<li data-start=\"2561\" data-end=\"2614\">\n<p data-start=\"2563\" data-end=\"2614\">Provitaminas C \u2013 stiprina od\u0105 ir ma\u017eina u\u017edegim\u0105.<\/p>\n<\/li>\n<li data-start=\"2615\" data-end=\"2679\">\n<p data-start=\"2617\" data-end=\"2679\">Provitaminas E \u2013 palaiko odos atsinaujinim\u0105 ir mink\u0161tina j\u0105.<\/p>\n<\/li>\n<li data-start=\"2680\" data-end=\"2756\">\n<p data-start=\"2682\" data-end=\"2756\">Vitaminas B3 (niacinamidas) \u2013 reguliuoja sebum\u0105 ir ma\u017eina por\u0173 matomum\u0105.<\/p>\n<\/li>\n<li data-start=\"2757\" data-end=\"2822\">\n<p data-start=\"2759\" data-end=\"2822\">Augaliniai aliejai \u2013 ramina, maitina ir gerina odos komfort\u0105.<\/p>\n<\/li>\n<\/ul>\n<p data-start=\"2824\" data-end=\"2840\"><strong data-start=\"2824\" data-end=\"2840\">T\u016bris: 30 ml<\/strong><\/p>\n","protected":false},"excerpt":{"rendered":"<p data-start=\"3069\" data-end=\"3090\"><span style=\"color: #ff0000;\"><strong data-start=\"1855\" data-end=\"1862\">NB!<\/strong> \u0160iame produkte yra didel\u0117 aktyvi\u0173j\u0173 ingredient\u0173 koncentracija. Prie\u0161 naudojim\u0105 rekomenduojame pasikonsultuoti su m\u016bs\u0173 specialistu. Laukiame j\u016bs\u0173 skambu\u010di\u0173 telefonu +372 58500171 nuo pirmadienio iki penktadienio 10:00\u201319:00, taip pat \u0161e\u0161tadieniais ir sekmadieniais 11:00\u201315:00. Taip pat galite palikti savo telefono numer\u012f el. pa\u0161tu <a class=\"decorated-link cursor-pointer\" style=\"color: #ff0000;\" href=\"mailto:info@skinstudio.ee\" rel=\"noopener\" data-start=\"2195\" data-end=\"2213\">info@skinstudio.ee<\/a>, ir m\u016bs\u0173 specialistas susisieks su jumis per 24 valandas.<\/span><\/p>\n<p data-start=\"3069\" data-end=\"3090\">Atkuriamasis losjonas<\/p>\n<h2 data-start=\"3092\" data-end=\"3362\"><strong data-start=\"3092\" data-end=\"3149\">ULTRACEUTICALS &#8211; Ultra Clear Treatment Lotion Savyb\u0117s<\/strong><\/h2>\n<p data-start=\"3092\" data-end=\"3362\">\u2714\ufe0f Giliai valo poras ir ma\u017eina j\u0173 matomum\u0105<br data-start=\"3194\" data-end=\"3197\" \/>\u2714\ufe0f Normalizuoja sebum\u0105 ir ma\u017eina blizges\u012f<br data-start=\"3238\" data-end=\"3241\" \/>\u2714\ufe0f Ma\u017eina u\u017edegiminius b\u0117rimus ir komedonus<br data-start=\"3284\" data-end=\"3287\" \/>\u2714\ufe0f Ramina od\u0105 ir ma\u017eina jautrum\u0105<br data-start=\"3319\" data-end=\"3322\" \/>\u2714\ufe0f Suteikia lygesn\u0119, \u0161varesn\u0119 tekst\u016br\u0105<\/p>\n","protected":false},"featured_media":65966,"template":"","meta":[],"pwb-brand":[786],"product_brand":[],"product_cat":[742,746,748,722],"product_tag":[],"giftcard-category":[],"class_list":{"0":"post-61284","1":"product","2":"type-product","3":"status-publish","4":"has-post-thumbnail","6":"pwb-brand-ultraceuticals","7":"product_cat-berimai","8":"product_cat-jautriai-odai","9":"product_cat-taukainai-adai-lt","10":"product_cat-toneriai","12":"first","13":"instock","14":"taxable","15":"shipping-taxable","16":"purchasable","17":"product-type-simple"},"acf":[],"brands":[{"id":786,"name":"Ultraceuticals","slug":"ultraceuticals"}],"_links":{"self":[{"href":"https:\/\/skinstudio.ee\/lt\/wp-json\/wp\/v2\/product\/61284","targetHints":{"allow":["GET"]}}],"collection":[{"href":"https:\/\/skinstudio.ee\/lt\/wp-json\/wp\/v2\/product"}],"about":[{"href":"https:\/\/skinstudio.ee\/lt\/wp-json\/wp\/v2\/types\/product"}],"version-history":[{"count":0,"href":"https:\/\/skinstudio.ee\/lt\/wp-json\/wp\/v2\/product\/61284\/revisions"}],"wp:featuredmedia":[{"embeddable":true,"href":"https:\/\/skinstudio.ee\/lt\/wp-json\/wp\/v2\/media\/65966"}],"wp:attachment":[{"href":"https:\/\/skinstudio.ee\/lt\/wp-json\/wp\/v2\/media?parent=61284"}],"wp:term":[{"taxonomy":"pwb-brand","embeddable":true,"href":"https:\/\/skinstudio.ee\/lt\/wp-json\/wp\/v2\/pwb-brand?post=61284"},{"taxonomy":"product_brand","embeddable":true,"href":"https:\/\/skinstudio.ee\/lt\/wp-json\/wp\/v2\/product_brand?post=61284"},{"taxonomy":"product_cat","embeddable":true,"href":"https:\/\/skinstudio.ee\/lt\/wp-json\/wp\/v2\/product_cat?post=61284"},{"taxonomy":"product_tag","embeddable":true,"href":"https:\/\/skinstudio.ee\/lt\/wp-json\/wp\/v2\/product_tag?post=61284"},{"taxonomy":"giftcard-category","embeddable":true,"href":"https:\/\/skinstudio.ee\/lt\/wp-json\/wp\/v2\/giftcard-category?post=61284"}],"curies":[{"name":"wp","href":"https:\/\/api.w.org\/{rel}","templated":true}]}}