{"id":68769,"date":"2024-07-24T07:40:03","date_gmt":"2024-07-24T07:40:03","guid":{"rendered":"https:\/\/skinstudio.ee\/?post_type=product&#038;p=68769"},"modified":"2026-01-22T15:04:11","modified_gmt":"2026-01-22T15:04:11","slug":"even-skintone-smoothing-serum","status":"publish","type":"product","link":"https:\/\/skinstudio.ee\/lt\/catalog\/ultraceuticals\/even-skintone-smoothing-serum\/","title":{"rendered":"Even Skintone Smoothing Serum"},"content":{"rendered":"<p data-start=\"2578\" data-end=\"2915\">Even Skintone Smoothing Serum \u2013 \u0161velnus antro lygio r\u016bg\u0161tinis serumas, skirtas veiksmingam, bet itin \u0161velniam odos tono ir tekst\u016bros i\u0161lyginimui. Trij\u0173 aktyvi\u0173j\u0173 r\u016bg\u0161\u010di\u0173 derinys padeda glotninti odos pavir\u0161i\u0173, ma\u017einti pilkumo \u012fsp\u016bd\u012f, slopinti komedon\u0173 susidarym\u0105 ir sugr\u0105\u017einti odai skaist\u0173, \u0161varesn\u012f ir tolygesn\u012f vaizd\u0105 be sudirginimo.<\/p>\n<p data-start=\"2917\" data-end=\"3188\">Serumas veikia netolygaus tono, lengvos hiperkeratoz\u0117s, komedon\u0173 ir ankstyv\u0173 b\u0117rim\u0173 atveju. Pieno ir citrin\u0173 r\u016bg\u0161tys didina odos dr\u0117gm\u0117s lyg\u012f ir suteikia \u0161veln\u0173 skaistinant\u012f efekt\u0105. D\u0117l \u0161velnios formul\u0117s produktas tinkamas net jautriai odai, jeigu naudojamas palaipsniui.<\/p>\n<p data-start=\"3190\" data-end=\"3399\"><strong data-start=\"3190\" data-end=\"3204\">Kam tinka:<\/strong> puikus pasirinkimas normaliai ir mi\u0161riai odai su nelygiu tonu, pavargusia i\u0161vaizda, lengvais b\u0117rimais ar komedonais. Tinka ir tiems, kurie ie\u0161ko \u0161velnaus r\u016bg\u0161tinio serumo be agresyvaus poveikio.<\/p>\n<p data-start=\"3401\" data-end=\"3620\"><strong data-start=\"3401\" data-end=\"3426\">Aktyv\u016bs ingredientai:<\/strong><br data-start=\"3426\" data-end=\"3429\" \/>pieno r\u016bg\u0161tis \u2013 dr\u0117kina ir atnaujina; me\u0161kauog\u0117s ekstraktas \u2013 skaistina ir tolygina ton\u0105; salicilo r\u016bg\u0161tis \u2013 valo poras ir ma\u017eina u\u017edegim\u0105; citrin\u0173 r\u016bg\u0161tis \u2013 suteikia \u0161vyt\u0117jimo ir lygina od\u0105.<\/p>\n<p data-start=\"3622\" data-end=\"3638\"><strong data-start=\"3622\" data-end=\"3638\">T\u016bris: 30 ml<\/strong><\/p>\n","protected":false},"excerpt":{"rendered":"<p data-start=\"4135\" data-end=\"4551\"><span style=\"color: #ff0000;\"><strong data-start=\"4135\" data-end=\"4142\">NB!<\/strong> \u0160iame produkte yra didel\u0117 aktyvi\u0173j\u0173 ingredient\u0173 koncentracija. Prie\u0161 naudojim\u0105 rekomenduojame pasikonsultuoti su m\u016bs\u0173 specialistu. Laukiame j\u016bs\u0173 skambu\u010di\u0173 telefonu +372 58500171 nuo pirmadienio iki penktadienio 10:00\u201319:00, taip pat \u0161e\u0161tadieniais ir sekmadieniais 11:00\u201315:00. Taip pat galite palikti savo telefono numer\u012f el. pa\u0161tu <a class=\"decorated-link cursor-pointer\" style=\"color: #ff0000;\" href=\"mailto:info@skinstudio.ee\" rel=\"noopener\" data-start=\"4475\" data-end=\"4493\">info@skinstudio.ee<\/a>, ir m\u016bs\u0173 specialistas susisieks su jumis per 24 valandas.<\/span><\/p>\n<p data-start=\"4553\" data-end=\"4578\">\u0160velnus r\u016bg\u0161tinis serumas<\/p>\n<h2 data-start=\"4580\" data-end=\"4857\"><strong data-start=\"4580\" data-end=\"4638\">ULTRACEUTICALS &#8211; Even Skintone Smoothing Serum Savyb\u0117s<\/strong><\/h2>\n<p data-start=\"4580\" data-end=\"4857\">\u2714\ufe0f \u0160velniai eksfolijuoja ir atnaujina od\u0105<br data-start=\"4682\" data-end=\"4685\" \/>\u2714\ufe0f I\u0161lygina ton\u0105 ir suteikia \u0161vyt\u0117jimo<br data-start=\"4723\" data-end=\"4726\" \/>\u2714\ufe0f Ma\u017eina pigmentacij\u0105 ir potaukines \u017eymes<br data-start=\"4768\" data-end=\"4771\" \/>\u2714\ufe0f I\u0161valo poras ir ma\u017eina u\u017esikim\u0161imus<br data-start=\"4809\" data-end=\"4812\" \/>\u2714\ufe0f Palieka od\u0105 lygi\u0105, \u0161velni\u0105 ir pri\u017ei\u016br\u0117t\u0105<\/p>\n","protected":false},"featured_media":68770,"template":"","meta":[],"pwb-brand":[786],"product_brand":[],"product_cat":[738,724],"product_tag":[],"giftcard-category":[],"class_list":{"0":"post-68769","1":"product","2":"type-product","3":"status-publish","4":"has-post-thumbnail","6":"pwb-brand-ultraceuticals","7":"product_cat-drekinimas","8":"product_cat-serumai","10":"first","11":"instock","12":"taxable","13":"shipping-taxable","14":"purchasable","15":"product-type-simple"},"acf":[],"brands":[{"id":786,"name":"Ultraceuticals","slug":"ultraceuticals"}],"_links":{"self":[{"href":"https:\/\/skinstudio.ee\/lt\/wp-json\/wp\/v2\/product\/68769","targetHints":{"allow":["GET"]}}],"collection":[{"href":"https:\/\/skinstudio.ee\/lt\/wp-json\/wp\/v2\/product"}],"about":[{"href":"https:\/\/skinstudio.ee\/lt\/wp-json\/wp\/v2\/types\/product"}],"version-history":[{"count":0,"href":"https:\/\/skinstudio.ee\/lt\/wp-json\/wp\/v2\/product\/68769\/revisions"}],"wp:featuredmedia":[{"embeddable":true,"href":"https:\/\/skinstudio.ee\/lt\/wp-json\/wp\/v2\/media\/68770"}],"wp:attachment":[{"href":"https:\/\/skinstudio.ee\/lt\/wp-json\/wp\/v2\/media?parent=68769"}],"wp:term":[{"taxonomy":"pwb-brand","embeddable":true,"href":"https:\/\/skinstudio.ee\/lt\/wp-json\/wp\/v2\/pwb-brand?post=68769"},{"taxonomy":"product_brand","embeddable":true,"href":"https:\/\/skinstudio.ee\/lt\/wp-json\/wp\/v2\/product_brand?post=68769"},{"taxonomy":"product_cat","embeddable":true,"href":"https:\/\/skinstudio.ee\/lt\/wp-json\/wp\/v2\/product_cat?post=68769"},{"taxonomy":"product_tag","embeddable":true,"href":"https:\/\/skinstudio.ee\/lt\/wp-json\/wp\/v2\/product_tag?post=68769"},{"taxonomy":"giftcard-category","embeddable":true,"href":"https:\/\/skinstudio.ee\/lt\/wp-json\/wp\/v2\/giftcard-category?post=68769"}],"curies":[{"name":"wp","href":"https:\/\/api.w.org\/{rel}","templated":true}]}}