{"id":68780,"date":"2024-07-24T07:29:05","date_gmt":"2024-07-24T07:29:05","guid":{"rendered":"https:\/\/skinstudio.ee\/?post_type=product&#038;p=68780"},"modified":"2026-03-21T10:04:36","modified_gmt":"2026-03-21T10:04:36","slug":"ultra-%d1%8123-firming-concentrate","status":"publish","type":"product","link":"https:\/\/skinstudio.ee\/lt\/catalog\/ultraceuticals\/ultra-%d1%8123-firming-concentrate\/","title":{"rendered":"Ultra \u042123+ Firming Concentrate"},"content":{"rendered":"<div>\n<p data-start=\"2554\" data-end=\"2853\">Ultra \u042123+ Firming Concentrate \u2013 tai itin koncentruotas serumas su dideliu C vitamino kiekiu, sukurtas pagerinti odos stangrum\u0105, \u0161vyt\u0117jim\u0105 ir bendr\u0105 b\u016bkl\u0119. Formul\u0117 suteikia odai energijos, padeda atkurti jos tonus\u0105 ir tank\u012f, taip pat u\u017etikrina stipri\u0105 antioksidacin\u0119 apsaug\u0105 nuo laisv\u0173j\u0173 radikal\u0173.<\/p>\n<p data-start=\"2855\" data-end=\"3063\">D\u0117ka 23% grynos L-askorbo r\u016bg\u0161ties, oda tampa lygesn\u0117, stangresn\u0117 ir vizualiai tolygesn\u0117. Lengva tekst\u016bra puikiai tinka naudoti po dr\u0117kinamojo kremo ir prie\u0161 SPF, sustiprinant odos skaistum\u0105 ir atsinaujinim\u0105.<\/p>\n<p data-start=\"3065\" data-end=\"3197\"><strong data-start=\"3065\" data-end=\"3079\">Kam tinka:<\/strong> idealiai tinka sausai ir mi\u0161riai odai, ypa\u010d esant sausumui, papilk\u0117jimui, elastingumo suma\u017e\u0117jimui ar odos plon\u0117jimui.<\/p>\n<p data-start=\"3199\" data-end=\"3407\"><strong data-start=\"3199\" data-end=\"3224\">Aktyv\u016bs ingredientai:<\/strong> 23% grynos L-askorbo r\u016bg\u0161ties \u2013 galingas antioksidantas, skaistinantis ir stangrinantis od\u0105; Microelastin \u2013 pagerina elastingum\u0105; Microcollagen \u2013 stiprina odos strukt\u016br\u0105 ir glotnum\u0105.<\/p>\n<p data-start=\"3409\" data-end=\"3425\"><strong data-start=\"3409\" data-end=\"3425\">T\u016bris: 30 ml<\/strong><\/p>\n<\/div>\n<picture><source srcset=\"https:\/\/milfey-shop.ru\/image\/cache\/catalog\/content\/editors\/product\/edit\/ftp094030-1-w290_jpg.webp\" media=\"(max-width: 320px)\" \/><source srcset=\"https:\/\/milfey-shop.ru\/image\/cache\/catalog\/content\/editors\/product\/edit\/ftp094030-1-w450_jpg.webp\" media=\"(max-width: 480px)\" \/><source srcset=\"https:\/\/milfey-shop.ru\/image\/cache\/catalog\/content\/editors\/product\/edit\/ftp094030-1-w738_jpg.webp\" media=\"(max-width: 768px)\" \/><\/picture>\n","protected":false},"excerpt":{"rendered":"<p data-start=\"3884\" data-end=\"4242\"><span style=\"color: #ff0000;\"><strong data-start=\"3884\" data-end=\"3891\">NB!<\/strong> This product contains a high percentage of active ingredients. We recommend consulting our specialist before use. We are available for your calls at +372 58500171 from Monday to Friday 10:00\u201319:00, and on Saturday and Sunday 11:00\u201315:00. You can also leave your phone number at <a class=\"decorated-link cursor-pointer\" style=\"color: #ff0000;\" href=\"mailto:info@skinstudio.ee\" rel=\"noopener\" data-start=\"4170\" data-end=\"4188\">info@skinstudio.ee<\/a>, and our specialist will contact you within 24 hours.<\/span><\/p>\n<p data-start=\"4244\" data-end=\"4271\">Stangrinamasis koncentratas<\/p>\n<h2 data-start=\"4273\" data-end=\"4536\"><strong data-start=\"4273\" data-end=\"4332\">ULTRACEUTICALS &#8211; Ultra \u042123+ Firming Concentrate Savyb\u0117s<\/strong><\/h2>\n<p data-start=\"4273\" data-end=\"4536\">\u2714\ufe0f Gerina odos stangrum\u0105 ir tank\u012f<br data-start=\"4368\" data-end=\"4371\" \/>\u2714\ufe0f Skaistina ir suteikia \u0161vyt\u0117jimo<br data-start=\"4405\" data-end=\"4408\" \/>\u2714\ufe0f Stiprina dermos strukt\u016br\u0105<br data-start=\"4436\" data-end=\"4439\" \/>\u2714\ufe0f Suteikia galing\u0105 antioksidacin\u0119 apsaug\u0105<br data-start=\"4481\" data-end=\"4484\" \/>\u2714\ufe0f Palieka od\u0105 lygesn\u0119, elastingesn\u0119 ir pri\u017ei\u016br\u0117t\u0105<\/p>\n","protected":false},"featured_media":65849,"template":"","meta":[],"pwb-brand":[786],"product_brand":[],"product_cat":[740],"product_tag":[],"giftcard-category":[],"class_list":{"0":"post-68780","1":"product","2":"type-product","3":"status-publish","4":"has-post-thumbnail","6":"pwb-brand-ultraceuticals","7":"product_cat-sausai-odai","9":"first","10":"outofstock","11":"taxable","12":"shipping-taxable","13":"purchasable","14":"product-type-simple"},"acf":[],"brands":[{"id":786,"name":"Ultraceuticals","slug":"ultraceuticals"}],"_links":{"self":[{"href":"https:\/\/skinstudio.ee\/lt\/wp-json\/wp\/v2\/product\/68780","targetHints":{"allow":["GET"]}}],"collection":[{"href":"https:\/\/skinstudio.ee\/lt\/wp-json\/wp\/v2\/product"}],"about":[{"href":"https:\/\/skinstudio.ee\/lt\/wp-json\/wp\/v2\/types\/product"}],"version-history":[{"count":1,"href":"https:\/\/skinstudio.ee\/lt\/wp-json\/wp\/v2\/product\/68780\/revisions"}],"predecessor-version":[{"id":87198,"href":"https:\/\/skinstudio.ee\/lt\/wp-json\/wp\/v2\/product\/68780\/revisions\/87198"}],"wp:featuredmedia":[{"embeddable":true,"href":"https:\/\/skinstudio.ee\/lt\/wp-json\/wp\/v2\/media\/65849"}],"wp:attachment":[{"href":"https:\/\/skinstudio.ee\/lt\/wp-json\/wp\/v2\/media?parent=68780"}],"wp:term":[{"taxonomy":"pwb-brand","embeddable":true,"href":"https:\/\/skinstudio.ee\/lt\/wp-json\/wp\/v2\/pwb-brand?post=68780"},{"taxonomy":"product_brand","embeddable":true,"href":"https:\/\/skinstudio.ee\/lt\/wp-json\/wp\/v2\/product_brand?post=68780"},{"taxonomy":"product_cat","embeddable":true,"href":"https:\/\/skinstudio.ee\/lt\/wp-json\/wp\/v2\/product_cat?post=68780"},{"taxonomy":"product_tag","embeddable":true,"href":"https:\/\/skinstudio.ee\/lt\/wp-json\/wp\/v2\/product_tag?post=68780"},{"taxonomy":"giftcard-category","embeddable":true,"href":"https:\/\/skinstudio.ee\/lt\/wp-json\/wp\/v2\/giftcard-category?post=68780"}],"curies":[{"name":"wp","href":"https:\/\/api.w.org\/{rel}","templated":true}]}}