{"id":68791,"date":"2024-07-24T07:13:31","date_gmt":"2024-07-24T07:13:31","guid":{"rendered":"https:\/\/skinstudio.ee\/?post_type=product&#038;p=68791"},"modified":"2026-01-22T15:04:11","modified_gmt":"2026-01-22T15:04:11","slug":"ultra-a-perfecting-intense-booster","status":"publish","type":"product","link":"https:\/\/skinstudio.ee\/lt\/catalog\/ultraceuticals\/ultra-a-perfecting-intense-booster\/","title":{"rendered":"Ultra A Perfecting Intense Booster"},"content":{"rendered":"<p data-start=\"2485\" data-end=\"2765\">Ultra A Perfecting Intense Booster sukurtas tiems, kurie jau naudoja retinol\u012f ir nori pereiti prie auk\u0161tesn\u0117s koncentracijos stipresniems rezultatams. 0.6% retinolio koncentracija padeda ma\u017einti pigmentacij\u0105, tolyginti odos atspalv\u012f, gerinti tekst\u016br\u0105 ir suteikti odai stangrumo.<\/p>\n<p data-start=\"2767\" data-end=\"2974\">Serumas gerina odos strukt\u016br\u0105, reguliuoja riebal\u0173 i\u0161siskyrim\u0105, ma\u017eina u\u017edegiminius elementus ir saugo nuo laisv\u0173j\u0173 radikal\u0173 poveikio. Reguliariai naudojant oda tampa lygesn\u0117, \u0161varesn\u0117 ir vizualiai sveikesn\u0117.<\/p>\n<p data-start=\"2976\" data-end=\"3128\"><strong data-start=\"2976\" data-end=\"2990\">Kam tinka:<\/strong> tinka visiems odos tipams, ta\u010diau ypa\u010d gerai veikia mi\u0161ri\u0105 ir riebi\u0105 od\u0105, linkusi\u0105 \u012f i\u0161b\u0117rimus, netolyg\u0173 ton\u0105 ir padidint\u0105 riebalavim\u0105si.<\/p>\n<p data-start=\"3130\" data-end=\"3323\"><strong data-start=\"3130\" data-end=\"3155\">Aktyv\u016bs ingredientai:<\/strong> retinolis 0.6% \u2013 glotnina ir atnaujina; provitaminas C \u2013 suteikia \u0161vyt\u0117jimo; palmitoiltripeptidas-5 \u2013 gerina elastingum\u0105; bromelainas \u2013 \u0161velniai eksfoliuoja ir ramina.<\/p>\n<p data-start=\"3325\" data-end=\"3341\"><strong data-start=\"3325\" data-end=\"3341\">T\u016bris: 30 ml<\/strong><\/p>\n","protected":false},"excerpt":{"rendered":"<p data-start=\"3788\" data-end=\"4146\"><span style=\"color: #ff0000;\"><strong data-start=\"3788\" data-end=\"3795\">NB!<\/strong> This product contains a high percentage of active ingredients. We recommend consulting our specialist before use. We are available for your calls at +372 58500171 from Monday to Friday 10:00\u201319:00, and on Saturday and Sunday 11:00\u201315:00. You can also leave your phone number at <a class=\"decorated-link cursor-pointer\" style=\"color: #ff0000;\" href=\"mailto:info@skinstudio.ee\" rel=\"noopener\" data-start=\"4074\" data-end=\"4092\">info@skinstudio.ee<\/a>, and our specialist will contact you within 24 hours.<\/span><\/p>\n<p data-start=\"4148\" data-end=\"4166\">A vitamino booster<\/p>\n<h2 data-start=\"4168\" data-end=\"4436\"><strong data-start=\"4168\" data-end=\"4231\">ULTRACEUTICALS &#8211; Ultra A Perfecting Intense Booster Savyb\u0117s<\/strong><\/h2>\n<p data-start=\"4168\" data-end=\"4436\">\u2714\ufe0f I\u0161lygina odos tekst\u016br\u0105 ir ton\u0105<br data-start=\"4267\" data-end=\"4270\" \/>\u2714\ufe0f Ma\u017eina pigmentacij\u0105 ir postaknes \u017eymes<br data-start=\"4311\" data-end=\"4314\" \/>\u2714\ufe0f Reguliuoja riebal\u0173 i\u0161siskyrim\u0105<br data-start=\"4347\" data-end=\"4350\" \/>\u2714\ufe0f Saugo nuo laisv\u0173j\u0173 radikal\u0173<br data-start=\"4380\" data-end=\"4383\" \/>\u2714\ufe0f \u0160velnina sen\u0117jimo po\u017eymius ir gerina elastingum\u0105<\/p>\n","protected":false},"featured_media":68793,"template":"","meta":[],"pwb-brand":[786],"product_brand":[],"product_cat":[724,748,728],"product_tag":[],"giftcard-category":[],"class_list":{"0":"post-68791","1":"product","2":"type-product","3":"status-publish","4":"has-post-thumbnail","6":"pwb-brand-ultraceuticals","7":"product_cat-serumai","8":"product_cat-taukainai-adai-lt","9":"product_cat-vitaminas-a-retinolis","11":"first","12":"outofstock","13":"taxable","14":"shipping-taxable","15":"purchasable","16":"product-type-simple"},"acf":[],"brands":[{"id":786,"name":"Ultraceuticals","slug":"ultraceuticals"}],"_links":{"self":[{"href":"https:\/\/skinstudio.ee\/lt\/wp-json\/wp\/v2\/product\/68791","targetHints":{"allow":["GET"]}}],"collection":[{"href":"https:\/\/skinstudio.ee\/lt\/wp-json\/wp\/v2\/product"}],"about":[{"href":"https:\/\/skinstudio.ee\/lt\/wp-json\/wp\/v2\/types\/product"}],"version-history":[{"count":0,"href":"https:\/\/skinstudio.ee\/lt\/wp-json\/wp\/v2\/product\/68791\/revisions"}],"wp:featuredmedia":[{"embeddable":true,"href":"https:\/\/skinstudio.ee\/lt\/wp-json\/wp\/v2\/media\/68793"}],"wp:attachment":[{"href":"https:\/\/skinstudio.ee\/lt\/wp-json\/wp\/v2\/media?parent=68791"}],"wp:term":[{"taxonomy":"pwb-brand","embeddable":true,"href":"https:\/\/skinstudio.ee\/lt\/wp-json\/wp\/v2\/pwb-brand?post=68791"},{"taxonomy":"product_brand","embeddable":true,"href":"https:\/\/skinstudio.ee\/lt\/wp-json\/wp\/v2\/product_brand?post=68791"},{"taxonomy":"product_cat","embeddable":true,"href":"https:\/\/skinstudio.ee\/lt\/wp-json\/wp\/v2\/product_cat?post=68791"},{"taxonomy":"product_tag","embeddable":true,"href":"https:\/\/skinstudio.ee\/lt\/wp-json\/wp\/v2\/product_tag?post=68791"},{"taxonomy":"giftcard-category","embeddable":true,"href":"https:\/\/skinstudio.ee\/lt\/wp-json\/wp\/v2\/giftcard-category?post=68791"}],"curies":[{"name":"wp","href":"https:\/\/api.w.org\/{rel}","templated":true}]}}