{"id":68802,"date":"2024-07-23T11:26:15","date_gmt":"2024-07-23T11:26:15","guid":{"rendered":"https:\/\/skinstudio.ee\/?post_type=product&#038;p=68802"},"modified":"2026-01-22T15:04:11","modified_gmt":"2026-01-22T15:04:11","slug":"ultra-a-perfecting-serum","status":"publish","type":"product","link":"https:\/\/skinstudio.ee\/lt\/catalog\/ultraceuticals\/ultra-a-perfecting-serum\/","title":{"rendered":"Ultra A Perfecting Serum"},"content":{"rendered":"<p data-start=\"2298\" data-end=\"2648\">Ultra A Perfecting Serum \u2013 tai pa\u017eengusi 0,4% retinolio formul\u0117 tiems, kurie jau baig\u0117 pirm\u0105j\u012f A vitamino etap\u0105 Ultraceuticals kolekcijoje ir nori pereiti prie didesnio veiksmingumo. Serumas veikia giliai, bet \u0161velniai \u2013 gerina odos tekst\u016br\u0105, ma\u017eina netobulumus, skatina l\u0105steli\u0173 atsinaujinim\u0105 ir suteikia odai vizualiai glotnesn\u0119, gaivesn\u0119 i\u0161vaizd\u0105.<\/p>\n<p data-start=\"2650\" data-end=\"2879\">Formul\u0117 sujungia retinol\u012f su raminan\u010diais ir apsauginiais ingredientais, padeda i\u0161lyginti odos atspalv\u012f, pagerinti por\u0173 b\u016bkl\u0119 ir sustiprinti odos stangrum\u0105. Reguliariai naudojant, oda tampa \u0161varesn\u0117, lygesn\u0117 ir labiau pri\u017ei\u016br\u0117ta.<\/p>\n<p data-start=\"2881\" data-end=\"3332\"><strong data-start=\"2881\" data-end=\"2895\">Kam tinka:<\/strong> vis\u0173 tip\u0173 odai, \u012fskaitant jautri\u0105. Puikiai tinka tekst\u016bros gerinimui, netobulum\u0173 ma\u017einimui ir pirmiesiems sen\u0117jimo po\u017eymiams.<br data-start=\"3021\" data-end=\"3024\" \/><strong data-start=\"3024\" data-end=\"3049\">Aktyv\u016bs ingredientai:<\/strong><br data-start=\"3049\" data-end=\"3052\" \/>\u2022 Retinolis 0.4% \u2013 skatina l\u0105steli\u0173 atsinaujinim\u0105 ir glotnina tekst\u016br\u0105.<br data-start=\"3123\" data-end=\"3126\" \/>\u2022 Bisabololis \u2013 ramina ir ma\u017eina jautrum\u0105.<br data-start=\"3168\" data-end=\"3171\" \/>\u2022 Glicerinas \u2013 dr\u0117kina ir stiprina odos barjer\u0105.<br data-start=\"3219\" data-end=\"3222\" \/>\u2022 Jojobos aliejus \u2013 mink\u0161tina ir palaiko odos komfort\u0105.<br data-start=\"3277\" data-end=\"3280\" \/>\u2022 Alfa-tokoferolis \u2013 saugo nuo oksidacinio streso.<\/p>\n<p data-start=\"3334\" data-end=\"3350\"><strong data-start=\"3334\" data-end=\"3344\">T\u016bris:<\/strong> 30 ml<\/p>\n","protected":false},"excerpt":{"rendered":"<p data-start=\"3734\" data-end=\"4079\"><span style=\"color: #ff0000;\"><strong data-start=\"3734\" data-end=\"3741\">NB!<\/strong> \u0160iame produkte yra didel\u0117 aktyvi\u0173j\u0173 ingredient\u0173 koncentracija. Prie\u0161 naudojim\u0105 rekomenduojame pasikonsultuoti su m\u016bs\u0173 specialistu. Skambinkite mums +372 58500171 darbo dienomis 10:00\u201319:00 ir savaitgaliais 11:00\u201315:00. Taip pat galite atsi\u0173sti savo telefono numer\u012f adresu <a class=\"decorated-link cursor-pointer\" style=\"color: #ff0000;\" href=\"mailto:info@skinstudio.ee\" rel=\"noopener\" data-start=\"4014\" data-end=\"4032\">info@skinstudio.ee<\/a> \u2013 m\u016bs\u0173 specialistas susisieks per 24 valandas.<\/span><\/p>\n<p data-start=\"4081\" data-end=\"4099\">A vitamino serumas<\/p>\n<h2 data-start=\"4101\" data-end=\"4352\"><strong data-start=\"4101\" data-end=\"4155\">Ultraceauticals &#8211; Ultra A Perfecting Serum Savyb\u0117s<\/strong><\/h2>\n<p data-start=\"4101\" data-end=\"4352\">\u2714\ufe0f Suteikia stipr\u0173 korekcin\u012f poveik\u012f<br data-start=\"4194\" data-end=\"4197\" \/>\u2714\ufe0f Ma\u017eina pirmuosius sen\u0117jimo po\u017eymius<br data-start=\"4235\" data-end=\"4238\" \/>\u2714\ufe0f Ma\u017eina netobulumus ir pigmentacij\u0105<br data-start=\"4275\" data-end=\"4278\" \/>\u2714\ufe0f Saugo nuo oksidacinio streso<br data-start=\"4309\" data-end=\"4312\" \/>\u2714\ufe0f Skatina kolageno ir elastino gamyb\u0105<\/p>\n","protected":false},"featured_media":65855,"template":"","meta":[],"pwb-brand":[786],"product_brand":[],"product_cat":[724,728],"product_tag":[],"giftcard-category":[],"class_list":{"0":"post-68802","1":"product","2":"type-product","3":"status-publish","4":"has-post-thumbnail","6":"pwb-brand-ultraceuticals","7":"product_cat-serumai","8":"product_cat-vitaminas-a-retinolis","10":"first","11":"instock","12":"taxable","13":"shipping-taxable","14":"purchasable","15":"product-type-simple"},"acf":[],"brands":[{"id":786,"name":"Ultraceuticals","slug":"ultraceuticals"}],"_links":{"self":[{"href":"https:\/\/skinstudio.ee\/lt\/wp-json\/wp\/v2\/product\/68802","targetHints":{"allow":["GET"]}}],"collection":[{"href":"https:\/\/skinstudio.ee\/lt\/wp-json\/wp\/v2\/product"}],"about":[{"href":"https:\/\/skinstudio.ee\/lt\/wp-json\/wp\/v2\/types\/product"}],"version-history":[{"count":0,"href":"https:\/\/skinstudio.ee\/lt\/wp-json\/wp\/v2\/product\/68802\/revisions"}],"wp:featuredmedia":[{"embeddable":true,"href":"https:\/\/skinstudio.ee\/lt\/wp-json\/wp\/v2\/media\/65855"}],"wp:attachment":[{"href":"https:\/\/skinstudio.ee\/lt\/wp-json\/wp\/v2\/media?parent=68802"}],"wp:term":[{"taxonomy":"pwb-brand","embeddable":true,"href":"https:\/\/skinstudio.ee\/lt\/wp-json\/wp\/v2\/pwb-brand?post=68802"},{"taxonomy":"product_brand","embeddable":true,"href":"https:\/\/skinstudio.ee\/lt\/wp-json\/wp\/v2\/product_brand?post=68802"},{"taxonomy":"product_cat","embeddable":true,"href":"https:\/\/skinstudio.ee\/lt\/wp-json\/wp\/v2\/product_cat?post=68802"},{"taxonomy":"product_tag","embeddable":true,"href":"https:\/\/skinstudio.ee\/lt\/wp-json\/wp\/v2\/product_tag?post=68802"},{"taxonomy":"giftcard-category","embeddable":true,"href":"https:\/\/skinstudio.ee\/lt\/wp-json\/wp\/v2\/giftcard-category?post=68802"}],"curies":[{"name":"wp","href":"https:\/\/api.w.org\/{rel}","templated":true}]}}