{"id":68812,"date":"2024-07-23T10:26:04","date_gmt":"2024-07-23T10:26:04","guid":{"rendered":"https:\/\/skinstudio.ee\/?post_type=product&#038;p=68812"},"modified":"2026-01-22T15:04:11","modified_gmt":"2026-01-22T15:04:11","slug":"ultra-a-perfecting-eye-cream","status":"publish","type":"product","link":"https:\/\/skinstudio.ee\/lt\/catalog\/ultraceuticals\/ultra-a-perfecting-eye-cream\/","title":{"rendered":"Ultra A Perfecting Eye Cream"},"content":{"rendered":"<p data-start=\"2184\" data-end=\"2468\">Ultra A Perfecting Eye Cream \u2013 \u0161velnus, ta\u010diau veiksmingas paaki\u0173 kremas su nedideliu retinolio kiekiu, tinkantis net jautriai paaki\u0173 odai. Jis intensyviai maitina, dr\u0117kina ir stiprina plon\u0105 od\u0105 aplink akis, padeda atkurti jos glotnum\u0105, tvirtum\u0105 ir suteikia gaiv\u0173, pails\u0117jus\u012f \u012fvaizd\u012f.<\/p>\n<p data-start=\"2470\" data-end=\"2646\">Tai puikus pasirinkimas pastebint pirmuosius sen\u0117jimo po\u017eymius. Kremas i\u0161lygina odos atspalv\u012f, \u0161velnina smulkias rauk\u0161leles, gerina tekst\u016br\u0105 ir suteikia aki\u0173 sri\u010diai \u0161vyt\u0117jim\u0105.<\/p>\n<p data-start=\"2648\" data-end=\"2995\"><strong data-start=\"2648\" data-end=\"2662\">Kam tinka:<\/strong> vis\u0173 tip\u0173 odai, \u012fskaitant jautri\u0105.<br data-start=\"2697\" data-end=\"2700\" \/><strong data-start=\"2700\" data-end=\"2725\">Aktyv\u016bs ingredientai:<\/strong><br data-start=\"2725\" data-end=\"2728\" \/>\u2022 Retinolis \u2013 skatina l\u0105steli\u0173 atsinaujinim\u0105 ir gerina tekst\u016br\u0105.<br data-start=\"2792\" data-end=\"2795\" \/>\u2022 Heksapeptidas-8 \u2013 padeda suma\u017einti mimikos linijas.<br data-start=\"2848\" data-end=\"2851\" \/>\u2022 Kofeinas \u2013 ma\u017eina paburkim\u0105 ir gaivina paakius.<br data-start=\"2900\" data-end=\"2903\" \/>\u2022 Bisabololis \u2013 ramina ir ma\u017eina jautrum\u0105.<br data-start=\"2945\" data-end=\"2948\" \/>\u2022 Tokoferolis \u2013 saugo nuo oksidacinio streso.<\/p>\n<p data-start=\"2997\" data-end=\"3013\"><strong data-start=\"2997\" data-end=\"3007\">T\u016bris:<\/strong> 15 ml<\/p>\n","protected":false},"excerpt":{"rendered":"<p data-start=\"3426\" data-end=\"3773\"><span style=\"color: #ff0000;\"><strong data-start=\"3426\" data-end=\"3433\">NB!<\/strong> \u0160iame produkte yra didel\u0117 aktyvi\u0173j\u0173 ingredient\u0173 koncentracija. Prie\u0161 naudojim\u0105 rekomenduojame pasikonsultuoti su m\u016bs\u0173 specialistu. Skambinkite +372 58500171 darbo dienomis 10:00\u201319:00, savaitgaliais 11:00\u201315:00. Taip pat galite atsi\u0173sti savo telefono numer\u012f adresu <a class=\"decorated-link cursor-pointer\" style=\"color: #ff0000;\" href=\"mailto:info@skinstudio.ee\" rel=\"noopener\" data-start=\"3699\" data-end=\"3717\">info@skinstudio.ee<\/a> \u2013 m\u016bs\u0173 specialistas susisieks su jumis per 24 valandas.<\/span><\/p>\n<p data-start=\"3775\" data-end=\"3801\">Paaki\u0173 kremas su retinoliu<\/p>\n<h2 data-start=\"3803\" data-end=\"4094\"><strong data-start=\"3803\" data-end=\"3860\">Ultraceuticals &#8211; Ultra A Perfecting Eye Cream Savyb\u0117s<\/strong><\/h2>\n<p data-start=\"3803\" data-end=\"4094\">\u2714\ufe0f Ma\u017eina su am\u017eiumi atsirandan\u010dius poky\u010dius<br data-start=\"3907\" data-end=\"3910\" \/>\u2714\ufe0f \u0160viesina ir i\u0161lygina odos atspalv\u012f po akimis<br data-start=\"3957\" data-end=\"3960\" \/>\u2714\ufe0f Giliai dr\u0117kina ir atkuria od\u0105<br data-start=\"3992\" data-end=\"3995\" \/>\u2714\ufe0f Stiprina ir tvirtina paaki\u0173 od\u0105<br data-start=\"4029\" data-end=\"4032\" \/>\u2714\ufe0f Skatina l\u0105steli\u0173 atsinaujinim\u0105, suteikdamas gaiv\u0173 \u012fvaizd\u012f<\/p>\n","protected":false},"featured_media":65866,"template":"","meta":[],"pwb-brand":[786],"product_brand":[],"product_cat":[734,750,728],"product_tag":[],"giftcard-category":[],"class_list":{"0":"post-68812","1":"product","2":"type-product","3":"status-publish","4":"has-post-thumbnail","6":"pwb-brand-ultraceuticals","7":"product_cat-oda-aplink-akis","8":"product_cat-senstanti-oda","9":"product_cat-vitaminas-a-retinolis","11":"first","12":"instock","13":"taxable","14":"shipping-taxable","15":"purchasable","16":"product-type-simple"},"acf":[],"brands":[{"id":786,"name":"Ultraceuticals","slug":"ultraceuticals"}],"_links":{"self":[{"href":"https:\/\/skinstudio.ee\/lt\/wp-json\/wp\/v2\/product\/68812","targetHints":{"allow":["GET"]}}],"collection":[{"href":"https:\/\/skinstudio.ee\/lt\/wp-json\/wp\/v2\/product"}],"about":[{"href":"https:\/\/skinstudio.ee\/lt\/wp-json\/wp\/v2\/types\/product"}],"version-history":[{"count":0,"href":"https:\/\/skinstudio.ee\/lt\/wp-json\/wp\/v2\/product\/68812\/revisions"}],"wp:featuredmedia":[{"embeddable":true,"href":"https:\/\/skinstudio.ee\/lt\/wp-json\/wp\/v2\/media\/65866"}],"wp:attachment":[{"href":"https:\/\/skinstudio.ee\/lt\/wp-json\/wp\/v2\/media?parent=68812"}],"wp:term":[{"taxonomy":"pwb-brand","embeddable":true,"href":"https:\/\/skinstudio.ee\/lt\/wp-json\/wp\/v2\/pwb-brand?post=68812"},{"taxonomy":"product_brand","embeddable":true,"href":"https:\/\/skinstudio.ee\/lt\/wp-json\/wp\/v2\/product_brand?post=68812"},{"taxonomy":"product_cat","embeddable":true,"href":"https:\/\/skinstudio.ee\/lt\/wp-json\/wp\/v2\/product_cat?post=68812"},{"taxonomy":"product_tag","embeddable":true,"href":"https:\/\/skinstudio.ee\/lt\/wp-json\/wp\/v2\/product_tag?post=68812"},{"taxonomy":"giftcard-category","embeddable":true,"href":"https:\/\/skinstudio.ee\/lt\/wp-json\/wp\/v2\/giftcard-category?post=68812"}],"curies":[{"name":"wp","href":"https:\/\/api.w.org\/{rel}","templated":true}]}}