{"id":68825,"date":"2024-07-23T10:53:41","date_gmt":"2024-07-23T10:53:41","guid":{"rendered":"https:\/\/skinstudio.ee\/?post_type=product&#038;p=68825"},"modified":"2026-01-22T15:04:12","modified_gmt":"2026-01-22T15:04:12","slug":"ultra-dna3-complex-recovery-night-cream","status":"publish","type":"product","link":"https:\/\/skinstudio.ee\/lt\/catalog\/ultraceuticals\/ultra-dna3-complex-recovery-night-cream\/","title":{"rendered":"Ultra DNA3 Complex Recovery Night Cream"},"content":{"rendered":"<p data-start=\"2190\" data-end=\"2496\">Ultra DNA3 Complex Recovery Night Cream &#8211; atkuriamasis naktinis kremas su trigubu ferment\u0173 kompleksu DNA3, veikian\u010diu sinchroni\u0161kai su nat\u016braliu odos naktiniu atsinaujinimo ciklu. Jis skatina regeneracij\u0105, gerina dr\u0117gm\u0117s lyg\u012f, stiprina odos elastingum\u0105 ir ma\u017eina smulkias rauk\u0161leles bei nuovargio po\u017eymius.<\/p>\n<p data-start=\"2498\" data-end=\"2694\">Sodri tekst\u016bra tirpsta ant odos ir tampa lengva lyg serumas, greitai \u012fsigeria ir suteikia ilgalaik\u012f komfort\u0105. Reguliariai naudojant oda tampa lygesn\u0117, stangresn\u0117, \u0161vytinti ir vizualiai atgaivinta.<\/p>\n<p data-start=\"2696\" data-end=\"3094\"><strong data-start=\"2696\" data-end=\"2710\">Kam tinka:<\/strong> tinka vis\u0173 tip\u0173 odai, \u012fskaitant jautri\u0105.<br data-start=\"2751\" data-end=\"2754\" \/><strong data-start=\"2754\" data-end=\"2779\">Aktyv\u016bs ingredientai:<\/strong><br data-start=\"2779\" data-end=\"2782\" \/>\u2022 Folio r\u016bg\u0161tis &#8211; skatina l\u0105steli\u0173 atsinaujinim\u0105 ir gerina odos elastingum\u0105.<br data-start=\"2858\" data-end=\"2861\" \/>\u2022 Skvalanas &#8211; atkuria lipid\u0173 barjer\u0105 ir mink\u0161tina od\u0105.<br data-start=\"2915\" data-end=\"2918\" \/>\u2022 Avokad\u0173 aliejus &#8211; maitina ir stiprina apsaugines funkcijas.<br data-start=\"2979\" data-end=\"2982\" \/>\u2022 Glicerinas &#8211; giliai dr\u0117kina ir padeda i\u0161laikyti dr\u0117gm\u0119.<br data-start=\"3039\" data-end=\"3042\" \/>\u2022 Pantenolis &#8211; ramina ir palaiko odos atsinaujinim\u0105.<\/p>\n<p data-start=\"3096\" data-end=\"3112\"><strong data-start=\"3096\" data-end=\"3106\">T\u016bris:<\/strong> 60 ml<\/p>\n","protected":false},"excerpt":{"rendered":"<p data-start=\"3226\" data-end=\"3538\"><span style=\"color: #ff0000;\"><strong data-start=\"3226\" data-end=\"3233\">NB!<\/strong> \u0160iame produkte yra didel\u0117 aktyvi\u0173j\u0173 ingredient\u0173 koncentracija. Prie\u0161 naudojim\u0105 rekomenduojame pasikonsultuoti su specialistu. Skambinkite +372 58500171 darbo dienomis 10:00-19:00, savaitgaliais 11:00-15:00. Taip pat galite palikti savo numer\u012f <a class=\"decorated-link cursor-pointer\" style=\"color: #ff0000;\" href=\"mailto:info@skinstudio.ee\" rel=\"noopener\" data-start=\"3477\" data-end=\"3495\">info@skinstudio.ee<\/a> ir specialistas susisieks per 24 valandas.<\/span><\/p>\n<p data-start=\"3540\" data-end=\"3568\">Atkuriamasis naktinis kremas<\/p>\n<h2 data-start=\"3570\" data-end=\"3851\"><strong data-start=\"3570\" data-end=\"3638\">Ultraceuticals &#8211; Ultra DNA3 Complex Recovery Night Cream Savyb\u0117s<\/strong><\/h2>\n<p data-start=\"3570\" data-end=\"3851\">\u2714\ufe0f Gerina odos tekst\u016br\u0105 ir tonus\u0105<br data-start=\"3674\" data-end=\"3677\" \/>\u2714\ufe0f Ma\u017eina smulkias rauk\u0161les ir linijas<br data-start=\"3715\" data-end=\"3718\" \/>\u2714\ufe0f Suteikia gilaus dr\u0117kinimo ir maitinimo efekt\u0105<br data-start=\"3766\" data-end=\"3769\" \/>\u2714\ufe0f Saugo od\u0105 nuo aplinkos stresori\u0173<br data-start=\"3804\" data-end=\"3807\" \/>\u2714\ufe0f Skatina odos atsinaujinim\u0105 nakties metu<\/p>\n","protected":false},"featured_media":68826,"template":"","meta":[],"pwb-brand":[786],"product_brand":[],"product_cat":[738,750],"product_tag":[],"giftcard-category":[],"class_list":{"0":"post-68825","1":"product","2":"type-product","3":"status-publish","4":"has-post-thumbnail","6":"pwb-brand-ultraceuticals","7":"product_cat-drekinimas","8":"product_cat-senstanti-oda","10":"first","11":"outofstock","12":"taxable","13":"shipping-taxable","14":"purchasable","15":"product-type-simple"},"acf":[],"brands":[{"id":786,"name":"Ultraceuticals","slug":"ultraceuticals"}],"_links":{"self":[{"href":"https:\/\/skinstudio.ee\/lt\/wp-json\/wp\/v2\/product\/68825","targetHints":{"allow":["GET"]}}],"collection":[{"href":"https:\/\/skinstudio.ee\/lt\/wp-json\/wp\/v2\/product"}],"about":[{"href":"https:\/\/skinstudio.ee\/lt\/wp-json\/wp\/v2\/types\/product"}],"version-history":[{"count":0,"href":"https:\/\/skinstudio.ee\/lt\/wp-json\/wp\/v2\/product\/68825\/revisions"}],"wp:featuredmedia":[{"embeddable":true,"href":"https:\/\/skinstudio.ee\/lt\/wp-json\/wp\/v2\/media\/68826"}],"wp:attachment":[{"href":"https:\/\/skinstudio.ee\/lt\/wp-json\/wp\/v2\/media?parent=68825"}],"wp:term":[{"taxonomy":"pwb-brand","embeddable":true,"href":"https:\/\/skinstudio.ee\/lt\/wp-json\/wp\/v2\/pwb-brand?post=68825"},{"taxonomy":"product_brand","embeddable":true,"href":"https:\/\/skinstudio.ee\/lt\/wp-json\/wp\/v2\/product_brand?post=68825"},{"taxonomy":"product_cat","embeddable":true,"href":"https:\/\/skinstudio.ee\/lt\/wp-json\/wp\/v2\/product_cat?post=68825"},{"taxonomy":"product_tag","embeddable":true,"href":"https:\/\/skinstudio.ee\/lt\/wp-json\/wp\/v2\/product_tag?post=68825"},{"taxonomy":"giftcard-category","embeddable":true,"href":"https:\/\/skinstudio.ee\/lt\/wp-json\/wp\/v2\/giftcard-category?post=68825"}],"curies":[{"name":"wp","href":"https:\/\/api.w.org\/{rel}","templated":true}]}}