{"id":68851,"date":"2024-07-23T10:37:05","date_gmt":"2024-07-23T10:37:05","guid":{"rendered":"https:\/\/skinstudio.ee\/?post_type=product&#038;p=68851"},"modified":"2026-01-22T15:04:12","modified_gmt":"2026-01-22T15:04:12","slug":"ultra-c-firming-eye-cream","status":"publish","type":"product","link":"https:\/\/skinstudio.ee\/lt\/catalog\/ultraceuticals\/ultra-c-firming-eye-cream\/","title":{"rendered":"Ultra C Firming Eye Cream"},"content":{"rendered":"<p data-start=\"2094\" data-end=\"2375\">Ultra C Firming Eye Cream &#8211; stiprinamasis paaki\u0173 kremas, veikiantis dviem kryptimis: stiprina kapiliar\u0173 sieneles ir padeda suma\u017einti tamsius ratilus bei paburkim\u0105. Kremas pagerina odos tamprum\u0105, glotnum\u0105 bei \u0161vyt\u0117jim\u0105, suteikdamas pails\u0117jusi\u0173 aki\u0173 \u012fsp\u016bd\u012f jau po savait\u0117s naudojimo.<\/p>\n<p data-start=\"2377\" data-end=\"2569\">Aktyvi formul\u0117 skatina mikrocirkuliacij\u0105, stiprina plon\u0105 paaki\u0173 od\u0105, saugo nuo oksidacinio streso ir u\u017etikrina ilgalaik\u012f dr\u0117kinim\u0105, tod\u0117l paaki\u0173 sritis atrodo lygesn\u0117, skaistesn\u0117 ir sveikesn\u0117.<\/p>\n<p data-start=\"2571\" data-end=\"2986\"><strong data-start=\"2571\" data-end=\"2581\">Tinka:<\/strong> vis\u0173 tip\u0173 odai.<br data-start=\"2597\" data-end=\"2600\" \/><strong data-start=\"2600\" data-end=\"2625\">Aktyv\u016bs ingredientai:<\/strong><br data-start=\"2625\" data-end=\"2628\" \/>\u2022 L-askorbo r\u016bg\u0161tis &#8211; \u0161viesina, saugo nuo oksidacinio streso ir stiprina kapiliarus.<br data-start=\"2712\" data-end=\"2715\" \/>\u2022 MicroElastin &#8211; didina odos elastingum\u0105 ir stangrum\u0105.<br data-start=\"2769\" data-end=\"2772\" \/>\u2022 Hialurono r\u016bg\u0161ties mikrosferos &#8211; giliai dr\u0117kina ir glotnina odos pavir\u0161i\u0173.<br data-start=\"2848\" data-end=\"2851\" \/>\u2022 Salicinas &#8211; \u0161velniai ramina ir tolygina odos atspalv\u012f.<br data-start=\"2907\" data-end=\"2910\" \/>\u2022 M\u0117lyni\u0173 ekstraktas &#8211; gerina mikrocirkuliacij\u0105 ir ma\u017eina tamsius ratilus.<\/p>\n<p data-start=\"2988\" data-end=\"3004\"><strong data-start=\"2988\" data-end=\"2998\">T\u016bris:<\/strong> 15 ml<\/p>\n","protected":false},"excerpt":{"rendered":"<p data-start=\"3088\" data-end=\"3418\"><span style=\"color: #ff0000;\"><strong data-start=\"3088\" data-end=\"3095\">NB!<\/strong> \u0160iame produkte yra didel\u0117 aktyvi\u0173j\u0173 ingredient\u0173 koncentracija. Prie\u0161 naudojim\u0105 rekomenduojame pasikonsultuoti su m\u016bs\u0173 specialistu. Skambinkite +372 58500171 darbo dienomis 10:00-19:00, savaitgaliais 11:00-15:00. Taip pat galite palikti savo numer\u012f adresu <a class=\"decorated-link cursor-pointer\" style=\"color: #ff0000;\" href=\"mailto:info@skinstudio.ee\" rel=\"noopener\" data-start=\"3351\" data-end=\"3369\">info@skinstudio.ee<\/a>, ir m\u016bs\u0173 specialistas susisieks per 24 valandas.<\/span><\/p>\n<p data-start=\"3420\" data-end=\"3461\">Stiprinamasis paaki\u0173 kremas su vitaminu C<\/p>\n<h2 data-start=\"3463\" data-end=\"3746\"><strong data-start=\"3463\" data-end=\"3517\">Ultraceuticals &#8211; Ultra C Firming Eye Cream Savyb\u0117s<\/strong><\/h2>\n<p data-start=\"3463\" data-end=\"3746\">\u2714\ufe0f Ma\u017eina tamsius ratilus ir nuovargio po\u017eymius<br data-start=\"3567\" data-end=\"3570\" \/>\u2714\ufe0f Stiprina ir stangrina paaki\u0173 od\u0105<br data-start=\"3605\" data-end=\"3608\" \/>\u2714\ufe0f Ma\u017eina paburkim\u0105 ir gaivina \u017evilgsn\u012f<br data-start=\"3647\" data-end=\"3650\" \/>\u2714\ufe0f Giliai dr\u0117kina ir \u0161velnina od\u0105<br data-start=\"3683\" data-end=\"3686\" \/>\u2714\ufe0f Saugo nuo oksidacinio streso ir skatina kolageno gamyb\u0105<\/p>\n","protected":false},"featured_media":65860,"template":"","meta":[],"pwb-brand":[786],"product_brand":[],"product_cat":[734,730],"product_tag":[],"giftcard-category":[],"class_list":{"0":"post-68851","1":"product","2":"type-product","3":"status-publish","4":"has-post-thumbnail","6":"pwb-brand-ultraceuticals","7":"product_cat-oda-aplink-akis","8":"product_cat-vitaminas-c","10":"first","11":"instock","12":"taxable","13":"shipping-taxable","14":"purchasable","15":"product-type-simple"},"acf":[],"brands":[{"id":786,"name":"Ultraceuticals","slug":"ultraceuticals"}],"_links":{"self":[{"href":"https:\/\/skinstudio.ee\/lt\/wp-json\/wp\/v2\/product\/68851","targetHints":{"allow":["GET"]}}],"collection":[{"href":"https:\/\/skinstudio.ee\/lt\/wp-json\/wp\/v2\/product"}],"about":[{"href":"https:\/\/skinstudio.ee\/lt\/wp-json\/wp\/v2\/types\/product"}],"version-history":[{"count":0,"href":"https:\/\/skinstudio.ee\/lt\/wp-json\/wp\/v2\/product\/68851\/revisions"}],"wp:featuredmedia":[{"embeddable":true,"href":"https:\/\/skinstudio.ee\/lt\/wp-json\/wp\/v2\/media\/65860"}],"wp:attachment":[{"href":"https:\/\/skinstudio.ee\/lt\/wp-json\/wp\/v2\/media?parent=68851"}],"wp:term":[{"taxonomy":"pwb-brand","embeddable":true,"href":"https:\/\/skinstudio.ee\/lt\/wp-json\/wp\/v2\/pwb-brand?post=68851"},{"taxonomy":"product_brand","embeddable":true,"href":"https:\/\/skinstudio.ee\/lt\/wp-json\/wp\/v2\/product_brand?post=68851"},{"taxonomy":"product_cat","embeddable":true,"href":"https:\/\/skinstudio.ee\/lt\/wp-json\/wp\/v2\/product_cat?post=68851"},{"taxonomy":"product_tag","embeddable":true,"href":"https:\/\/skinstudio.ee\/lt\/wp-json\/wp\/v2\/product_tag?post=68851"},{"taxonomy":"giftcard-category","embeddable":true,"href":"https:\/\/skinstudio.ee\/lt\/wp-json\/wp\/v2\/giftcard-category?post=68851"}],"curies":[{"name":"wp","href":"https:\/\/api.w.org\/{rel}","templated":true}]}}