{"id":68875,"date":"2024-07-23T08:47:24","date_gmt":"2024-07-23T08:47:24","guid":{"rendered":"https:\/\/skinstudio.ee\/?post_type=product&#038;p=68875"},"modified":"2026-01-22T15:04:13","modified_gmt":"2026-01-22T15:04:13","slug":"ultra-uv-protective-daily-moisturiser-spf-30-sheer-tint","status":"publish","type":"product","link":"https:\/\/skinstudio.ee\/lt\/catalog\/ultraceuticals\/ultra-uv-protective-daily-moisturiser-spf-30-sheer-tint\/","title":{"rendered":"Ultra UV Protective Daily Moisturiser SPF 30 Sheer Tint"},"content":{"rendered":"<p data-start=\"2298\" data-end=\"2632\">Ultra UV Protective Daily Moisturiser SPF30 Sheer Tint &#8211; apsauginis ir dr\u0117kinamasis lengvai tonuojantis SPF kremas, kuris i\u0161lygina odos atspalv\u012f ir suteikia \u0161veln\u0173 matin\u012f efekt\u0105, ypa\u010d tinkamas riebiai ir mi\u0161riai odai. Lengva tekst\u016bra greitai \u012fsigeria, nepalieka pl\u0117vel\u0117s, neu\u017ekem\u0161a por\u0173 ir puikiai tinka naudoti kaip makia\u017eo pagrind\u0105.<\/p>\n<p data-start=\"2634\" data-end=\"2888\">Formul\u0117je esantys modern\u016bs cheminiai UV filtrai u\u017etikrina patikim\u0105 UVA ir UVB apsaug\u0105, o veikliosios med\u017eiagos dr\u0117kina od\u0105, gerina jos tekst\u016br\u0105 ir suteikia nat\u016braliai sveik\u0105 atspalv\u012f. Oda tampa tolygesn\u0117, skaistesn\u0117 ir komforti\u0161kai sudr\u0117kinta vis\u0105 dien\u0105.<\/p>\n<p data-start=\"2890\" data-end=\"3278\"><strong data-start=\"2890\" data-end=\"2900\">Tinka:<\/strong> vis\u0173 tip\u0173 odai, ypa\u010d riebiai ir mi\u0161riai.<br data-start=\"2941\" data-end=\"2944\" \/><strong data-start=\"2944\" data-end=\"2955\">Svarbu:<\/strong> netinka labai \u0161viesiam odos atspalviui.<br data-start=\"2995\" data-end=\"2998\" \/><strong data-start=\"2998\" data-end=\"3023\">Aktyv\u016bs ingredientai:<\/strong><br data-start=\"3023\" data-end=\"3026\" \/>\u2022 \u0160i sviestas &#8211; mink\u0161tina od\u0105 ir stiprina jos apsaugin\u012f barjer\u0105.<br data-start=\"3090\" data-end=\"3093\" \/>\u2022 Pantenolis &#8211; ramina, atkuria ir padeda i\u0161laikyti dr\u0117gm\u0119.<br data-start=\"3151\" data-end=\"3154\" \/>\u2022 B grup\u0117s vitamin\u0173 kompleksas &#8211; stiprina od\u0105 ir padeda i\u0161lyginti atspalv\u012f.<br data-start=\"3229\" data-end=\"3232\" \/>\u2022 Peptidai &#8211; gerina odos stangrum\u0105 ir tank\u012f.<\/p>\n<p data-start=\"3280\" data-end=\"3297\"><strong data-start=\"3280\" data-end=\"3290\">T\u016bris:<\/strong> 100 ml<\/p>\n","protected":false},"excerpt":{"rendered":"<p data-start=\"3508\" data-end=\"3838\"><span style=\"color: #ff0000;\"><strong data-start=\"3508\" data-end=\"3515\">NB!<\/strong> \u0160iame produkte yra didel\u0117 aktyvi\u0173j\u0173 ingredient\u0173 koncentracija. Prie\u0161 naudojim\u0105 rekomenduojame pasikonsultuoti su m\u016bs\u0173 specialistu. Skambinkite +372 58500171 darbo dienomis 10:00-19:00, savaitgaliais 11:00-15:00. Taip pat galite palikti savo numer\u012f adresu <a class=\"decorated-link cursor-pointer\" style=\"color: #ff0000;\" href=\"mailto:info@skinstudio.ee\" rel=\"noopener\" data-start=\"3771\" data-end=\"3789\">info@skinstudio.ee<\/a>, ir m\u016bs\u0173 specialistas susisieks per 24 valandas.<\/span><\/p>\n<p data-start=\"3840\" data-end=\"3887\">Lengvai tonizuojantis dr\u0117kinamasis SPF30 kremas<\/p>\n<h2 data-start=\"3889\" data-end=\"4181\"><strong data-start=\"3889\" data-end=\"3972\">Ultraceuticals &#8211; Ultra UV Protective Daily Moisturiser SPF30 Sheer Tint Savyb\u0117s<\/strong><\/h2>\n<p data-start=\"3889\" data-end=\"4181\">\u2714\ufe0f Suteikia patikim\u0105 UVA ir UVB apsaug\u0105<br data-start=\"4014\" data-end=\"4017\" \/>\u2714\ufe0f Dr\u0117kina ir \u0161velnina od\u0105<br data-start=\"4043\" data-end=\"4046\" \/>\u2714\ufe0f Suteikia nat\u016bral\u0173 ir tolyg\u0173 odos atspalv\u012f<br data-start=\"4090\" data-end=\"4093\" \/>\u2714\ufe0f Saugo nuo laisv\u0173j\u0173 radikal\u0173 poveikio<br data-start=\"4132\" data-end=\"4135\" \/>\u2714\ufe0f Padeda i\u0161vengti ankstyv\u0173 sen\u0117jimo po\u017eymi\u0173<\/p>\n","protected":false},"featured_media":68876,"template":"","meta":[],"pwb-brand":[786],"product_brand":[],"product_cat":[732,748],"product_tag":[],"giftcard-category":[],"class_list":{"0":"post-68875","1":"product","2":"type-product","3":"status-publish","4":"has-post-thumbnail","6":"pwb-brand-ultraceuticals","7":"product_cat-spf-apsauga","8":"product_cat-taukainai-adai-lt","10":"first","11":"instock","12":"taxable","13":"shipping-taxable","14":"purchasable","15":"product-type-simple"},"acf":[],"brands":[{"id":786,"name":"Ultraceuticals","slug":"ultraceuticals"}],"_links":{"self":[{"href":"https:\/\/skinstudio.ee\/lt\/wp-json\/wp\/v2\/product\/68875","targetHints":{"allow":["GET"]}}],"collection":[{"href":"https:\/\/skinstudio.ee\/lt\/wp-json\/wp\/v2\/product"}],"about":[{"href":"https:\/\/skinstudio.ee\/lt\/wp-json\/wp\/v2\/types\/product"}],"version-history":[{"count":0,"href":"https:\/\/skinstudio.ee\/lt\/wp-json\/wp\/v2\/product\/68875\/revisions"}],"wp:featuredmedia":[{"embeddable":true,"href":"https:\/\/skinstudio.ee\/lt\/wp-json\/wp\/v2\/media\/68876"}],"wp:attachment":[{"href":"https:\/\/skinstudio.ee\/lt\/wp-json\/wp\/v2\/media?parent=68875"}],"wp:term":[{"taxonomy":"pwb-brand","embeddable":true,"href":"https:\/\/skinstudio.ee\/lt\/wp-json\/wp\/v2\/pwb-brand?post=68875"},{"taxonomy":"product_brand","embeddable":true,"href":"https:\/\/skinstudio.ee\/lt\/wp-json\/wp\/v2\/product_brand?post=68875"},{"taxonomy":"product_cat","embeddable":true,"href":"https:\/\/skinstudio.ee\/lt\/wp-json\/wp\/v2\/product_cat?post=68875"},{"taxonomy":"product_tag","embeddable":true,"href":"https:\/\/skinstudio.ee\/lt\/wp-json\/wp\/v2\/product_tag?post=68875"},{"taxonomy":"giftcard-category","embeddable":true,"href":"https:\/\/skinstudio.ee\/lt\/wp-json\/wp\/v2\/giftcard-category?post=68875"}],"curies":[{"name":"wp","href":"https:\/\/api.w.org\/{rel}","templated":true}]}}