{"id":68888,"date":"2024-07-23T08:11:44","date_gmt":"2024-07-23T08:11:44","guid":{"rendered":"https:\/\/skinstudio.ee\/?post_type=product&#038;p=68888"},"modified":"2026-01-22T15:04:13","modified_gmt":"2026-01-22T15:04:13","slug":"ultra-uv-protective-daily-moisturiser-spf-50-hydrating","status":"publish","type":"product","link":"https:\/\/skinstudio.ee\/lt\/catalog\/ultraceuticals\/ultra-uv-protective-daily-moisturiser-spf-50-hydrating\/","title":{"rendered":"Ultra UV Protective Daily Moisturiser SPF 50 Hydrating"},"content":{"rendered":"<p data-start=\"2521\" data-end=\"2918\">Ultra UV Protective Daily Moisturiser SPF 50 Hydrating \u2013 intensyviai dr\u0117kinantis apsauginis kremas, suteikiantis maksimali\u0105 apsaug\u0105 nuo \u017ealingos spinduliuot\u0117s. Reguliariai naudojant, jis padeda u\u017ekirsti keli\u0105 fotosen\u0117jimui, rauk\u0161li\u0173 formavimuisi ir ankstyviems odos sen\u0117jimo po\u017eymiams. Lengva, nelipni tekst\u016bra greitai \u012fsigeria, nepalieka balt\u0173 p\u0117dsak\u0173 ar pl\u0117vel\u0117s poj\u016b\u010dio, tinka net jautriai odai.<\/p>\n<p data-start=\"2920\" data-end=\"3142\">Formul\u0117je derinami modern\u016bs cheminiai UV filtrai ir dr\u0117kinamieji, barjer\u0105 stiprinantys ingredientai, kurie mink\u0161tina, atkuria ir sustiprina od\u0105. Produktas tinka veido ir k\u016bno odai ir puikiai papildo ryto prie\u017ei\u016bros rutin\u0105.<\/p>\n<p data-start=\"3144\" data-end=\"3595\"><strong data-start=\"3144\" data-end=\"3154\">Tinka:<\/strong> vis\u0173 tip\u0173 odai, \u012fskaitant jautri\u0105.<br data-start=\"3189\" data-end=\"3192\" \/><strong data-start=\"3192\" data-end=\"3217\">Aktyv\u016bs ingredientai:<\/strong><br data-start=\"3217\" data-end=\"3220\" \/>\u2022 Niacinamidas (vitaminas B3) \u2013 stiprina odos barjer\u0105, tolygina atspalv\u012f ir ma\u017eina jautrum\u0105.<br data-start=\"3312\" data-end=\"3315\" \/>\u2022 \u0160i sviestas \u2013 maitina, mink\u0161tina ir stiprina apsaugin\u012f sluoksn\u012f.<br data-start=\"3381\" data-end=\"3384\" \/>\u2022 Provitaminas B5 \u2013 ramina, regeneruoja ir padeda i\u0161laikyti dr\u0117gm\u0119.<br data-start=\"3451\" data-end=\"3454\" \/>\u2022 Glicerinas \u2013 skatina dr\u0117gm\u0117s i\u0161laikym\u0105 ir gerina odos elastingum\u0105.<br data-start=\"3522\" data-end=\"3525\" \/>\u2022 Modern\u016bs cheminiai UV filtrai \u2013 suteikia patikim\u0105 UVA\/UVB apsaug\u0105.<\/p>\n<p data-start=\"3597\" data-end=\"3614\"><strong data-start=\"3597\" data-end=\"3607\">T\u016bris:<\/strong> 100 ml<\/p>\n","protected":false},"excerpt":{"rendered":"<p data-start=\"3920\" data-end=\"4250\"><span style=\"color: #ff0000;\"><strong data-start=\"3920\" data-end=\"3927\">NB!<\/strong> \u0160iame produkte yra didel\u0117 aktyvi\u0173j\u0173 ingredient\u0173 koncentracija. Prie\u0161 naudojim\u0105 rekomenduojame pasikonsultuoti su m\u016bs\u0173 specialistu. Skambinkite +372 58500171 darbo dienomis 10:00-19:00, savaitgaliais 11:00-15:00. Taip pat galite palikti savo numer\u012f adresu <a class=\"decorated-link cursor-pointer\" style=\"color: #ff0000;\" href=\"mailto:info@skinstudio.ee\" rel=\"noopener\" data-start=\"4183\" data-end=\"4201\">info@skinstudio.ee<\/a>, ir m\u016bs\u0173 specialistas susisieks per 24 valandas.<\/span><\/p>\n<p data-start=\"4252\" data-end=\"4288\">Dr\u0117kinamasis SPF50 apsauginis kremas<\/p>\n<h2 data-start=\"4290\" data-end=\"4604\"><strong data-start=\"4290\" data-end=\"4372\">Ultraceuticals &#8211; Ultra UV Protective Daily Moisturiser SPF 50 Hydrating Savyb\u0117s<\/strong><\/h2>\n<p data-start=\"4290\" data-end=\"4604\">\u2714\ufe0f Suteikia auk\u0161to lygio UVA\/UVB apsaug\u0105<br data-start=\"4415\" data-end=\"4418\" \/>\u2714\ufe0f Padeda i\u0161vengti fotosen\u0117jimo ir pigmentacijos<br data-start=\"4466\" data-end=\"4469\" \/>\u2714\ufe0f Ma\u017eina rauk\u0161li\u0173 ir smulki\u0173 linij\u0173 formavim\u0105si<br data-start=\"4517\" data-end=\"4520\" \/>\u2714\ufe0f Stiprina ir atkuria odos apsaugin\u012f barjer\u0105<br data-start=\"4565\" data-end=\"4568\" \/>\u2714\ufe0f Giliai dr\u0117kina ir mink\u0161tina od\u0105<\/p>\n","protected":false},"featured_media":65888,"template":"","meta":[],"pwb-brand":[786],"product_brand":[],"product_cat":[738,746,732],"product_tag":[],"giftcard-category":[],"class_list":{"0":"post-68888","1":"product","2":"type-product","3":"status-publish","4":"has-post-thumbnail","6":"pwb-brand-ultraceuticals","7":"product_cat-drekinimas","8":"product_cat-jautriai-odai","9":"product_cat-spf-apsauga","11":"first","12":"instock","13":"taxable","14":"shipping-taxable","15":"purchasable","16":"product-type-simple"},"acf":[],"brands":[{"id":786,"name":"Ultraceuticals","slug":"ultraceuticals"}],"_links":{"self":[{"href":"https:\/\/skinstudio.ee\/lt\/wp-json\/wp\/v2\/product\/68888","targetHints":{"allow":["GET"]}}],"collection":[{"href":"https:\/\/skinstudio.ee\/lt\/wp-json\/wp\/v2\/product"}],"about":[{"href":"https:\/\/skinstudio.ee\/lt\/wp-json\/wp\/v2\/types\/product"}],"version-history":[{"count":0,"href":"https:\/\/skinstudio.ee\/lt\/wp-json\/wp\/v2\/product\/68888\/revisions"}],"wp:featuredmedia":[{"embeddable":true,"href":"https:\/\/skinstudio.ee\/lt\/wp-json\/wp\/v2\/media\/65888"}],"wp:attachment":[{"href":"https:\/\/skinstudio.ee\/lt\/wp-json\/wp\/v2\/media?parent=68888"}],"wp:term":[{"taxonomy":"pwb-brand","embeddable":true,"href":"https:\/\/skinstudio.ee\/lt\/wp-json\/wp\/v2\/pwb-brand?post=68888"},{"taxonomy":"product_brand","embeddable":true,"href":"https:\/\/skinstudio.ee\/lt\/wp-json\/wp\/v2\/product_brand?post=68888"},{"taxonomy":"product_cat","embeddable":true,"href":"https:\/\/skinstudio.ee\/lt\/wp-json\/wp\/v2\/product_cat?post=68888"},{"taxonomy":"product_tag","embeddable":true,"href":"https:\/\/skinstudio.ee\/lt\/wp-json\/wp\/v2\/product_tag?post=68888"},{"taxonomy":"giftcard-category","embeddable":true,"href":"https:\/\/skinstudio.ee\/lt\/wp-json\/wp\/v2\/giftcard-category?post=68888"}],"curies":[{"name":"wp","href":"https:\/\/api.w.org\/{rel}","templated":true}]}}