{"id":68900,"date":"2024-07-23T07:56:38","date_gmt":"2024-07-23T07:56:38","guid":{"rendered":"https:\/\/skinstudio.ee\/?post_type=product&#038;p=68900"},"modified":"2026-01-22T15:04:13","modified_gmt":"2026-01-22T15:04:13","slug":"ultra-moisturiser-cream","status":"publish","type":"product","link":"https:\/\/skinstudio.ee\/lt\/catalog\/ultraceuticals\/ultra-moisturiser-cream\/","title":{"rendered":"Ultra Moisturiser Cream"},"content":{"rendered":"<p data-start=\"2328\" data-end=\"2744\">Ultra Moisturiser Cream \u2013 universalus dr\u0117kinamasis kremas, padedantis palaikyti optimal\u0173 odos dr\u0117gm\u0117s balans\u0105 ir sustiprinti apsaugin\u012f barjer\u0105. Lengva, greitai \u012fsigerianti tekst\u016bra mal\u0161ina sausum\u0105 ir tempimo poj\u016bt\u012f, palikdama od\u0105 \u0161velni\u0105, glotni\u0105 ir giliai sudr\u0117kint\u0105. Formul\u0117je esantys keramidai, cholesterolis ir natrio hialuronatas atkuria lipid\u0173 sluoksn\u012f ir padeda i\u0161laikyti dr\u0117gm\u0119 gilesniuose odos sluoksniuose.<\/p>\n<p data-start=\"2746\" data-end=\"3004\">Vitaminas E veikia kaip galingas antioksidantas, saugantis od\u0105 nuo laisv\u0173j\u0173 radikal\u0173 poveikio ir stiprinantis jos atsparum\u0105 aplinkos veiksniams. Produktas yra be paraben\u0173, dermatologi\u0161kai patikrintas ir nekomedogeni\u0161kas \u2014 puikiai tinka kasdieniam naudojimui.<\/p>\n<p data-start=\"3006\" data-end=\"3400\"><strong data-start=\"3006\" data-end=\"3016\">Tinka:<\/strong> sausai ir mi\u0161riai, \u012f sausum\u0105 linkusiai odai.<br data-start=\"3061\" data-end=\"3064\" \/><strong data-start=\"3064\" data-end=\"3089\">Aktyv\u016bs ingredientai:<\/strong><br data-start=\"3089\" data-end=\"3092\" \/>\u2022 Glicerinas \u2013 intensyviai dr\u0117kina ir palaiko dr\u0117gm\u0117s balans\u0105.<br data-start=\"3154\" data-end=\"3157\" \/>\u2022 \u0160lapalas \u2013 mink\u0161tina od\u0105 ir gerina jos strukt\u016br\u0105.<br data-start=\"3208\" data-end=\"3211\" \/>\u2022 Cholesterolis \u2013 stiprina barjer\u0105 ir gerina elastingum\u0105.<br data-start=\"3268\" data-end=\"3271\" \/>\u2022 Keramidai \u2013 atkuria ir sustiprina apsaugin\u012f lipid\u0173 sluoksn\u012f.<br data-start=\"3333\" data-end=\"3336\" \/>\u2022 Pieno r\u016bg\u0161tis \u2013 \u0161velniai glotnina ir tobulina odos pavir\u0161i\u0173.<\/p>\n<p data-start=\"3402\" data-end=\"3418\"><strong data-start=\"3402\" data-end=\"3412\">T\u016bris:<\/strong> 75 ml<\/p>\n","protected":false},"excerpt":{"rendered":"<p data-start=\"3600\" data-end=\"3930\"><span style=\"color: #ff0000;\"><strong data-start=\"3600\" data-end=\"3607\">NB!<\/strong> \u0160iame produkte yra didel\u0117 aktyvi\u0173j\u0173 ingredient\u0173 koncentracija. Prie\u0161 naudojim\u0105 rekomenduojame pasikonsultuoti su m\u016bs\u0173 specialistu. Skambinkite +372 58500171 darbo dienomis 10:00\u201319:00, savaitgaliais 11:00\u201315:00. Taip pat galite palikti savo numer\u012f adresu <a class=\"decorated-link cursor-pointer\" style=\"color: #ff0000;\" href=\"mailto:info@skinstudio.ee\" rel=\"noopener\" data-start=\"3863\" data-end=\"3881\">info@skinstudio.ee<\/a>, ir m\u016bs\u0173 specialistas susisieks per 24 valandas.<\/span><\/p>\n<p data-start=\"3932\" data-end=\"3963\">Universalus dr\u0117kinamasis kremas<\/p>\n<h2 data-start=\"3965\" data-end=\"4221\"><strong data-start=\"3965\" data-end=\"4017\">Ultraceuticals &#8211; Ultra Moisturiser Cream Savyb\u0117s<\/strong><\/h2>\n<p data-start=\"3965\" data-end=\"4221\">\u2714\ufe0f Giliai ir ilgai dr\u0117kina od\u0105<br data-start=\"4050\" data-end=\"4053\" \/>\u2714\ufe0f Atkuria ir stiprina apsaugin\u012f odos barjer\u0105<br data-start=\"4098\" data-end=\"4101\" \/>\u2714\ufe0f Padaro od\u0105 \u0161velni\u0105, glotni\u0105 ir komforti\u0161k\u0105<br data-start=\"4146\" data-end=\"4149\" \/>\u2714\ufe0f Ma\u017eina jautrum\u0105 ir sudirgim\u0105<br data-start=\"4180\" data-end=\"4183\" \/>\u2714\ufe0f Saugo nuo laisv\u0173j\u0173 radikal\u0173 \u017ealos<\/p>\n","protected":false},"featured_media":65898,"template":"","meta":[],"pwb-brand":[786],"product_brand":[],"product_cat":[738,746,740],"product_tag":[],"giftcard-category":[],"class_list":{"0":"post-68900","1":"product","2":"type-product","3":"status-publish","4":"has-post-thumbnail","6":"pwb-brand-ultraceuticals","7":"product_cat-drekinimas","8":"product_cat-jautriai-odai","9":"product_cat-sausai-odai","11":"first","12":"instock","13":"taxable","14":"shipping-taxable","15":"purchasable","16":"product-type-simple"},"acf":[],"brands":[{"id":786,"name":"Ultraceuticals","slug":"ultraceuticals"}],"_links":{"self":[{"href":"https:\/\/skinstudio.ee\/lt\/wp-json\/wp\/v2\/product\/68900","targetHints":{"allow":["GET"]}}],"collection":[{"href":"https:\/\/skinstudio.ee\/lt\/wp-json\/wp\/v2\/product"}],"about":[{"href":"https:\/\/skinstudio.ee\/lt\/wp-json\/wp\/v2\/types\/product"}],"version-history":[{"count":0,"href":"https:\/\/skinstudio.ee\/lt\/wp-json\/wp\/v2\/product\/68900\/revisions"}],"wp:featuredmedia":[{"embeddable":true,"href":"https:\/\/skinstudio.ee\/lt\/wp-json\/wp\/v2\/media\/65898"}],"wp:attachment":[{"href":"https:\/\/skinstudio.ee\/lt\/wp-json\/wp\/v2\/media?parent=68900"}],"wp:term":[{"taxonomy":"pwb-brand","embeddable":true,"href":"https:\/\/skinstudio.ee\/lt\/wp-json\/wp\/v2\/pwb-brand?post=68900"},{"taxonomy":"product_brand","embeddable":true,"href":"https:\/\/skinstudio.ee\/lt\/wp-json\/wp\/v2\/product_brand?post=68900"},{"taxonomy":"product_cat","embeddable":true,"href":"https:\/\/skinstudio.ee\/lt\/wp-json\/wp\/v2\/product_cat?post=68900"},{"taxonomy":"product_tag","embeddable":true,"href":"https:\/\/skinstudio.ee\/lt\/wp-json\/wp\/v2\/product_tag?post=68900"},{"taxonomy":"giftcard-category","embeddable":true,"href":"https:\/\/skinstudio.ee\/lt\/wp-json\/wp\/v2\/giftcard-category?post=68900"}],"curies":[{"name":"wp","href":"https:\/\/api.w.org\/{rel}","templated":true}]}}