{"id":68914,"date":"2024-07-21T08:51:27","date_gmt":"2024-07-21T08:51:27","guid":{"rendered":"https:\/\/skinstudio.ee\/?post_type=product&#038;p=68914"},"modified":"2026-01-22T15:04:13","modified_gmt":"2026-01-22T15:04:13","slug":"ultra-uv-protective-daily-moisturiser-spf50-mattifying","status":"publish","type":"product","link":"https:\/\/skinstudio.ee\/lt\/catalog\/ultraceuticals\/ultra-uv-protective-daily-moisturiser-spf50-mattifying\/","title":{"rendered":"Ultra UV Protective Daily Moisturiser SPF50 Mattifying"},"content":{"rendered":"<p data-start=\"2427\" data-end=\"2766\">Ultra UV Protective Daily Moisturiser SPF50 Mattifying \u2013 intensyviai matinantis apsauginis kremas, sukurtas riebiai ir \u012f akn\u0119 linkusiai odai. Silicio mikrosferos akimirksniu sugeria riebal\u0173 pertekli\u0173, i\u0161sklaido \u0161vies\u0105, taip vizualiai suma\u017eindamos smulkias rauk\u0161leles, ir padeda sulyginti odos atspalv\u012f, suteikdamos ilgalaik\u012f matin\u012f efekt\u0105.<\/p>\n<p data-start=\"2768\" data-end=\"3048\">Modern\u016bs cheminiai UV filtrai u\u017etikrina patikim\u0105 UVA\/UVB apsaug\u0105, o dr\u0117kinamosios ir odos barjer\u0105 stiprinan\u010dios veikliosios med\u017eiagos ramina od\u0105, ma\u017eina sudirgim\u0105 ir palaiko optimal\u0173 dr\u0117gm\u0117s balans\u0105 vis\u0105 dien\u0105. Lengva tekst\u016bra nepalieka lipnumo, balt\u0173 p\u0117dsak\u0173 ar pl\u0117vel\u0117s poj\u016b\u010dio.<\/p>\n<p data-start=\"3050\" data-end=\"3472\"><strong data-start=\"3050\" data-end=\"3060\">Tinka:<\/strong> riebiai ir \u012f akn\u0119 linkusiai odai.<br data-start=\"3094\" data-end=\"3097\" \/><strong data-start=\"3097\" data-end=\"3122\">Aktyv\u016bs ingredientai:<\/strong><br data-start=\"3122\" data-end=\"3125\" \/>\u2022 Niacinamidas (vitaminas B3) \u2013 reguliuoja riebal\u0173 i\u0161siskyrim\u0105, gerina odos ton\u0105 ir stiprina barjer\u0105.<br data-start=\"3226\" data-end=\"3229\" \/>\u2022 \u0160i sviestas \u2013 mink\u0161tina, maitina ir stiprina apsaugin\u012f sluoksn\u012f.<br data-start=\"3295\" data-end=\"3298\" \/>\u2022 Provitaminas B5 \u2013 ramina ir saugo nuo dr\u0117gm\u0117s praradimo.<br data-start=\"3356\" data-end=\"3359\" \/>\u2022 Glicerinas \u2013 pritraukia ir i\u0161laiko dr\u0117gm\u0119.<br data-start=\"3403\" data-end=\"3406\" \/>\u2022 Silicis \u2013 suteikia matin\u012f efekt\u0105 ir sugeria riebal\u0173 pertekli\u0173.<\/p>\n<p data-start=\"3474\" data-end=\"3491\"><strong data-start=\"3474\" data-end=\"3484\">T\u016bris:<\/strong> 100 ml<\/p>\n","protected":false},"excerpt":{"rendered":"<p data-start=\"3789\" data-end=\"4119\"><span style=\"color: #ff0000;\"><strong data-start=\"3789\" data-end=\"3796\">NB!<\/strong> \u0160iame produkte yra didel\u0117 aktyvi\u0173j\u0173 ingredient\u0173 koncentracija. Prie\u0161 naudojim\u0105 rekomenduojame pasikonsultuoti su m\u016bs\u0173 specialistu. Skambinkite +372 58500171 darbo dienomis 10:00\u201319:00, savaitgaliais 11:00\u201315:00. Taip pat galite palikti savo numer\u012f adresu <a class=\"decorated-link cursor-pointer\" style=\"color: #ff0000;\" href=\"mailto:info@skinstudio.ee\" rel=\"noopener\" data-start=\"4052\" data-end=\"4070\">info@skinstudio.ee<\/a>, ir m\u016bs\u0173 specialistas susisieks per 24 valandas.<\/span><\/p>\n<p data-start=\"4121\" data-end=\"4160\">Matin\u012f efekt\u0105 suteikiantis SPF50 kremas<\/p>\n<h2 data-start=\"4162\" data-end=\"4450\"><strong data-start=\"4162\" data-end=\"4245\">Ultraceuticals &#8211; Ultra UV Protective Daily Moisturiser SPF50 Mattifying Savyb\u0117s<\/strong><\/h2>\n<p data-start=\"4162\" data-end=\"4450\">\u2714\ufe0f Suteikia patikim\u0105 UVA\/UVB apsaug\u0105<br data-start=\"4284\" data-end=\"4287\" \/>\u2714\ufe0f Padeda i\u0161vengti ankstyvo sen\u0117jimo<br data-start=\"4323\" data-end=\"4326\" \/>\u2714\ufe0f Suteikia ry\u0161k\u0173 matin\u012f efekt\u0105 ir ma\u017eina blizges\u012f<br data-start=\"4376\" data-end=\"4379\" \/>\u2714\ufe0f Gerina odos atspalv\u012f ir tekst\u016br\u0105<br data-start=\"4414\" data-end=\"4417\" \/>\u2714\ufe0f Dr\u0117kina neapsunkindamas odos<\/p>\n","protected":false},"featured_media":65903,"template":"","meta":[],"pwb-brand":[786],"product_brand":[],"product_cat":[732,748],"product_tag":[],"giftcard-category":[],"class_list":{"0":"post-68914","1":"product","2":"type-product","3":"status-publish","4":"has-post-thumbnail","6":"pwb-brand-ultraceuticals","7":"product_cat-spf-apsauga","8":"product_cat-taukainai-adai-lt","10":"first","11":"instock","12":"taxable","13":"shipping-taxable","14":"purchasable","15":"product-type-simple"},"acf":[],"brands":[{"id":786,"name":"Ultraceuticals","slug":"ultraceuticals"}],"_links":{"self":[{"href":"https:\/\/skinstudio.ee\/lt\/wp-json\/wp\/v2\/product\/68914","targetHints":{"allow":["GET"]}}],"collection":[{"href":"https:\/\/skinstudio.ee\/lt\/wp-json\/wp\/v2\/product"}],"about":[{"href":"https:\/\/skinstudio.ee\/lt\/wp-json\/wp\/v2\/types\/product"}],"version-history":[{"count":0,"href":"https:\/\/skinstudio.ee\/lt\/wp-json\/wp\/v2\/product\/68914\/revisions"}],"wp:featuredmedia":[{"embeddable":true,"href":"https:\/\/skinstudio.ee\/lt\/wp-json\/wp\/v2\/media\/65903"}],"wp:attachment":[{"href":"https:\/\/skinstudio.ee\/lt\/wp-json\/wp\/v2\/media?parent=68914"}],"wp:term":[{"taxonomy":"pwb-brand","embeddable":true,"href":"https:\/\/skinstudio.ee\/lt\/wp-json\/wp\/v2\/pwb-brand?post=68914"},{"taxonomy":"product_brand","embeddable":true,"href":"https:\/\/skinstudio.ee\/lt\/wp-json\/wp\/v2\/product_brand?post=68914"},{"taxonomy":"product_cat","embeddable":true,"href":"https:\/\/skinstudio.ee\/lt\/wp-json\/wp\/v2\/product_cat?post=68914"},{"taxonomy":"product_tag","embeddable":true,"href":"https:\/\/skinstudio.ee\/lt\/wp-json\/wp\/v2\/product_tag?post=68914"},{"taxonomy":"giftcard-category","embeddable":true,"href":"https:\/\/skinstudio.ee\/lt\/wp-json\/wp\/v2\/giftcard-category?post=68914"}],"curies":[{"name":"wp","href":"https:\/\/api.w.org\/{rel}","templated":true}]}}