{"id":68952,"date":"2024-07-20T09:22:12","date_gmt":"2024-07-20T09:22:12","guid":{"rendered":"https:\/\/skinstudio.ee\/?post_type=product&#038;p=68952"},"modified":"2026-01-22T15:04:12","modified_gmt":"2026-01-22T15:04:12","slug":"ultra-body-retexturising-complex","status":"publish","type":"product","link":"https:\/\/skinstudio.ee\/lt\/catalog\/ultraceuticals\/ultra-body-retexturising-complex\/","title":{"rendered":"Ultra Body Retexturising Complex"},"content":{"rendered":"<p data-start=\"2123\" data-end=\"2413\">Ultra Body Retexturising Complex \u2013 atnaujintas k\u016bno prie\u017ei\u016bros produktas, giliai dr\u0117kinantis, \u0161velninantis odos tekst\u016br\u0105 ir akivaizd\u017eiai pagerinantis jos b\u016bkl\u0119. Naujoji formul\u0117 \u012fsigeria dar grei\u010diau, nepalieka lipnumo ir suteikia odai glotnumo, \u0161velnumo ir spindesio jau po keli\u0173 naudojim\u0173.<\/p>\n<p data-start=\"2415\" data-end=\"2766\">Produktas derina \u0161veln\u0173 odos atnaujinim\u0105 su intensyviu dr\u0117kinimu: pieno r\u016bg\u0161tis ir salicinas padeda sulyginti odos pavir\u0161i\u0173, o hialurono r\u016bg\u0161tis, pantenolis ir alantoinas atkuria dr\u0117gm\u0117s balans\u0105, ramina ir stiprina odos barjer\u0105. Maitinantys aliejai palieka od\u0105 elasting\u0105, \u0161ilkin\u0119 ir komforti\u0161k\u0105, o subtilus aromatas paver\u010dia prie\u017ei\u016br\u0105 maloniu ritualu.<\/p>\n<p data-start=\"2768\" data-end=\"3129\"><strong data-start=\"2768\" data-end=\"2778\">Tinka:<\/strong> vis\u0173 tip\u0173 odai, \u012fskaitant jautri\u0105.<br data-start=\"2813\" data-end=\"2816\" \/><strong data-start=\"2816\" data-end=\"2841\">Aktyv\u016bs ingredientai:<\/strong><br data-start=\"2841\" data-end=\"2844\" \/>\u2022 Pieno r\u016bg\u0161tis \u2013 \u0161velniai atnaujina ir glotnina od\u0105.<br data-start=\"2897\" data-end=\"2900\" \/>\u2022 Salicinas \u2013 ma\u017eina nelygumus ir lygina tekst\u016br\u0105.<br data-start=\"2950\" data-end=\"2953\" \/>\u2022 Hialurono r\u016bg\u0161tis \u2013 giliai dr\u0117kina ir sulaiko dr\u0117gm\u0119.<br data-start=\"3008\" data-end=\"3011\" \/>\u2022 Pantenolis \u2013 ramina, \u0161velnina ir stiprina odos barjer\u0105.<br data-start=\"3068\" data-end=\"3071\" \/>\u2022 Alantoinas \u2013 ma\u017eina sudirgim\u0105 ir gerina odos komfort\u0105.<\/p>\n<p data-start=\"3131\" data-end=\"3148\"><strong data-start=\"3131\" data-end=\"3141\">T\u016bris:<\/strong> 200 ml<\/p>\n","protected":false},"excerpt":{"rendered":"<p data-start=\"3217\" data-end=\"3547\"><span style=\"color: #ff0000;\"><strong data-start=\"3217\" data-end=\"3224\">NB!<\/strong> \u0160iame produkte yra didel\u0117 aktyvi\u0173j\u0173 ingredient\u0173 koncentracija. Prie\u0161 naudojim\u0105 rekomenduojame pasikonsultuoti su m\u016bs\u0173 specialistu. Skambinkite +372 58500171 darbo dienomis 10:00\u201319:00, savaitgaliais 11:00\u201315:00. Taip pat galite palikti savo numer\u012f adresu <a class=\"decorated-link cursor-pointer\" style=\"color: #ff0000;\" href=\"mailto:info@skinstudio.ee\" rel=\"noopener\" data-start=\"3480\" data-end=\"3498\">info@skinstudio.ee<\/a>, ir m\u016bs\u0173 specialistas susisieks per 24 valandas.<\/span><\/p>\n<p data-start=\"3549\" data-end=\"3576\">I\u0161lyginamasis k\u016bno losjonas<\/p>\n<h2 data-start=\"3578\" data-end=\"3845\"><strong data-start=\"3578\" data-end=\"3639\">Ultraceuticals &#8211; Ultra Body Retexturising Complex Savyb\u0117s<\/strong><\/h2>\n<p data-start=\"3578\" data-end=\"3845\">\u2714\ufe0f I\u0161lygina odos tekst\u016br\u0105 ir ton\u0105<br data-start=\"3675\" data-end=\"3678\" \/>\u2714\ufe0f Suteikia ilgalaik\u012f dr\u0117kinim\u0105 ir \u0161velnum\u0105<br data-start=\"3721\" data-end=\"3724\" \/>\u2714\ufe0f Gerina odos kokyb\u0119 ir glotnum\u0105<br data-start=\"3757\" data-end=\"3760\" \/>\u2714\ufe0f Suteikia maloni\u0105 aromaterapijos patirt\u012f<br data-start=\"3802\" data-end=\"3805\" \/>\u2714\ufe0f Didina odos elastingum\u0105 ir komfort\u0105<\/p>\n","protected":false},"featured_media":68956,"template":"","meta":[],"pwb-brand":[786],"product_brand":[],"product_cat":[758],"product_tag":[],"giftcard-category":[],"class_list":{"0":"post-68952","1":"product","2":"type-product","3":"status-publish","4":"has-post-thumbnail","6":"pwb-brand-ultraceuticals","7":"product_cat-kuno-prieziura","9":"first","10":"outofstock","11":"taxable","12":"shipping-taxable","13":"purchasable","14":"product-type-simple"},"acf":[],"brands":[{"id":786,"name":"Ultraceuticals","slug":"ultraceuticals"}],"_links":{"self":[{"href":"https:\/\/skinstudio.ee\/lt\/wp-json\/wp\/v2\/product\/68952","targetHints":{"allow":["GET"]}}],"collection":[{"href":"https:\/\/skinstudio.ee\/lt\/wp-json\/wp\/v2\/product"}],"about":[{"href":"https:\/\/skinstudio.ee\/lt\/wp-json\/wp\/v2\/types\/product"}],"version-history":[{"count":0,"href":"https:\/\/skinstudio.ee\/lt\/wp-json\/wp\/v2\/product\/68952\/revisions"}],"wp:featuredmedia":[{"embeddable":true,"href":"https:\/\/skinstudio.ee\/lt\/wp-json\/wp\/v2\/media\/68956"}],"wp:attachment":[{"href":"https:\/\/skinstudio.ee\/lt\/wp-json\/wp\/v2\/media?parent=68952"}],"wp:term":[{"taxonomy":"pwb-brand","embeddable":true,"href":"https:\/\/skinstudio.ee\/lt\/wp-json\/wp\/v2\/pwb-brand?post=68952"},{"taxonomy":"product_brand","embeddable":true,"href":"https:\/\/skinstudio.ee\/lt\/wp-json\/wp\/v2\/product_brand?post=68952"},{"taxonomy":"product_cat","embeddable":true,"href":"https:\/\/skinstudio.ee\/lt\/wp-json\/wp\/v2\/product_cat?post=68952"},{"taxonomy":"product_tag","embeddable":true,"href":"https:\/\/skinstudio.ee\/lt\/wp-json\/wp\/v2\/product_tag?post=68952"},{"taxonomy":"giftcard-category","embeddable":true,"href":"https:\/\/skinstudio.ee\/lt\/wp-json\/wp\/v2\/giftcard-category?post=68952"}],"curies":[{"name":"wp","href":"https:\/\/api.w.org\/{rel}","templated":true}]}}