{"id":68980,"date":"2024-07-18T15:32:11","date_gmt":"2024-07-18T15:32:11","guid":{"rendered":"https:\/\/skinstudio.ee\/?post_type=product&#038;p=68980"},"modified":"2026-01-22T15:04:12","modified_gmt":"2026-01-22T15:04:12","slug":"ultra-clear-spot-complex","status":"publish","type":"product","link":"https:\/\/skinstudio.ee\/lt\/catalog\/ultraceuticals\/ultra-clear-spot-complex\/","title":{"rendered":"Ultra Clear Spot Complex"},"content":{"rendered":"<p data-start=\"2321\" data-end=\"2663\">Ultra Clear Spot Complex \u2013 greito poveikio lokalus kremas nuo akn\u0117s, padedantis suma\u017einti u\u017edegiminius \u017eidinius ir nuraminti od\u0105 vos per kelias valandas. Tai nepakei\u010diama SOS priemon\u0117 mi\u0161riai, riebiai ir \u012f akn\u0119 linkusiai odai, tiekianti koncentruot\u0105 aktyvi\u0173j\u0173 ingredient\u0173 kompleks\u0105, kuris ma\u017eina paraudim\u0105, valo poras ir spartina odos gijim\u0105.<\/p>\n<p data-start=\"2665\" data-end=\"3006\">Migdol\u0173 ir salicilo r\u016bg\u0161tys \u0161velniai eksfolijuoja, tirpdo por\u0173 kam\u0161\u010dius ir padeda i\u0161vengti nauj\u0173 b\u0117rim\u0173. E vitamino fosfatas ir alantoinas ramina sudirgim\u0105 bei skatina regeneracij\u0105. Niacinamidas reguliuoja riebalini\u0173 liauk\u0173 veikl\u0105 ir stiprina odos barjer\u0105. Produktas lokaliai sausina b\u0117rimus, ta\u010diau nedirgina ir nei\u0161sausina aplinkin\u0117s odos.<\/p>\n<p data-start=\"3008\" data-end=\"3420\"><strong data-start=\"3008\" data-end=\"3018\">Tinka:<\/strong> mi\u0161riai, riebiai ir \u012f akn\u0119 linkusiai odai.<br data-start=\"3061\" data-end=\"3064\" \/><strong data-start=\"3064\" data-end=\"3089\">Aktyv\u016bs ingredientai:<\/strong><br data-start=\"3089\" data-end=\"3092\" \/>\u2022 Salicilo r\u016bg\u0161tis \u2013 valo poras, ma\u017eina u\u017edegim\u0105 ir paspartina gijim\u0105.<br data-start=\"3162\" data-end=\"3165\" \/>\u2022 Migdol\u0173 r\u016bg\u0161tis \u2013 \u0161velniai eksfolijuoja ir gerina tekst\u016br\u0105.<br data-start=\"3226\" data-end=\"3229\" \/>\u2022 E vitamino fosfatas \u2013 ma\u017eina oksidacin\u012f stres\u0105 ir ramina od\u0105.<br data-start=\"3292\" data-end=\"3295\" \/>\u2022 Alantoinas \u2013 ramina ir skatina odos atsinaujinim\u0105.<br data-start=\"3347\" data-end=\"3350\" \/>\u2022 Niacinamidas \u2013 reguliuoja riebal\u0173 i\u0161siskyrim\u0105 ir ma\u017eina paraudim\u0105.<\/p>\n<p data-start=\"3422\" data-end=\"3438\"><strong data-start=\"3422\" data-end=\"3432\">T\u016bris:<\/strong> 10 ml<\/p>\n","protected":false},"excerpt":{"rendered":"<p data-start=\"3578\" data-end=\"3918\"><span style=\"color: #ff0000;\"><strong data-start=\"3578\" data-end=\"3585\">NB!<\/strong> \u0160iame produkte yra didel\u0117 aktyvi\u0173j\u0173 ingredient\u0173 koncentracija. Prie\u0161 naudojim\u0105 rekomenduojame pasikonsultuoti su m\u016bs\u0173 specialistu. Skambinti +372 58500171 darbo dienomis 10:00\u201319:00, savaitgaliais 11:00\u201315:00. Taip pat galite palikti savo numer\u012f el. pa\u0161tu <a class=\"decorated-link cursor-pointer\" style=\"color: #ff0000;\" href=\"mailto:info@skinstudio.ee\" rel=\"noopener\" data-start=\"3842\" data-end=\"3860\">info@skinstudio.ee<\/a>, ir m\u016bs\u0173 specialistas susisieks su jumis per 24 valandas.<\/span><\/p>\n<p data-start=\"3920\" data-end=\"3944\">Lokalus kremas nuo akn\u0117s<\/p>\n<h2 data-start=\"3946\" data-end=\"4208\"><strong data-start=\"3946\" data-end=\"3999\">Ultraceuticals &#8211; Ultra Clear Spot Complex Savyb\u0117s<\/strong><\/h2>\n<p data-start=\"3946\" data-end=\"4208\">\u2714\ufe0f Ma\u017eina b\u0117rim\u0173 dyd\u012f ir matomum\u0105<br data-start=\"4035\" data-end=\"4038\" \/>\u2714\ufe0f U\u017etikrina \u0161veln\u0173 eksfolijavim\u0105 ir por\u0173 valym\u0105<br data-start=\"4086\" data-end=\"4089\" \/>\u2714\ufe0f Ramina sudirgim\u0105 ir paraudim\u0105<br data-start=\"4121\" data-end=\"4124\" \/>\u2714\ufe0f Reguliuoja riebal\u0173 i\u0161siskyrim\u0105<br data-start=\"4157\" data-end=\"4160\" \/>\u2714\ufe0f Ma\u017eina oksidacin\u012f stres\u0105 ir spartina gijim\u0105<\/p>\n","protected":false},"featured_media":68982,"template":"","meta":[],"pwb-brand":[786],"product_brand":[],"product_cat":[742,724,748],"product_tag":[],"giftcard-category":[],"class_list":{"0":"post-68980","1":"product","2":"type-product","3":"status-publish","4":"has-post-thumbnail","6":"pwb-brand-ultraceuticals","7":"product_cat-berimai","8":"product_cat-serumai","9":"product_cat-taukainai-adai-lt","11":"first","12":"outofstock","13":"taxable","14":"shipping-taxable","15":"purchasable","16":"product-type-simple"},"acf":[],"brands":[{"id":786,"name":"Ultraceuticals","slug":"ultraceuticals"}],"_links":{"self":[{"href":"https:\/\/skinstudio.ee\/lt\/wp-json\/wp\/v2\/product\/68980","targetHints":{"allow":["GET"]}}],"collection":[{"href":"https:\/\/skinstudio.ee\/lt\/wp-json\/wp\/v2\/product"}],"about":[{"href":"https:\/\/skinstudio.ee\/lt\/wp-json\/wp\/v2\/types\/product"}],"version-history":[{"count":0,"href":"https:\/\/skinstudio.ee\/lt\/wp-json\/wp\/v2\/product\/68980\/revisions"}],"wp:featuredmedia":[{"embeddable":true,"href":"https:\/\/skinstudio.ee\/lt\/wp-json\/wp\/v2\/media\/68982"}],"wp:attachment":[{"href":"https:\/\/skinstudio.ee\/lt\/wp-json\/wp\/v2\/media?parent=68980"}],"wp:term":[{"taxonomy":"pwb-brand","embeddable":true,"href":"https:\/\/skinstudio.ee\/lt\/wp-json\/wp\/v2\/pwb-brand?post=68980"},{"taxonomy":"product_brand","embeddable":true,"href":"https:\/\/skinstudio.ee\/lt\/wp-json\/wp\/v2\/product_brand?post=68980"},{"taxonomy":"product_cat","embeddable":true,"href":"https:\/\/skinstudio.ee\/lt\/wp-json\/wp\/v2\/product_cat?post=68980"},{"taxonomy":"product_tag","embeddable":true,"href":"https:\/\/skinstudio.ee\/lt\/wp-json\/wp\/v2\/product_tag?post=68980"},{"taxonomy":"giftcard-category","embeddable":true,"href":"https:\/\/skinstudio.ee\/lt\/wp-json\/wp\/v2\/giftcard-category?post=68980"}],"curies":[{"name":"wp","href":"https:\/\/api.w.org\/{rel}","templated":true}]}}