{"id":69002,"date":"2024-07-17T11:32:59","date_gmt":"2024-07-17T11:32:59","guid":{"rendered":"https:\/\/skinstudio.ee\/?post_type=product&#038;p=69002"},"modified":"2026-01-22T15:04:12","modified_gmt":"2026-01-22T15:04:12","slug":"ultra-clear-foaming-cleanser","status":"publish","type":"product","link":"https:\/\/skinstudio.ee\/lt\/catalog\/ultraceuticals\/ultra-clear-foaming-cleanser\/","title":{"rendered":"Ultra Clear Foaming Cleanser"},"content":{"rendered":"<p data-start=\"2375\" data-end=\"2665\">Ultra Clear Foaming Cleanser \u2013 aktyvus putojantis prausiklis, kuris giliai valo poras, pa\u0161alina makia\u017e\u0105 ir ma\u017eina u\u017edegiminius \u017eidinius. Formul\u0117 sukurta riebiai ir \u012f akn\u0119 linkusiai odai: ji ma\u017eina komedonus, ramina paraudim\u0105, gerina odos tekst\u016br\u0105 ir padeda i\u0161vengti nauj\u0173 b\u0117rim\u0173 atsiradimo.<\/p>\n<p data-start=\"2667\" data-end=\"2852\">Prausiklis ne tik efektyviai valo, bet ir paruo\u0161ia od\u0105 geresniam aktyvi\u0173j\u0173 ingredient\u0173 \u012fsisavinimui. Lengva put\u0173 tekst\u016bra palieka od\u0105 \u0161vari\u0105, gaivi\u0105 ir subalansuot\u0105, be tempimo poj\u016b\u010dio.<\/p>\n<p data-start=\"2854\" data-end=\"3058\"><strong data-start=\"2854\" data-end=\"2864\">Tinka:<\/strong> esant u\u017edegiminei aknei ir labai riebiai odai.<br data-start=\"2911\" data-end=\"2914\" \/><strong data-start=\"2914\" data-end=\"2928\">Patarimas:<\/strong> mi\u0161riai, \u012f riebalavim\u0105si linkusiai odai rekomenduojama naudoti 2\u20133 kartus per savait\u0119, kaitaliojant su \u0161velnesniais prausikliais.<\/p>\n<p data-start=\"3060\" data-end=\"3474\"><strong data-start=\"3060\" data-end=\"3085\">Aktyv\u016bs ingredientai:<\/strong><br data-start=\"3085\" data-end=\"3088\" \/>\u2022 Niacinamidas \u2013 reguliuoja riebal\u0173 i\u0161siskyrim\u0105, stiprina barjer\u0105 ir ma\u017eina paraudim\u0105.<br data-start=\"3174\" data-end=\"3177\" \/>\u2022 Salicilo r\u016bg\u0161tis \u2013 valo poras, spartina atsinaujinim\u0105 ir ma\u017eina komedonus.<br data-start=\"3253\" data-end=\"3256\" \/>\u2022 Sandalmed\u017eio aliejus \u2013 turi antiseptini\u0173 savybi\u0173 ir ma\u017eina u\u017edegim\u0105.<br data-start=\"3326\" data-end=\"3329\" \/>\u2022 Eukalipto lap\u0173 aliejus \u2013 valo, gaivina ir slopina bakterij\u0173 dauginim\u0105si.<br data-start=\"3403\" data-end=\"3406\" \/>\u2022 Augaliniai ekstraktai \u2013 padeda u\u017ekirsti keli\u0105 naujiems b\u0117rimams.<\/p>\n<p data-start=\"3476\" data-end=\"3493\"><strong data-start=\"3476\" data-end=\"3486\">T\u016bris:<\/strong> 150 ml<\/p>\n","protected":false},"excerpt":{"rendered":"<p data-start=\"3709\" data-end=\"4049\"><span style=\"color: #ff0000;\"><strong data-start=\"3709\" data-end=\"3716\">NB!<\/strong> \u0160iame produkte yra didel\u0117 aktyvi\u0173j\u0173 ingredient\u0173 koncentracija. Prie\u0161 naudojim\u0105 rekomenduojame pasikonsultuoti su m\u016bs\u0173 specialistu. Skambinti +372 58500171 darbo dienomis 10:00\u201319:00, savaitgaliais 11:00\u201315:00. Taip pat galite palikti savo numer\u012f el. pa\u0161tu <a class=\"decorated-link cursor-pointer\" style=\"color: #ff0000;\" href=\"mailto:info@skinstudio.ee\" rel=\"noopener\" data-start=\"3973\" data-end=\"3991\">info@skinstudio.ee<\/a>, ir m\u016bs\u0173 specialistas susisieks su jumis per 24 valandas.<\/span><\/p>\n<p data-start=\"4051\" data-end=\"4078\">Putojantis veido prausiklis<\/p>\n<h2 data-start=\"4080\" data-end=\"4382\"><strong data-start=\"4080\" data-end=\"4137\">Ultraceuticals &#8211; Ultra Clear Foaming Cleanser Savyb\u0117s<\/strong><\/h2>\n<p data-start=\"4080\" data-end=\"4382\">\u2714\ufe0f Giliai valo poras ir pa\u0161alina makia\u017e\u0105<br data-start=\"4180\" data-end=\"4183\" \/>\u2714\ufe0f Ma\u017eina u\u017edegim\u0105 ir b\u0117rimus<br data-start=\"4212\" data-end=\"4215\" \/>\u2714\ufe0f Turi antibakterin\u012f poveik\u012f<br data-start=\"4244\" data-end=\"4247\" \/>\u2714\ufe0f Reguliuoja riebal\u0173 i\u0161siskyrim\u0105 ir saugo nuo por\u0173 u\u017esikim\u0161imo<br data-start=\"4310\" data-end=\"4313\" \/>\u2714\ufe0f Gerina aktyvi\u0173j\u0173 ingredient\u0173 \u012fsisavinim\u0105 tolimesn\u0117je prie\u017ei\u016broje<\/p>\n","protected":false},"featured_media":65919,"template":"","meta":[],"pwb-brand":[786],"product_brand":[],"product_cat":[742,748,718],"product_tag":[],"giftcard-category":[],"class_list":{"0":"post-69002","1":"product","2":"type-product","3":"status-publish","4":"has-post-thumbnail","6":"pwb-brand-ultraceuticals","7":"product_cat-berimai","8":"product_cat-taukainai-adai-lt","9":"product_cat-valymas","11":"first","12":"instock","13":"taxable","14":"shipping-taxable","15":"purchasable","16":"product-type-simple"},"acf":[],"brands":[{"id":786,"name":"Ultraceuticals","slug":"ultraceuticals"}],"_links":{"self":[{"href":"https:\/\/skinstudio.ee\/lt\/wp-json\/wp\/v2\/product\/69002","targetHints":{"allow":["GET"]}}],"collection":[{"href":"https:\/\/skinstudio.ee\/lt\/wp-json\/wp\/v2\/product"}],"about":[{"href":"https:\/\/skinstudio.ee\/lt\/wp-json\/wp\/v2\/types\/product"}],"version-history":[{"count":0,"href":"https:\/\/skinstudio.ee\/lt\/wp-json\/wp\/v2\/product\/69002\/revisions"}],"wp:featuredmedia":[{"embeddable":true,"href":"https:\/\/skinstudio.ee\/lt\/wp-json\/wp\/v2\/media\/65919"}],"wp:attachment":[{"href":"https:\/\/skinstudio.ee\/lt\/wp-json\/wp\/v2\/media?parent=69002"}],"wp:term":[{"taxonomy":"pwb-brand","embeddable":true,"href":"https:\/\/skinstudio.ee\/lt\/wp-json\/wp\/v2\/pwb-brand?post=69002"},{"taxonomy":"product_brand","embeddable":true,"href":"https:\/\/skinstudio.ee\/lt\/wp-json\/wp\/v2\/product_brand?post=69002"},{"taxonomy":"product_cat","embeddable":true,"href":"https:\/\/skinstudio.ee\/lt\/wp-json\/wp\/v2\/product_cat?post=69002"},{"taxonomy":"product_tag","embeddable":true,"href":"https:\/\/skinstudio.ee\/lt\/wp-json\/wp\/v2\/product_tag?post=69002"},{"taxonomy":"giftcard-category","embeddable":true,"href":"https:\/\/skinstudio.ee\/lt\/wp-json\/wp\/v2\/giftcard-category?post=69002"}],"curies":[{"name":"wp","href":"https:\/\/api.w.org\/{rel}","templated":true}]}}