{"id":69011,"date":"2024-07-17T11:32:05","date_gmt":"2024-07-17T11:32:05","guid":{"rendered":"https:\/\/skinstudio.ee\/?post_type=product&#038;p=69011"},"modified":"2026-01-22T15:04:12","modified_gmt":"2026-01-22T15:04:12","slug":"ultra-calming-cleanser","status":"publish","type":"product","link":"https:\/\/skinstudio.ee\/lt\/catalog\/ultraceuticals\/ultra-calming-cleanser\/","title":{"rendered":"Ultra Calming Cleanser"},"content":{"rendered":"<p data-start=\"1749\" data-end=\"2023\">Ultra Calming Cleanser \u2013 itin \u0161velnus veido prausiklis, sukurtas jautriai, reaktyviai ir gle\u017enai odai. Jis \u0161velniai pa\u0161alina pavir\u0161inius ne\u0161varumus, riebal\u0173 pertekli\u0173 ir makia\u017eo liku\u010dius, nepa\u017eeisdamas nat\u016bralaus odos apsauginio barjero ir nesukeldamas sudirgimo ar sausumo.<\/p>\n<p data-start=\"2025\" data-end=\"2291\">\u0160i priemon\u0117 idealiai tinka tiems, kuri\u0173 oda jautriai reaguoja \u012f agresyvius prausiklius ar stipr\u0173 trynim\u0105. Ji suteikia i\u0161kart juntam\u0105 komfort\u0105, dr\u0117kina od\u0105 ir padeda atkurti jos balans\u0105. Tinka ir aki\u0173 sri\u010diai, \u012fskaitant jautrias akis bei kontaktini\u0173 l\u0119\u0161i\u0173 ne\u0161iotojus.<\/p>\n<p data-start=\"2293\" data-end=\"2310\"><strong data-start=\"2293\" data-end=\"2303\">T\u016bris:<\/strong> 200 ml<\/p>\n","protected":false},"excerpt":{"rendered":"<p data-start=\"2465\" data-end=\"2805\"><span style=\"color: #ff0000;\"><strong data-start=\"2465\" data-end=\"2472\">NB!<\/strong> \u0160iame produkte yra didel\u0117 aktyvi\u0173j\u0173 ingredient\u0173 koncentracija. Prie\u0161 naudojim\u0105 rekomenduojame pasikonsultuoti su m\u016bs\u0173 specialistu. Skambinti +372 58500171 darbo dienomis 10:00\u201319:00, savaitgaliais 11:00\u201315:00. Taip pat galite palikti savo numer\u012f el. pa\u0161tu <a class=\"decorated-link cursor-pointer\" style=\"color: #ff0000;\" href=\"mailto:info@skinstudio.ee\" rel=\"noopener\" data-start=\"2729\" data-end=\"2747\">info@skinstudio.ee<\/a>, ir m\u016bs\u0173 specialistas susisieks su jumis per 24 valandas.<\/span><\/p>\n<p data-start=\"2807\" data-end=\"2834\">Raminamasis valomasis gelis<\/p>\n<h2 data-start=\"2836\" data-end=\"3127\"><strong data-start=\"2836\" data-end=\"2887\">Ultraceuticals &#8211; Ultra Calming Cleanser Savyb\u0117s<\/strong><\/h2>\n<p data-start=\"2836\" data-end=\"3127\">\u2714\ufe0f \u0160velniai pa\u0161alina ne\u0161varumus, riebal\u0173 pertekli\u0173 ir makia\u017e\u0105<br data-start=\"2951\" data-end=\"2954\" \/>\u2714\ufe0f Dr\u0117kina ir ramina jautri\u0105 od\u0105<br data-start=\"2986\" data-end=\"2989\" \/>\u2714\ufe0f Padeda i\u0161laikyti nat\u016bral\u0173 apsaugin\u012f barjer\u0105<br data-start=\"3035\" data-end=\"3038\" \/>\u2714\ufe0f Tinka aki\u0173 sri\u010diai ir jautrioms akims<br data-start=\"3078\" data-end=\"3081\" \/>\u2714\ufe0f Palieka od\u0105 mink\u0161t\u0105, lygi\u0105 ir komforti\u0161k\u0105<\/p>\n","protected":false},"featured_media":65924,"template":"","meta":[],"pwb-brand":[786],"product_brand":[],"product_cat":[746,718],"product_tag":[],"giftcard-category":[],"class_list":{"0":"post-69011","1":"product","2":"type-product","3":"status-publish","4":"has-post-thumbnail","6":"pwb-brand-ultraceuticals","7":"product_cat-jautriai-odai","8":"product_cat-valymas","10":"first","11":"instock","12":"taxable","13":"shipping-taxable","14":"purchasable","15":"product-type-simple"},"acf":[],"brands":[{"id":786,"name":"Ultraceuticals","slug":"ultraceuticals"}],"_links":{"self":[{"href":"https:\/\/skinstudio.ee\/lt\/wp-json\/wp\/v2\/product\/69011","targetHints":{"allow":["GET"]}}],"collection":[{"href":"https:\/\/skinstudio.ee\/lt\/wp-json\/wp\/v2\/product"}],"about":[{"href":"https:\/\/skinstudio.ee\/lt\/wp-json\/wp\/v2\/types\/product"}],"version-history":[{"count":0,"href":"https:\/\/skinstudio.ee\/lt\/wp-json\/wp\/v2\/product\/69011\/revisions"}],"wp:featuredmedia":[{"embeddable":true,"href":"https:\/\/skinstudio.ee\/lt\/wp-json\/wp\/v2\/media\/65924"}],"wp:attachment":[{"href":"https:\/\/skinstudio.ee\/lt\/wp-json\/wp\/v2\/media?parent=69011"}],"wp:term":[{"taxonomy":"pwb-brand","embeddable":true,"href":"https:\/\/skinstudio.ee\/lt\/wp-json\/wp\/v2\/pwb-brand?post=69011"},{"taxonomy":"product_brand","embeddable":true,"href":"https:\/\/skinstudio.ee\/lt\/wp-json\/wp\/v2\/product_brand?post=69011"},{"taxonomy":"product_cat","embeddable":true,"href":"https:\/\/skinstudio.ee\/lt\/wp-json\/wp\/v2\/product_cat?post=69011"},{"taxonomy":"product_tag","embeddable":true,"href":"https:\/\/skinstudio.ee\/lt\/wp-json\/wp\/v2\/product_tag?post=69011"},{"taxonomy":"giftcard-category","embeddable":true,"href":"https:\/\/skinstudio.ee\/lt\/wp-json\/wp\/v2\/giftcard-category?post=69011"}],"curies":[{"name":"wp","href":"https:\/\/api.w.org\/{rel}","templated":true}]}}