{"id":69021,"date":"2024-07-17T11:29:22","date_gmt":"2024-07-17T11:29:22","guid":{"rendered":"https:\/\/skinstudio.ee\/?post_type=product&#038;p=69021"},"modified":"2026-01-22T15:04:13","modified_gmt":"2026-01-22T15:04:13","slug":"ultra-moisturiser-eye-cream","status":"publish","type":"product","link":"https:\/\/skinstudio.ee\/lt\/catalog\/ultraceuticals\/ultra-moisturiser-eye-cream\/","title":{"rendered":"Ultra Moisturiser Eye Cream"},"content":{"rendered":"<p data-start=\"2113\" data-end=\"2407\">Ultra Moisturiser Eye Cream \u2013 lengvos tekst\u016bros dr\u0117kinamasis paaki\u0173 kremas, sukurtas stiprinti odos lipidin\u012f barjer\u0105 ir palaikyti nat\u016bral\u0173 dr\u0117gm\u0117s balans\u0105. Formul\u0117 giliai dr\u0117kina jautri\u0105 paaki\u0173 zon\u0105, padeda suma\u017einti smulkias rauk\u0161leles ir pagerina bendr\u0105 odos komfort\u0105 nesukeliant sudirginimo.<\/p>\n<p data-start=\"2409\" data-end=\"2773\">Sukurtas atsi\u017evelgiant \u012f jautrum\u0105, kremas tinka vis\u0173 tip\u0173 odai, \u012fskaitant reaktyvi\u0105 ar lengvai sudirginam\u0105. Hialurono r\u016bg\u0161tis ir ceramidai suteikia ilgalaik\u0119 hidratacij\u0105, cholesterolis ir riebal\u0173 r\u016bg\u0161tys stiprina apsaugin\u012f barjer\u0105, o kofeinas ma\u017eina paburkim\u0105 ir suteikia akims gaivumo. Reguliariai naudojant paaki\u0173 sritis tampa lygesn\u0117, \u0161viesesn\u0117 ir elastingesn\u0117.<\/p>\n<p data-start=\"2775\" data-end=\"2801\"><strong data-start=\"2775\" data-end=\"2785\">Tinka:<\/strong> vis\u0173 tip\u0173 odai.<\/p>\n<p data-start=\"2803\" data-end=\"3072\"><strong data-start=\"2803\" data-end=\"2828\">Aktyv\u016bs ingredientai:<\/strong><br data-start=\"2828\" data-end=\"2831\" \/>\u2022 Hialurono r\u016bg\u0161tis \u2013 dr\u0117kina ir didina odos stangrum\u0105.<br data-start=\"2886\" data-end=\"2889\" \/>\u2022 Ceramidai \u2013 stiprina ir atkuria lipidin\u012f barjer\u0105.<br data-start=\"2940\" data-end=\"2943\" \/>\u2022 Cholesterolis ir riebal\u0173 r\u016bg\u0161tys \u2013 gerina barjero atsparum\u0105 ir mink\u0161tum\u0105.<br data-start=\"3018\" data-end=\"3021\" \/>\u2022 Kofeinas \u2013 ma\u017eina paburkim\u0105 ir nuovargio \u017eymes.<\/p>\n<p data-start=\"3074\" data-end=\"3090\"><strong data-start=\"3074\" data-end=\"3084\">T\u016bris:<\/strong> 15 ml<\/p>\n","protected":false},"excerpt":{"rendered":"<div class=\"page\" title=\"Page 7\">\n<div class=\"layoutArea\">\n<div class=\"column\">\n<p data-start=\"3199\" data-end=\"3548\"><span style=\"color: #ff0000;\"><strong data-start=\"3199\" data-end=\"3206\">NB!<\/strong> \u0160iame produkte yra didel\u0117 aktyvi\u0173j\u0173 ingredient\u0173 koncentracija. Prie\u0161 naudojim\u0105 rekomenduojame pasikonsultuoti su m\u016bs\u0173 specialistu. Skambinti +372 58500171 darbo dienomis 10:00\u201319:00, savaitgaliais 11:00\u201315:00. Taip pat galite palikti savo telefono numer\u012f el. pa\u0161tu <a class=\"decorated-link cursor-pointer\" style=\"color: #ff0000;\" href=\"mailto:info@skinstudio.ee\" rel=\"noopener\" data-start=\"3472\" data-end=\"3490\">info@skinstudio.ee<\/a>, ir m\u016bs\u0173 specialistas susisieks su jumis per 24 valandas.<\/span><\/p>\n<p data-start=\"3550\" data-end=\"3576\">Dr\u0117kinamasis paaki\u0173 kremas<\/p>\n<h2 data-start=\"3578\" data-end=\"3844\"><strong data-start=\"3578\" data-end=\"3634\">Ultraceuticals &#8211; Ultra Moisturiser Eye Cream Savyb\u0117s<\/strong><\/h2>\n<p data-start=\"3578\" data-end=\"3844\">\u2714\ufe0f Ma\u017eina smulki\u0173 rauk\u0161leli\u0173 matomum\u0105<br data-start=\"3674\" data-end=\"3677\" \/>\u2714\ufe0f Skaistina ir atgaivina pavargusias akis<br data-start=\"3719\" data-end=\"3722\" \/>\u2714\ufe0f Giliai dr\u0117kina ir mink\u0161tina od\u0105<br data-start=\"3756\" data-end=\"3759\" \/>\u2714\ufe0f Ma\u017eina paburkim\u0105 ir gerina tonus\u0105<br data-start=\"3795\" data-end=\"3798\" \/>\u2714\ufe0f Stiprina barjer\u0105 ir didina odos atsparum\u0105<\/p>\n<\/div>\n<\/div>\n<\/div>\n","protected":false},"featured_media":69022,"template":"","meta":[],"pwb-brand":[786],"product_brand":[],"product_cat":[738,734],"product_tag":[],"giftcard-category":[],"class_list":{"0":"post-69021","1":"product","2":"type-product","3":"status-publish","4":"has-post-thumbnail","6":"pwb-brand-ultraceuticals","7":"product_cat-drekinimas","8":"product_cat-oda-aplink-akis","10":"first","11":"instock","12":"taxable","13":"shipping-taxable","14":"purchasable","15":"product-type-simple"},"acf":[],"brands":[{"id":786,"name":"Ultraceuticals","slug":"ultraceuticals"}],"_links":{"self":[{"href":"https:\/\/skinstudio.ee\/lt\/wp-json\/wp\/v2\/product\/69021","targetHints":{"allow":["GET"]}}],"collection":[{"href":"https:\/\/skinstudio.ee\/lt\/wp-json\/wp\/v2\/product"}],"about":[{"href":"https:\/\/skinstudio.ee\/lt\/wp-json\/wp\/v2\/types\/product"}],"version-history":[{"count":0,"href":"https:\/\/skinstudio.ee\/lt\/wp-json\/wp\/v2\/product\/69021\/revisions"}],"wp:featuredmedia":[{"embeddable":true,"href":"https:\/\/skinstudio.ee\/lt\/wp-json\/wp\/v2\/media\/69022"}],"wp:attachment":[{"href":"https:\/\/skinstudio.ee\/lt\/wp-json\/wp\/v2\/media?parent=69021"}],"wp:term":[{"taxonomy":"pwb-brand","embeddable":true,"href":"https:\/\/skinstudio.ee\/lt\/wp-json\/wp\/v2\/pwb-brand?post=69021"},{"taxonomy":"product_brand","embeddable":true,"href":"https:\/\/skinstudio.ee\/lt\/wp-json\/wp\/v2\/product_brand?post=69021"},{"taxonomy":"product_cat","embeddable":true,"href":"https:\/\/skinstudio.ee\/lt\/wp-json\/wp\/v2\/product_cat?post=69021"},{"taxonomy":"product_tag","embeddable":true,"href":"https:\/\/skinstudio.ee\/lt\/wp-json\/wp\/v2\/product_tag?post=69021"},{"taxonomy":"giftcard-category","embeddable":true,"href":"https:\/\/skinstudio.ee\/lt\/wp-json\/wp\/v2\/giftcard-category?post=69021"}],"curies":[{"name":"wp","href":"https:\/\/api.w.org\/{rel}","templated":true}]}}