{"id":69030,"date":"2024-07-16T13:07:33","date_gmt":"2024-07-16T13:07:33","guid":{"rendered":"https:\/\/skinstudio.ee\/?post_type=product&#038;p=69030"},"modified":"2026-01-22T15:04:13","modified_gmt":"2026-01-22T15:04:13","slug":"ultra-hydrating-lotion","status":"publish","type":"product","link":"https:\/\/skinstudio.ee\/lt\/catalog\/ultraceuticals\/ultra-hydrating-lotion\/","title":{"rendered":"Ultra Hydrating Lotion"},"content":{"rendered":"<div class=\"page\" title=\"Page 9\">\n<div class=\"layoutArea\">\n<div class=\"column\">\n<p data-start=\"2395\" data-end=\"2780\">Ultra Hydrating Lotion \u2013 lengvos tekst\u016bros, greitai \u012fsigeriantis losjonas, praturtintas natrio hialuronatu \u2013 stipriu dr\u0117kinamuoju ingredientu, kuris padeda i\u0161laikyti dr\u0117gm\u0119 ir palaikyti nat\u016bral\u0173 odos hidratacijos balans\u0105. Formul\u0117je taip pat yra kondicionuojan\u010di\u0173 komponent\u0173, toki\u0173 kaip vitaminas E ir alavijas, kurie ramina saus\u0105 od\u0105, mink\u0161tina j\u0105, glotnina ir atkuria komforto poj\u016bt\u012f.<\/p>\n<p data-start=\"2782\" data-end=\"3135\">Losjonas tinka vis\u0173 tip\u0173 odai, ypa\u010d mi\u0161riai, riebiai ir \u012f akn\u0119 linkusiai odai. Ceramidai padeda atkurti odos apsaugin\u012f barjer\u0105 ir i\u0161vengti dr\u0117gm\u0117s netekimo, natrio hialuronatas suteikia gil\u0173 dr\u0117kinim\u0105, o augaliniai ekstraktai ramina od\u0105 ir saugo nuo laisv\u0173j\u0173 radikal\u0173 poveikio. Reguliariai naudojant oda tampa lygesn\u0117, sudr\u0117kinta ir vizualiai sveikesn\u0117.<\/p>\n<p data-start=\"3137\" data-end=\"3531\"><strong data-start=\"3137\" data-end=\"3147\">Tinka:<\/strong> vis\u0173 tip\u0173 odai, ypa\u010d mi\u0161riai, riebiai ir \u012f akn\u0119 linkusiai odai.<br data-start=\"3211\" data-end=\"3214\" \/><strong data-start=\"3214\" data-end=\"3239\">Aktyv\u016bs ingredientai:<\/strong><br data-start=\"3239\" data-end=\"3242\" \/>\u2022 Ceramidai \u2013 atkuria apsaugin\u012f barjer\u0105 ir padeda sulaikyti dr\u0117gm\u0119.<br data-start=\"3309\" data-end=\"3312\" \/>\u2022 Natrio hialuronatas \u2013 giliai dr\u0117kina ir mink\u0161tina od\u0105.<br data-start=\"3368\" data-end=\"3371\" \/>\u2022 E vitaminas \u2013 saugo nuo oksidacinio streso.<br data-start=\"3416\" data-end=\"3419\" \/>\u2022 Alavijas \u2013 ramina ir ma\u017eina sudirginim\u0105.<br data-start=\"3461\" data-end=\"3464\" \/>\u2022 R\u016bg\u0161tys \u2013 gerina tekst\u016br\u0105 ir skatina nat\u016bral\u0173 odos atsinaujinim\u0105.<\/p>\n<p data-start=\"3533\" data-end=\"3549\"><strong data-start=\"3533\" data-end=\"3543\">T\u016bris:<\/strong> 75 ml<\/p>\n<\/div>\n<\/div>\n<\/div>\n","protected":false},"excerpt":{"rendered":"<div class=\"page\" title=\"Page 9\">\n<div class=\"layoutArea\">\n<div class=\"column\">\n<p data-start=\"3677\" data-end=\"4028\"><span style=\"color: #ff0000;\"><strong data-start=\"3677\" data-end=\"3684\">NB!<\/strong> \u0160iame produkte yra didel\u0117 aktyvi\u0173j\u0173 ingredient\u0173 koncentracija. Prie\u0161 naudojim\u0105 rekomenduojame pasikonsultuoti su m\u016bs\u0173 specialistu. Skambinti +372 58500171 darbo dienomis 10:00\u201319:00 ir savaitgaliais 11:00\u201315:00. Taip pat galite palikti savo telefono numer\u012f el. pa\u0161tu <a class=\"decorated-link cursor-pointer\" style=\"color: #ff0000;\" href=\"mailto:info@skinstudio.ee\" rel=\"noopener\" data-start=\"3952\" data-end=\"3970\">info@skinstudio.ee<\/a>, ir m\u016bs\u0173 specialistas susisieks su jumis per 24 valandas.<\/span><\/p>\n<p data-start=\"4030\" data-end=\"4051\">Dr\u0117kinamasis losjonas<\/p>\n<h2 data-start=\"4053\" data-end=\"4355\"><strong data-start=\"4053\" data-end=\"4104\">Ultraceuticals &#8211; Ultra Hydrating Lotion Savyb\u0117s<\/strong><\/h2>\n<p data-start=\"4053\" data-end=\"4355\">\u2714\ufe0f Atkuria ir stiprina odos lipidin\u012f barjer\u0105<br data-start=\"4151\" data-end=\"4154\" \/>\u2714\ufe0f Ma\u017eina por\u0173 matomum\u0105 ir balansuoja riebal\u0173 i\u0161siskyrim\u0105<br data-start=\"4211\" data-end=\"4214\" \/>\u2714\ufe0f Giliai dr\u0117kina ir mink\u0161tina od\u0105<br data-start=\"4248\" data-end=\"4251\" \/>\u2714\ufe0f Ramina sudirgim\u0105 ir palaiko odos atsistatym\u0105<br data-start=\"4298\" data-end=\"4301\" \/>\u2714\ufe0f Papildo dr\u0117gm\u0117s atsargas ir ma\u017eina tempimo poj\u016bt\u012f<\/p>\n<\/div>\n<\/div>\n<\/div>\n","protected":false},"featured_media":65930,"template":"","meta":[],"pwb-brand":[786],"product_brand":[],"product_cat":[742,738,746,748],"product_tag":[],"giftcard-category":[],"class_list":{"0":"post-69030","1":"product","2":"type-product","3":"status-publish","4":"has-post-thumbnail","6":"pwb-brand-ultraceuticals","7":"product_cat-berimai","8":"product_cat-drekinimas","9":"product_cat-jautriai-odai","10":"product_cat-taukainai-adai-lt","12":"first","13":"instock","14":"taxable","15":"shipping-taxable","16":"purchasable","17":"product-type-simple"},"acf":[],"brands":[{"id":786,"name":"Ultraceuticals","slug":"ultraceuticals"}],"_links":{"self":[{"href":"https:\/\/skinstudio.ee\/lt\/wp-json\/wp\/v2\/product\/69030","targetHints":{"allow":["GET"]}}],"collection":[{"href":"https:\/\/skinstudio.ee\/lt\/wp-json\/wp\/v2\/product"}],"about":[{"href":"https:\/\/skinstudio.ee\/lt\/wp-json\/wp\/v2\/types\/product"}],"version-history":[{"count":0,"href":"https:\/\/skinstudio.ee\/lt\/wp-json\/wp\/v2\/product\/69030\/revisions"}],"wp:featuredmedia":[{"embeddable":true,"href":"https:\/\/skinstudio.ee\/lt\/wp-json\/wp\/v2\/media\/65930"}],"wp:attachment":[{"href":"https:\/\/skinstudio.ee\/lt\/wp-json\/wp\/v2\/media?parent=69030"}],"wp:term":[{"taxonomy":"pwb-brand","embeddable":true,"href":"https:\/\/skinstudio.ee\/lt\/wp-json\/wp\/v2\/pwb-brand?post=69030"},{"taxonomy":"product_brand","embeddable":true,"href":"https:\/\/skinstudio.ee\/lt\/wp-json\/wp\/v2\/product_brand?post=69030"},{"taxonomy":"product_cat","embeddable":true,"href":"https:\/\/skinstudio.ee\/lt\/wp-json\/wp\/v2\/product_cat?post=69030"},{"taxonomy":"product_tag","embeddable":true,"href":"https:\/\/skinstudio.ee\/lt\/wp-json\/wp\/v2\/product_tag?post=69030"},{"taxonomy":"giftcard-category","embeddable":true,"href":"https:\/\/skinstudio.ee\/lt\/wp-json\/wp\/v2\/giftcard-category?post=69030"}],"curies":[{"name":"wp","href":"https:\/\/api.w.org\/{rel}","templated":true}]}}