{"id":69040,"date":"2024-07-16T13:02:53","date_gmt":"2024-07-16T13:02:53","guid":{"rendered":"https:\/\/skinstudio.ee\/?post_type=product&#038;p=69040"},"modified":"2026-01-22T15:04:12","modified_gmt":"2026-01-22T15:04:12","slug":"ultra-brightening-moisturiser-cream","status":"publish","type":"product","link":"https:\/\/skinstudio.ee\/lt\/catalog\/ultraceuticals\/ultra-brightening-moisturiser-cream\/","title":{"rendered":"Ultra Brightening Moisturiser Cream"},"content":{"rendered":"<div class=\"page\" title=\"Page 10\">\n<div class=\"layoutArea\">\n<div class=\"column\">\n<p data-start=\"2274\" data-end=\"2536\">Ultra Brightening Moisturiser Cream \u2013 giliai dr\u0117kinantis kremas, sukurtas odai suteikti skaistes, \u0161vyt\u0117jimo ir tolyg\u0173 atspalv\u012f. Lengva formul\u0117 palaiko nat\u016bral\u0173 odos lipidin\u012f barjer\u0105, ma\u017eina sausum\u0105 ir \u0161iurk\u0161tum\u0105, padeda atkurti komforti\u0161k\u0105 ir glotn\u0173 odos poj\u016bt\u012f.<\/p>\n<p data-start=\"2538\" data-end=\"2919\">Niacinamidas padeda suma\u017einti fotopa\u017eaidos po\u017eymius ir postakne \u017eymes, o r\u016bg\u0161tyni\u0173 ekstraktas \u0161velniai ma\u017eina pigmentacij\u0105 ir paraudim\u0105, suteikdamas odai \u0161viesesn\u012f, tolygesn\u012f ton\u0105. Linolo ir linoleno r\u016bg\u0161tys \u2013 svarb\u016bs odos lipidai \u2013 stiprina apsaugin\u012f barjer\u0105, papildo dr\u0117gm\u0119 ir gerina odos elastingum\u0105. Reguliariai naudojant oda tampa \u0161velnesn\u0117, glotnesn\u0117 ir vizualiai skaistesn\u0117.<\/p>\n<p data-start=\"2921\" data-end=\"3228\"><strong data-start=\"2921\" data-end=\"2931\">Tinka:<\/strong> sausai odai su pigmentacija ir i\u0161b\u0117rimais, i\u0161skyrus jautri\u0105 od\u0105.<br data-start=\"2996\" data-end=\"2999\" \/><strong data-start=\"2999\" data-end=\"3024\">Aktyv\u016bs ingredientai:<\/strong><br data-start=\"3024\" data-end=\"3027\" \/>\u2022 Niacinamidas \u2013 ma\u017eina postakne \u017eymes ir netolyg\u0173 ton\u0105.<br data-start=\"3083\" data-end=\"3086\" \/>\u2022 R\u016bg\u0161tyni\u0173 ekstraktas \u2013 \u0161velniai ma\u017eina pigmentacij\u0105 ir paraudim\u0105.<br data-start=\"3153\" data-end=\"3156\" \/>\u2022 Linolo ir linoleno r\u016bg\u0161tys \u2013 stiprina lipidin\u012f barjer\u0105 ir maitina od\u0105.<\/p>\n<p data-start=\"3230\" data-end=\"3246\"><strong data-start=\"3230\" data-end=\"3240\">T\u016bris:<\/strong> 75 ml<\/p>\n<\/div>\n<\/div>\n<\/div>\n","protected":false},"excerpt":{"rendered":"<div class=\"page\" title=\"Page 10\">\n<div class=\"layoutArea\">\n<div class=\"column\">\n<p data-start=\"3431\" data-end=\"3782\"><span style=\"color: #ff0000;\"><strong data-start=\"3431\" data-end=\"3438\">NB!<\/strong> \u0160iame produkte yra didel\u0117 aktyvi\u0173j\u0173 ingredient\u0173 koncentracija. Prie\u0161 naudojim\u0105 rekomenduojame pasikonsultuoti su m\u016bs\u0173 specialistu. Skambinti +372 58500171 darbo dienomis 10:00\u201319:00 ir savaitgaliais 11:00\u201315:00. Taip pat galite palikti savo telefono numer\u012f el. pa\u0161tu <a class=\"decorated-link cursor-pointer\" style=\"color: #ff0000;\" href=\"mailto:info@skinstudio.ee\" rel=\"noopener\" data-start=\"3706\" data-end=\"3724\">info@skinstudio.ee<\/a>, ir m\u016bs\u0173 specialistas susisieks su jumis per 24 valandas.<\/span><\/p>\n<p data-start=\"3784\" data-end=\"3830\">Dr\u0117kinamasis kremas su skaistinamuoju poveikiu<\/p>\n<h2 data-start=\"3832\" data-end=\"4144\"><strong data-start=\"3832\" data-end=\"3896\">Ultraceuticals &#8211; Ultra Brightening Moisturiser Cream Savyb\u0117s<\/strong><\/h2>\n<p data-start=\"3832\" data-end=\"4144\">\u2714\ufe0f Giliai dr\u0117kina ir atkuria odos dr\u0117gm\u0117s balans\u0105<br data-start=\"3948\" data-end=\"3951\" \/>\u2714\ufe0f Ma\u017eina pigmentacij\u0105 ir postakne \u017eymes<br data-start=\"3991\" data-end=\"3994\" \/>\u2714\ufe0f Suteikia odai tolygesn\u012f, \u0161vytint\u012f atspalv\u012f<br data-start=\"4039\" data-end=\"4042\" \/>\u2714\ufe0f Stiprina lipidin\u012f barjer\u0105 ir gerina elastingum\u0105<br data-start=\"4092\" data-end=\"4095\" \/>\u2714\ufe0f Palieka od\u0105 lygesn\u0119, mink\u0161tesn\u0119 ir glotnesn\u0119<\/p>\n<\/div>\n<\/div>\n<\/div>\n","protected":false},"featured_media":65935,"template":"","meta":[],"pwb-brand":[786],"product_brand":[],"product_cat":[742,738,752,740],"product_tag":[],"giftcard-category":[],"class_list":{"0":"post-69040","1":"product","2":"type-product","3":"status-publish","4":"has-post-thumbnail","6":"pwb-brand-ultraceuticals","7":"product_cat-berimai","8":"product_cat-drekinimas","9":"product_cat-pigmentacija-lt","10":"product_cat-sausai-odai","12":"first","13":"instock","14":"taxable","15":"shipping-taxable","16":"purchasable","17":"product-type-simple"},"acf":[],"brands":[{"id":786,"name":"Ultraceuticals","slug":"ultraceuticals"}],"_links":{"self":[{"href":"https:\/\/skinstudio.ee\/lt\/wp-json\/wp\/v2\/product\/69040","targetHints":{"allow":["GET"]}}],"collection":[{"href":"https:\/\/skinstudio.ee\/lt\/wp-json\/wp\/v2\/product"}],"about":[{"href":"https:\/\/skinstudio.ee\/lt\/wp-json\/wp\/v2\/types\/product"}],"version-history":[{"count":0,"href":"https:\/\/skinstudio.ee\/lt\/wp-json\/wp\/v2\/product\/69040\/revisions"}],"wp:featuredmedia":[{"embeddable":true,"href":"https:\/\/skinstudio.ee\/lt\/wp-json\/wp\/v2\/media\/65935"}],"wp:attachment":[{"href":"https:\/\/skinstudio.ee\/lt\/wp-json\/wp\/v2\/media?parent=69040"}],"wp:term":[{"taxonomy":"pwb-brand","embeddable":true,"href":"https:\/\/skinstudio.ee\/lt\/wp-json\/wp\/v2\/pwb-brand?post=69040"},{"taxonomy":"product_brand","embeddable":true,"href":"https:\/\/skinstudio.ee\/lt\/wp-json\/wp\/v2\/product_brand?post=69040"},{"taxonomy":"product_cat","embeddable":true,"href":"https:\/\/skinstudio.ee\/lt\/wp-json\/wp\/v2\/product_cat?post=69040"},{"taxonomy":"product_tag","embeddable":true,"href":"https:\/\/skinstudio.ee\/lt\/wp-json\/wp\/v2\/product_tag?post=69040"},{"taxonomy":"giftcard-category","embeddable":true,"href":"https:\/\/skinstudio.ee\/lt\/wp-json\/wp\/v2\/giftcard-category?post=69040"}],"curies":[{"name":"wp","href":"https:\/\/api.w.org\/{rel}","templated":true}]}}