{"id":69051,"date":"2024-07-16T12:35:43","date_gmt":"2024-07-16T12:35:43","guid":{"rendered":"https:\/\/skinstudio.ee\/?post_type=product&#038;p=69051"},"modified":"2026-01-22T15:04:12","modified_gmt":"2026-01-22T15:04:12","slug":"ultra-calming-moisturiser-cream","status":"publish","type":"product","link":"https:\/\/skinstudio.ee\/lt\/catalog\/ultraceuticals\/ultra-calming-moisturiser-cream\/","title":{"rendered":"Ultra Calming Moisturiser Cream"},"content":{"rendered":"<div>\n<p data-start=\"2255\" data-end=\"2643\">Ultra Calming Moisturiser Cream \u2013 intensyviai dr\u0117kinantis ir atkuriantis kremas, kuris padidina odos dr\u0117gm\u0117s lyg\u012f iki 50% jau pirm\u0105j\u0105 naudojimo savait\u0119. Formul\u0117 stiprina apsaugin\u012f odos barjer\u0105, gerina dr\u0117gm\u0117s i\u0161laikym\u0105 ir ma\u017eina transepidermin\u012f vandens netekim\u0105. Kremas akimirksniu ramina sudirgim\u0105, ma\u017eina diskomfort\u0105 ir palieka od\u0105 \u0161velnesn\u0119, glotnesn\u0119 ir atsparesn\u0119 aplinkos poveikiui.<\/p>\n<p data-start=\"2645\" data-end=\"3010\">Turtinga, ta\u010diau greitai \u012fsigerianti tekst\u016bra suteikia momentin\u012f komfort\u0105 be sunkumo poj\u016b\u010dio. Produktas idealiai tinka sausai, mi\u0161riai ir dehidratacijai linkusiai odai, taip pat jautresnei odai. Ceramidai atkuria barjer\u0105 ir pagerina dr\u0117gm\u0117s i\u0161laikym\u0105, r\u016bg\u0161tys palaiko nat\u016bral\u0173 odos atsinaujinim\u0105, o augaliniai aliejai ramina od\u0105 ir apsaugo j\u0105 nuo laisv\u0173j\u0173 radikal\u0173.<\/p>\n<p data-start=\"3012\" data-end=\"3306\"><strong data-start=\"3012\" data-end=\"3022\">Tinka:<\/strong> sausai ir mi\u0161riai odai, linkusiai \u012f sausum\u0105.<br data-start=\"3067\" data-end=\"3070\" \/><strong data-start=\"3070\" data-end=\"3095\">Aktyv\u016bs ingredientai:<\/strong><br data-start=\"3095\" data-end=\"3098\" \/>\u2022 Ceramidai \u2013 atkuria apsaugin\u012f barjer\u0105 ir pagerina dr\u0117gm\u0117s i\u0161laikym\u0105.<br data-start=\"3168\" data-end=\"3171\" \/>\u2022 R\u016bg\u0161tys \u2013 skatina odos atsinaujinim\u0105 ir gerina tekst\u016br\u0105.<br data-start=\"3229\" data-end=\"3232\" \/>\u2022 Augaliniai aliejai \u2013 ramina sudirginim\u0105 ir saugo nuo oksidacinio streso.<\/p>\n<p data-start=\"3308\" data-end=\"3324\"><strong data-start=\"3308\" data-end=\"3318\">T\u016bris:<\/strong> 75 ml<\/p>\n<\/div>\n<picture><source srcset=\"https:\/\/milfey-shop.ru\/image\/cache\/catalog\/content\/editors\/product\/edit\/hyd050075-1-w290_jpg.webp\" media=\"(max-width: 320px)\" \/><source srcset=\"https:\/\/milfey-shop.ru\/image\/cache\/catalog\/content\/editors\/product\/edit\/hyd050075-1-w450_jpg.webp\" media=\"(max-width: 480px)\" \/><source srcset=\"https:\/\/milfey-shop.ru\/image\/cache\/catalog\/content\/editors\/product\/edit\/hyd050075-1-w738_jpg.webp\" media=\"(max-width: 768px)\" \/><\/picture>\n","protected":false},"excerpt":{"rendered":"<p data-start=\"3465\" data-end=\"3816\"><span style=\"color: #ff0000;\"><strong data-start=\"3465\" data-end=\"3472\">NB!<\/strong> \u0160iame produkte yra didel\u0117 aktyvi\u0173j\u0173 ingredient\u0173 koncentracija. Prie\u0161 naudojim\u0105 rekomenduojame pasikonsultuoti su m\u016bs\u0173 specialistu. Skambinti +372 58500171 darbo dienomis 10:00\u201319:00 ir savaitgaliais 11:00\u201315:00. Taip pat galite palikti savo telefono numer\u012f el. pa\u0161tu <a class=\"decorated-link cursor-pointer\" style=\"color: #ff0000;\" href=\"mailto:info@skinstudio.ee\" rel=\"noopener\" data-start=\"3740\" data-end=\"3758\">info@skinstudio.ee<\/a>, ir m\u016bs\u0173 specialistas susisieks su jumis per 24 valandas.<\/span><\/p>\n<p data-start=\"3818\" data-end=\"3849\">Raminamasis dr\u0117kinamasis kremas<\/p>\n<h2 data-start=\"3851\" data-end=\"4156\"><strong data-start=\"3851\" data-end=\"3911\">Ultraceuticals &#8211; Ultra Calming Moisturiser Cream Savyb\u0117s<\/strong><\/h2>\n<p data-start=\"3851\" data-end=\"4156\">\u2714\ufe0f Stiprina ir atkuria odos apsaugin\u012f barjer\u0105<br data-start=\"3959\" data-end=\"3962\" \/>\u2714\ufe0f Giliai dr\u0117kina ir atkuria dr\u0117gm\u0117s balans\u0105<br data-start=\"4006\" data-end=\"4009\" \/>\u2714\ufe0f Ramina jautrum\u0105 ir ma\u017eina sudirginim\u0105<br data-start=\"4049\" data-end=\"4052\" \/>\u2714\ufe0f Padeda odai atsigauti po proced\u016br\u0173<br data-start=\"4089\" data-end=\"4092\" \/>\u2714\ufe0f Neleid\u017eia odai prarasti dr\u0117gm\u0117s ir saugo nuo dehidratacijos<\/p>\n","protected":false},"featured_media":65940,"template":"","meta":[],"pwb-brand":[786],"product_brand":[],"product_cat":[738,746,740],"product_tag":[],"giftcard-category":[],"class_list":{"0":"post-69051","1":"product","2":"type-product","3":"status-publish","4":"has-post-thumbnail","6":"pwb-brand-ultraceuticals","7":"product_cat-drekinimas","8":"product_cat-jautriai-odai","9":"product_cat-sausai-odai","11":"first","12":"instock","13":"taxable","14":"shipping-taxable","15":"purchasable","16":"product-type-simple"},"acf":[],"brands":[{"id":786,"name":"Ultraceuticals","slug":"ultraceuticals"}],"_links":{"self":[{"href":"https:\/\/skinstudio.ee\/lt\/wp-json\/wp\/v2\/product\/69051","targetHints":{"allow":["GET"]}}],"collection":[{"href":"https:\/\/skinstudio.ee\/lt\/wp-json\/wp\/v2\/product"}],"about":[{"href":"https:\/\/skinstudio.ee\/lt\/wp-json\/wp\/v2\/types\/product"}],"version-history":[{"count":0,"href":"https:\/\/skinstudio.ee\/lt\/wp-json\/wp\/v2\/product\/69051\/revisions"}],"wp:featuredmedia":[{"embeddable":true,"href":"https:\/\/skinstudio.ee\/lt\/wp-json\/wp\/v2\/media\/65940"}],"wp:attachment":[{"href":"https:\/\/skinstudio.ee\/lt\/wp-json\/wp\/v2\/media?parent=69051"}],"wp:term":[{"taxonomy":"pwb-brand","embeddable":true,"href":"https:\/\/skinstudio.ee\/lt\/wp-json\/wp\/v2\/pwb-brand?post=69051"},{"taxonomy":"product_brand","embeddable":true,"href":"https:\/\/skinstudio.ee\/lt\/wp-json\/wp\/v2\/product_brand?post=69051"},{"taxonomy":"product_cat","embeddable":true,"href":"https:\/\/skinstudio.ee\/lt\/wp-json\/wp\/v2\/product_cat?post=69051"},{"taxonomy":"product_tag","embeddable":true,"href":"https:\/\/skinstudio.ee\/lt\/wp-json\/wp\/v2\/product_tag?post=69051"},{"taxonomy":"giftcard-category","embeddable":true,"href":"https:\/\/skinstudio.ee\/lt\/wp-json\/wp\/v2\/giftcard-category?post=69051"}],"curies":[{"name":"wp","href":"https:\/\/api.w.org\/{rel}","templated":true}]}}