{"id":69072,"date":"2024-07-16T12:34:44","date_gmt":"2024-07-16T12:34:44","guid":{"rendered":"https:\/\/skinstudio.ee\/?post_type=product&#038;p=69072"},"modified":"2026-01-22T15:04:13","modified_gmt":"2026-01-22T15:04:13","slug":"ultra-even-skintone-smoothing-moisturiser","status":"publish","type":"product","link":"https:\/\/skinstudio.ee\/lt\/catalog\/ultraceuticals\/ultra-even-skintone-smoothing-moisturiser\/","title":{"rendered":"Ultra Even Skintone Smoothing Moisturiser"},"content":{"rendered":"<p data-start=\"2250\" data-end=\"2591\">Ultra Even Skintone Smoothing Moisturiser \u2013 raminamasis ir dr\u0117kinamasis kremas, sukurtas jautriai ir raustan\u010diai odai. Formul\u0117 stiprina odos apsaugin\u012f barjer\u0105, ma\u017eina reaktyvum\u0105 ir padeda i\u0161vengti paraudimo, kur\u012f sukelia aplinkos poveikis. Kremas giliai dr\u0117kina, maitina ir nesukelia sudirgimo, tod\u0117l oda tampa \u0161velni, glotni ir komforti\u0161ka.<\/p>\n<p data-start=\"2593\" data-end=\"2798\">Produktas padeda suma\u017einti matomas kapiliar\u0173 i\u0161rai\u0161kas, pagerina odos atspalv\u012f ir padidina jos atsparum\u0105 i\u0161oriniams veiksniams. Reguliariai naudojant oda tampa labiau subalansuota, dr\u0117gna ir ma\u017eiau jautri.<\/p>\n<p data-start=\"2800\" data-end=\"2861\"><strong data-start=\"2800\" data-end=\"2810\">Tinka:<\/strong> jautriai, paraudusiai ir kuperozei linkusiai odai.<\/p>\n<p data-start=\"2863\" data-end=\"3201\"><strong data-start=\"2863\" data-end=\"2888\">Aktyv\u016bs ingredientai:<\/strong><br data-start=\"2888\" data-end=\"2891\" \/>\u2022 Niacinamidas \u2013 ma\u017eina sausum\u0105, paraudim\u0105 ir stiprina odos barjer\u0105.<br data-start=\"2959\" data-end=\"2962\" \/>\u2022 Etilaskorbatas \u2013 stabilizuota vitamino C forma, stiprina kapiliarus ir skaistina od\u0105.<br data-start=\"3049\" data-end=\"3052\" \/>\u2022 Ceramidai \u2013 atkuria lipidin\u012f barjer\u0105 ir padeda i\u0161laikyti dr\u0117gm\u0119.<br data-start=\"3118\" data-end=\"3121\" \/>\u2022 \u0160velnios r\u016bg\u0161tys \u2013 gerina odos tekst\u016br\u0105 ir ma\u017eina ankstyvus sen\u0117jimo po\u017eymius.<\/p>\n<p data-start=\"3203\" data-end=\"3219\"><strong data-start=\"3203\" data-end=\"3213\">T\u016bris:<\/strong> 75 ml<\/p>\n","protected":false},"excerpt":{"rendered":"<p data-start=\"3446\" data-end=\"3778\"><span style=\"color: #ff0000;\"><strong>NB<\/strong>! \u0160iame produkte yra didel\u0117 aktyvi\u0173j\u0173 ingredient\u0173 koncentracija. Rekomenduojame prie\u0161 naudojim\u0105 pasikonsultuoti su m\u016bs\u0173 specialistu. Skambinkite +372 58500171 I\u2013V 10:00\u201319:00 ir VI\u2013VII 11:00\u201315:00. Taip pat galite atsi\u0173sti savo telefono numer\u012f el. pa\u0161tu <a class=\"decorated-link cursor-pointer\" style=\"color: #ff0000;\" rel=\"noopener\" data-start=\"3702\" data-end=\"3720\">info@skinstudio.ee<\/a>, ir m\u016bs\u0173 specialistas susisieks su jumis per 24 valandas.<\/span><\/p>\n<p data-start=\"3780\" data-end=\"3813\">Dr\u0117kinamasis kremas jautriai odai<\/p>\n<h2 data-start=\"3815\" data-end=\"3886\">ULTRACEUTICALS &#8211; Ultra Even Skintone Smoothing Moisturiser Savyb\u0117s<\/h2>\n<p data-start=\"3887\" data-end=\"4071\">\u2714\ufe0f Stiprina odos apsaugin\u012f barjer\u0105<br data-start=\"3921\" data-end=\"3924\" \/>\u2714\ufe0f Giliai dr\u0117kina ir mink\u0161tina od\u0105<br data-start=\"3958\" data-end=\"3961\" \/>\u2714\ufe0f Ma\u017eina jautrum\u0105 ir reaktyvum\u0105<br data-start=\"3993\" data-end=\"3996\" \/>\u2714\ufe0f Slopina paraudim\u0105 ir sudirgim\u0105<br data-start=\"4029\" data-end=\"4032\" \/>\u2714\ufe0f Ma\u017eina matomas kapiliar\u0173 i\u0161rai\u0161kas<\/p>\n","protected":false},"featured_media":65950,"template":"","meta":[],"pwb-brand":[786],"product_brand":[],"product_cat":[738,746,752,740,750],"product_tag":[],"giftcard-category":[],"class_list":{"0":"post-69072","1":"product","2":"type-product","3":"status-publish","4":"has-post-thumbnail","6":"pwb-brand-ultraceuticals","7":"product_cat-drekinimas","8":"product_cat-jautriai-odai","9":"product_cat-pigmentacija-lt","10":"product_cat-sausai-odai","11":"product_cat-senstanti-oda","13":"first","14":"instock","15":"taxable","16":"shipping-taxable","17":"purchasable","18":"product-type-simple"},"acf":[],"brands":[{"id":786,"name":"Ultraceuticals","slug":"ultraceuticals"}],"_links":{"self":[{"href":"https:\/\/skinstudio.ee\/lt\/wp-json\/wp\/v2\/product\/69072","targetHints":{"allow":["GET"]}}],"collection":[{"href":"https:\/\/skinstudio.ee\/lt\/wp-json\/wp\/v2\/product"}],"about":[{"href":"https:\/\/skinstudio.ee\/lt\/wp-json\/wp\/v2\/types\/product"}],"version-history":[{"count":0,"href":"https:\/\/skinstudio.ee\/lt\/wp-json\/wp\/v2\/product\/69072\/revisions"}],"wp:featuredmedia":[{"embeddable":true,"href":"https:\/\/skinstudio.ee\/lt\/wp-json\/wp\/v2\/media\/65950"}],"wp:attachment":[{"href":"https:\/\/skinstudio.ee\/lt\/wp-json\/wp\/v2\/media?parent=69072"}],"wp:term":[{"taxonomy":"pwb-brand","embeddable":true,"href":"https:\/\/skinstudio.ee\/lt\/wp-json\/wp\/v2\/pwb-brand?post=69072"},{"taxonomy":"product_brand","embeddable":true,"href":"https:\/\/skinstudio.ee\/lt\/wp-json\/wp\/v2\/product_brand?post=69072"},{"taxonomy":"product_cat","embeddable":true,"href":"https:\/\/skinstudio.ee\/lt\/wp-json\/wp\/v2\/product_cat?post=69072"},{"taxonomy":"product_tag","embeddable":true,"href":"https:\/\/skinstudio.ee\/lt\/wp-json\/wp\/v2\/product_tag?post=69072"},{"taxonomy":"giftcard-category","embeddable":true,"href":"https:\/\/skinstudio.ee\/lt\/wp-json\/wp\/v2\/giftcard-category?post=69072"}],"curies":[{"name":"wp","href":"https:\/\/api.w.org\/{rel}","templated":true}]}}