{"id":69081,"date":"2024-07-16T12:32:59","date_gmt":"2024-07-16T12:32:59","guid":{"rendered":"https:\/\/skinstudio.ee\/?post_type=product&#038;p=69081"},"modified":"2026-01-22T15:04:12","modified_gmt":"2026-01-22T15:04:12","slug":"ultra-energising-mask","status":"publish","type":"product","link":"https:\/\/skinstudio.ee\/lt\/catalog\/ultraceuticals\/ultra-energising-mask\/","title":{"rendered":"Ultra Energising Mask"},"content":{"rendered":"<p data-start=\"298\" data-end=\"655\">Ultra Energising Mask ir ener\u0123iju atjaunojo\u0161a un toniz\u0113jo\u0161a maska, kas acumirkl\u012b atdz\u012bvina noguru\u0161u un bl\u0101vu \u0101du. Ide\u0101ls SOS l\u012bdzeklis br\u012b\u017eos, kad \u0101dai nepiecie\u0161ama t\u016bl\u012bt\u0113ja svaiguma, mirdzuma un tonusa atjauno\u0161ana. Formula uzlabo mikrocirkul\u0101ciju, atjauno \u0101das vitalit\u0101ti, mazina piet\u016bkumu un pie\u0161\u0137ir efektu &#8222;pietiekami izgul\u0113jusies \u0101da&#8221; da\u017eu min\u016b\u0161u laik\u0101.<\/p>\n<p data-start=\"657\" data-end=\"888\">Maska ir perfekts pal\u012bgs p\u0101rejas sezon\u0101, k\u0101 ar\u012b p\u0113c negul\u0113t\u0101m nakt\u012bm, lidojumiem, ce\u013cojumiem vai saspringtas dienas. T\u0101 ir piem\u0113rota lieto\u0161anai pa visu seju, tostarp acu zon\u0101, t\u0101p\u0113c k\u013c\u016bst par neaizst\u0101jamu produktu ikdienas kop\u0161an\u0101.<\/p>\n<p data-start=\"890\" data-end=\"968\"><strong data-start=\"890\" data-end=\"904\">Piem\u0113rots:<\/strong> visiem \u0101das tipiem, \u012bpa\u0161i noguru\u0161ai, bl\u0101vai un piet\u016bku\u0161ai \u0101dai.<\/p>\n<p data-start=\"970\" data-end=\"1525\"><strong data-start=\"970\" data-end=\"994\">Akt\u012bv\u0101s sast\u0101vda\u013cas:<\/strong><br data-start=\"994\" data-end=\"997\" \/>\u2022 Persijas z\u012bdkoka ekstrakts \u2013 stimul\u0113 \u0101das \u0161\u016bnu ener\u0123ijas vielmai\u0146u.<br data-start=\"1066\" data-end=\"1069\" \/>\u2022 Kofe\u012bns \u2013 sp\u0113c\u012bgs antioksidants, kas mazina piet\u016bkumu un atsvaidzina \u0101du.<br data-start=\"1144\" data-end=\"1147\" \/>\u2022 Piparu ekstrakts \u2013 rada vieglu sildo\u0161u, toniz\u0113jo\u0161u saj\u016btu un uzlabo mikrocirkul\u0101ciju.<br data-start=\"1234\" data-end=\"1237\" \/>\u2022 Vird\u017e\u012bnijas burvjulazda \u2013 dab\u012bgs savelko\u0161s un nomierino\u0161s l\u012bdzeklis.<br data-start=\"1307\" data-end=\"1310\" \/>\u2022 Salic\u012bns \u2013 veicina hialuronsk\u0101bes dab\u012bgu sint\u0113zi \u0101d\u0101.<br data-start=\"1365\" data-end=\"1368\" \/>\u2022 Sodium PCA \u2013 aminosk\u0101bju atvasin\u0101ts mitrin\u0101t\u0101js, kas stiprina \u0101das aizsargsp\u0113jas.<br data-start=\"1451\" data-end=\"1454\" \/>\u2022 Linolsk\u0101be un linol\u0113nsk\u0101be \u2013 jaud\u012bgi antioksidanti \u0161\u016bnu aizsardz\u012bbai.<\/p>\n<p data-start=\"1527\" data-end=\"1587\"><strong data-start=\"1527\" data-end=\"1541\">Rezult\u0101ts:<\/strong> gluda, svaiga un starojo\u0161a \u0101da bez piet\u016bkuma.<\/p>\n<p data-start=\"1589\" data-end=\"1607\"><strong data-start=\"1589\" data-end=\"1601\">Tilpums:<\/strong> 75 ml<\/p>\n","protected":false},"excerpt":{"rendered":"<p data-start=\"3991\" data-end=\"4318\"><span style=\"color: #ff0000;\">pasikonsultuoti su m\u016bs\u0173 specialistu. Skambinkite +372 58500171 I\u2013V 10:00\u201319:00 ir VI\u2013VII 11:00\u201315:00. Taip pat galite atsi\u0173sti savo telefono numer\u012f el. pa\u0161tu <a class=\"decorated-link cursor-pointer\" style=\"color: #ff0000;\" href=\"mailto:info@skinstudio.ee\" rel=\"noopener\" data-start=\"4247\" data-end=\"4265\">info@skinstudio.ee<\/a>, ir specialistas susisieks su jumis per 24 valandas.<\/span><\/p>\n<p data-start=\"4320\" data-end=\"4353\">\u0160vyt\u0117jim\u0105 suteikianti veido kauk\u0117<\/p>\n<h2 data-start=\"4355\" data-end=\"4406\">ULTRACEUTICALS &#8211; Ultra Energising Mask Savyb\u0117s<\/h2>\n<p data-start=\"4407\" data-end=\"4640\">\u2714\ufe0f Akimirksniu suteikia odai energijos ir gaivumo<br data-start=\"4456\" data-end=\"4459\" \/>\u2714\ufe0f I\u0161lygina atspalv\u012f ir suteikia nat\u016bralaus \u0161vyt\u0117jimo<br data-start=\"4512\" data-end=\"4515\" \/>\u2714\ufe0f Ma\u017eina paburkim\u0105 ir nuovargio po\u017eymius<br data-start=\"4556\" data-end=\"4559\" \/>\u2714\ufe0f Intensyviai dr\u0117kina ir stiprina barjer\u0105<br data-start=\"4601\" data-end=\"4604\" \/>\u2714\ufe0f Gerina odos tonus\u0105 ir stangrum\u0105<\/p>\n","protected":false},"featured_media":65956,"template":"","meta":[],"pwb-brand":[786],"product_brand":[],"product_cat":[736,746,726,734,740,748],"product_tag":[],"giftcard-category":[],"class_list":{"0":"post-69081","1":"product","2":"type-product","3":"status-publish","4":"has-post-thumbnail","6":"pwb-brand-ultraceuticals","7":"product_cat-dekolte-sritis","8":"product_cat-jautriai-odai","9":"product_cat-maskas-lt","10":"product_cat-oda-aplink-akis","11":"product_cat-sausai-odai","12":"product_cat-taukainai-adai-lt","14":"first","15":"instock","16":"taxable","17":"shipping-taxable","18":"purchasable","19":"product-type-simple"},"acf":[],"brands":[{"id":786,"name":"Ultraceuticals","slug":"ultraceuticals"}],"_links":{"self":[{"href":"https:\/\/skinstudio.ee\/lt\/wp-json\/wp\/v2\/product\/69081","targetHints":{"allow":["GET"]}}],"collection":[{"href":"https:\/\/skinstudio.ee\/lt\/wp-json\/wp\/v2\/product"}],"about":[{"href":"https:\/\/skinstudio.ee\/lt\/wp-json\/wp\/v2\/types\/product"}],"version-history":[{"count":0,"href":"https:\/\/skinstudio.ee\/lt\/wp-json\/wp\/v2\/product\/69081\/revisions"}],"wp:featuredmedia":[{"embeddable":true,"href":"https:\/\/skinstudio.ee\/lt\/wp-json\/wp\/v2\/media\/65956"}],"wp:attachment":[{"href":"https:\/\/skinstudio.ee\/lt\/wp-json\/wp\/v2\/media?parent=69081"}],"wp:term":[{"taxonomy":"pwb-brand","embeddable":true,"href":"https:\/\/skinstudio.ee\/lt\/wp-json\/wp\/v2\/pwb-brand?post=69081"},{"taxonomy":"product_brand","embeddable":true,"href":"https:\/\/skinstudio.ee\/lt\/wp-json\/wp\/v2\/product_brand?post=69081"},{"taxonomy":"product_cat","embeddable":true,"href":"https:\/\/skinstudio.ee\/lt\/wp-json\/wp\/v2\/product_cat?post=69081"},{"taxonomy":"product_tag","embeddable":true,"href":"https:\/\/skinstudio.ee\/lt\/wp-json\/wp\/v2\/product_tag?post=69081"},{"taxonomy":"giftcard-category","embeddable":true,"href":"https:\/\/skinstudio.ee\/lt\/wp-json\/wp\/v2\/giftcard-category?post=69081"}],"curies":[{"name":"wp","href":"https:\/\/api.w.org\/{rel}","templated":true}]}}