{"id":69092,"date":"2024-07-16T12:32:30","date_gmt":"2024-07-16T12:32:30","guid":{"rendered":"https:\/\/skinstudio.ee\/?post_type=product&#038;p=69092"},"modified":"2026-01-22T15:04:11","modified_gmt":"2026-01-22T15:04:11","slug":"ultra-a-perfecting-serum-mild","status":"publish","type":"product","link":"https:\/\/skinstudio.ee\/lt\/catalog\/ultraceuticals\/ultra-a-perfecting-serum-mild\/","title":{"rendered":"Ultra A Perfecting Serum Mild"},"content":{"rendered":"<p data-start=\"2726\" data-end=\"3272\">Ultra A Perfecting Serum Mild \u2013 \u0161velniausias A vitamino serumas Ultraceuticals linijoje, sukurtas jautriai odai ir tiems, kurie tik pradeda naudoti retinol\u012f. D\u0117l \u017eemos 0,2% retinolio koncentracijos serumas \u0161velniai gerina odos tekst\u016br\u0105, ma\u017eina pirmuosius sen\u0117jimo po\u017eymius, sulygina atspalv\u012f ir ma\u017eina por\u0173 matomum\u0105, kartu suma\u017eindamas sausum\u0105, paraudim\u0105 ir sudirgim\u0105. ULTRA-Reti\u2122 technologija u\u017etikrina gili\u0105 ir kontroliuojam\u0105 aktyvi\u0173j\u0173 ingredient\u0173 skvarb\u0105 be agresyvaus poveikio. Reguliariai naudojant oda tampa lygesn\u0117, stangresn\u0117 ir \u0161vytinti.<\/p>\n<p data-start=\"3274\" data-end=\"3341\"><strong data-start=\"3274\" data-end=\"3284\">Tinka:<\/strong> visiems odos tipams, \u012fskaitant jautri\u0105 ir reaktyvi\u0105 od\u0105.<\/p>\n<p data-start=\"3343\" data-end=\"3746\"><strong data-start=\"3343\" data-end=\"3368\">Aktyv\u016bs ingredientai:<\/strong><br data-start=\"3368\" data-end=\"3371\" \/>\u2022 ULTRA-Reti\u2122 \u2013 mikrokapsuliuotas retinolis ir retinaldehidas gilesniam, bet \u0161velniam poveikiui.<br data-start=\"3467\" data-end=\"3470\" \/>\u2022 Retinolis 0,2% \u2013 skatina atsinaujinim\u0105 ir ma\u017eina nelyg\u0173 atspalv\u012f.<br data-start=\"3537\" data-end=\"3540\" \/>\u2022 Provitaminas C \u2013 skaistina ir apsaugo nuo oksidacinio streso.<br data-start=\"3603\" data-end=\"3606\" \/>\u2022 Palmitoilo tripeptidas-5 \u2013 stiprina od\u0105 ir gerina elastingum\u0105.<br data-start=\"3670\" data-end=\"3673\" \/>\u2022 Bromelainas \u2013 \u0161velniai eksfoliuoja ir pagerina ingredient\u0173 \u012fsisavinim\u0105.<\/p>\n<p data-start=\"3748\" data-end=\"3856\"><strong data-start=\"3748\" data-end=\"3763\">Rezultatas:<\/strong> lygi, stipresn\u0117 ir tolygi oda su ma\u017eiau matomomis poromis bei ankstyvais sen\u0117jimo po\u017eymiais.<\/p>\n<p data-start=\"3858\" data-end=\"3874\"><strong data-start=\"3858\" data-end=\"3868\">T\u016bris:<\/strong> 30 ml<\/p>\n","protected":false},"excerpt":{"rendered":"<p data-start=\"4489\" data-end=\"4805\"><span style=\"color: #ff0000;\">NB! \u0160iame produkte yra didel\u0117 aktyvi\u0173j\u0173 ingredient\u0173 koncentracija. Rekomenduojame prie\u0161 naudojim\u0105 pasikonsultuoti su m\u016bs\u0173 specialistu. Skambinkite +372 58500171 I\u2013V 10:00\u201319:00 ir VI\u2013VII 11:00\u201315:00. Taip pat galite si\u0173sti savo telefono numer\u012f el. pa\u0161tu <a class=\"decorated-link cursor-pointer\" style=\"color: #ff0000;\" href=\"mailto:info@skinstudio.ee\" rel=\"noopener\" data-start=\"4743\" data-end=\"4761\">info@skinstudio.ee<\/a>, ir specialistas susisieks per 24 valandas.<\/span><\/p>\n<p data-start=\"4807\" data-end=\"4839\">A vitamino serumas jautriai odai<\/p>\n<h2 data-start=\"4841\" data-end=\"4900\">ULTRACEUTICALS &#8211; Ultra A Perfecting Serum Mild Savyb\u0117s<\/h2>\n<p data-start=\"4901\" data-end=\"5095\">\u2714\ufe0f Ma\u017eina ankstyvus sen\u0117jimo po\u017eymius<br data-start=\"4938\" data-end=\"4941\" \/>\u2714\ufe0f Gerina odos tekst\u016br\u0105 ir stangrum\u0105<br data-start=\"4977\" data-end=\"4980\" \/>\u2714\ufe0f Ma\u017eina u\u017edegim\u0105 ir suvienodina atspalv\u012f<br data-start=\"5022\" data-end=\"5025\" \/>\u2714\ufe0f Suma\u017eina por\u0173 matomum\u0105<br data-start=\"5050\" data-end=\"5053\" \/>\u2714\ufe0f Stiprina ir gerina bendr\u0105 odos kokyb\u0119<\/p>\n","protected":false},"featured_media":65961,"template":"","meta":[],"pwb-brand":[786],"product_brand":[],"product_cat":[750,724,728],"product_tag":[],"giftcard-category":[],"class_list":{"0":"post-69092","1":"product","2":"type-product","3":"status-publish","4":"has-post-thumbnail","6":"pwb-brand-ultraceuticals","7":"product_cat-senstanti-oda","8":"product_cat-serumai","9":"product_cat-vitaminas-a-retinolis","11":"first","12":"instock","13":"taxable","14":"shipping-taxable","15":"purchasable","16":"product-type-simple"},"acf":[],"brands":[{"id":786,"name":"Ultraceuticals","slug":"ultraceuticals"}],"_links":{"self":[{"href":"https:\/\/skinstudio.ee\/lt\/wp-json\/wp\/v2\/product\/69092","targetHints":{"allow":["GET"]}}],"collection":[{"href":"https:\/\/skinstudio.ee\/lt\/wp-json\/wp\/v2\/product"}],"about":[{"href":"https:\/\/skinstudio.ee\/lt\/wp-json\/wp\/v2\/types\/product"}],"version-history":[{"count":0,"href":"https:\/\/skinstudio.ee\/lt\/wp-json\/wp\/v2\/product\/69092\/revisions"}],"wp:featuredmedia":[{"embeddable":true,"href":"https:\/\/skinstudio.ee\/lt\/wp-json\/wp\/v2\/media\/65961"}],"wp:attachment":[{"href":"https:\/\/skinstudio.ee\/lt\/wp-json\/wp\/v2\/media?parent=69092"}],"wp:term":[{"taxonomy":"pwb-brand","embeddable":true,"href":"https:\/\/skinstudio.ee\/lt\/wp-json\/wp\/v2\/pwb-brand?post=69092"},{"taxonomy":"product_brand","embeddable":true,"href":"https:\/\/skinstudio.ee\/lt\/wp-json\/wp\/v2\/product_brand?post=69092"},{"taxonomy":"product_cat","embeddable":true,"href":"https:\/\/skinstudio.ee\/lt\/wp-json\/wp\/v2\/product_cat?post=69092"},{"taxonomy":"product_tag","embeddable":true,"href":"https:\/\/skinstudio.ee\/lt\/wp-json\/wp\/v2\/product_tag?post=69092"},{"taxonomy":"giftcard-category","embeddable":true,"href":"https:\/\/skinstudio.ee\/lt\/wp-json\/wp\/v2\/giftcard-category?post=69092"}],"curies":[{"name":"wp","href":"https:\/\/api.w.org\/{rel}","templated":true}]}}