{"id":69535,"date":"2025-12-12T08:28:30","date_gmt":"2025-12-12T08:28:30","guid":{"rendered":"https:\/\/skinstudio.ee\/?post_type=product&#038;p=69535"},"modified":"2026-02-13T15:29:16","modified_gmt":"2026-02-13T15:29:16","slug":"meso-x-boost","status":"publish","type":"product","link":"https:\/\/skinstudio.ee\/lt\/catalog\/ph-formula\/meso-x-boost\/","title":{"rendered":"MESO X Boost"},"content":{"rendered":"<p data-start=\"5863\" data-end=\"6183\"><strong data-start=\"5863\" data-end=\"5893\">MESO X Boost nuo pHformula<\/strong> yra auk\u0161t\u0173j\u0173 technologij\u0173 atkuriamasis boosteris, sukurtas intensyviam odos atnaujinimui be invazini\u0173 proced\u016br\u0173. Formul\u0117 stiprina nat\u016bralius odos atsistatymo procesus, gerina tank\u012f, tekst\u016br\u0105 ir bendr\u0105 ton\u0105, tod\u0117l oda tampa lygesn\u0117, atsparesn\u0117 ir pastebimai gaivesn\u0117 jau po keli\u0173 naudojim\u0173.<\/p>\n<p data-start=\"6185\" data-end=\"6221\"><strong data-start=\"6185\" data-end=\"6221\">Pagrindini\u0173 ingredient\u0173 poveikis<\/strong><\/p>\n<ul data-start=\"6223\" data-end=\"6724\">\n<li data-start=\"6223\" data-end=\"6405\">\n<p data-start=\"6225\" data-end=\"6405\"><strong data-start=\"6225\" data-end=\"6292\">Biomimetiniai egzosomai (EXOS) + liposominiai augimo faktoriai:<\/strong> aktyvina atsinaujinimo procesus, gerina tarpl\u0105stelin\u0119 komunikacij\u0105 ir padeda didinti odos tank\u012f bei stangrum\u0105.<\/p>\n<\/li>\n<li data-start=\"6406\" data-end=\"6556\">\n<p data-start=\"6408\" data-end=\"6556\"><strong data-start=\"6408\" data-end=\"6426\">Mikrospikul\u0117s:<\/strong> suteikia \u0161velni\u0105 odos stimuliacij\u0105 ir pagerina veikli\u0173j\u0173 med\u017eiag\u0173 \u012fsiskverbim\u0105, imituodamos mikroadatinimo efekt\u0105 be pa\u017eeidim\u0173.<\/p>\n<\/li>\n<li data-start=\"6557\" data-end=\"6724\">\n<p data-start=\"6559\" data-end=\"6724\"><strong data-start=\"6559\" data-end=\"6623\">Multimolekulin\u0117 hialurono r\u016bg\u0161tis + DNR apsaugos kompleksas:<\/strong> u\u017etikrina gil\u0173 dr\u0117kinim\u0105, palaiko odos elastingum\u0105 ir padeda apsaugoti l\u0105steles nuo streso veiksni\u0173.<\/p>\n<\/li>\n<\/ul>\n<p data-start=\"6726\" data-end=\"6894\">Tinka vis\u0173 tip\u0173 odai, \u012fskaitant jautri\u0105, reaktyvi\u0105 ir nusilpusi\u0105, ypa\u010d esant pirmiesiems sen\u0117jimo po\u017eymiams, blankiam tonui, suma\u017e\u0117jusiam tankiui ir nelygiai tekst\u016brai.<\/p>\n<p data-start=\"6896\" data-end=\"6912\"><strong data-start=\"6896\" data-end=\"6906\">T\u016bris:<\/strong> 30 ml<\/p>\n","protected":false},"excerpt":{"rendered":"<p data-start=\"345\" data-end=\"410\"><strong><span style=\"color: #ff0000;\">pHformula produkt\u0173 pristatymas vykdomas tik Estijos teritorijoje.<\/span><\/strong><\/p>\n<p data-start=\"412\" data-end=\"645\"><span style=\"color: #ff0000;\">NB! \u0160\u012f produkt\u0105 galima \u012fsigyti tik po konsultacijos su specialistu. Skambinkite mums telefonu +372 58 500 171 arba si\u0173skite savo u\u017eklaus\u0105 el. pa\u0161tu <a class=\"decorated-link cursor-pointer\" style=\"color: #ff0000;\" href=\"mailto:info@skinstudio.ee\" rel=\"noopener\" data-start=\"560\" data-end=\"578\">info@skinstudio.ee<\/a>. M\u016bs\u0173 konsultantai pad\u0117s jums \u012fsigyti \u0161io prek\u0117s \u017eenklo produktus.<\/span><\/p>\n<p data-start=\"7410\" data-end=\"7440\">Aktyvinantis atstatymo booster<\/p>\n<h2 data-start=\"7442\" data-end=\"7478\"><strong data-start=\"7442\" data-end=\"7478\">pHformula &#8211; MESO X Boost Savyb\u0117s<\/strong><\/h2>\n<p data-start=\"7480\" data-end=\"7713\">\u2714\ufe0f Skatina odos atsinaujinim\u0105 be invazini\u0173 proced\u016br\u0173<br data-start=\"7532\" data-end=\"7535\" \/>\u2714\ufe0f Didina odos tank\u012f ir stangrum\u0105<br data-start=\"7568\" data-end=\"7571\" \/>\u2714\ufe0f U\u017etikrina gil\u0173 dr\u0117kinim\u0105 ir gerina tekst\u016br\u0105<br data-start=\"7617\" data-end=\"7620\" \/>\u2714\ufe0f I\u0161lygina odos ton\u0105 ir padaro od\u0105 lygesn\u0119<br data-start=\"7663\" data-end=\"7666\" \/>\u2714\ufe0f Sustiprina profesionali\u0173 proced\u016br\u0173 poveik\u012f<\/p>\n","protected":false},"featured_media":69525,"template":"","meta":[],"pwb-brand":[779],"product_brand":[],"product_cat":[746,654,740,750,724],"product_tag":[],"giftcard-category":[],"class_list":{"0":"post-69535","1":"product","2":"type-product","3":"status-publish","4":"has-post-thumbnail","6":"pwb-brand-ph-formula","7":"product_cat-jautriai-odai","8":"product_cat-ph-formula-lt","9":"product_cat-sausai-odai","10":"product_cat-senstanti-oda","11":"product_cat-serumai","13":"first","14":"instock","15":"taxable","16":"shipping-taxable","17":"purchasable","18":"product-type-simple"},"acf":[],"brands":[{"id":779,"name":"pH Formula","slug":"ph-formula"}],"_links":{"self":[{"href":"https:\/\/skinstudio.ee\/lt\/wp-json\/wp\/v2\/product\/69535","targetHints":{"allow":["GET"]}}],"collection":[{"href":"https:\/\/skinstudio.ee\/lt\/wp-json\/wp\/v2\/product"}],"about":[{"href":"https:\/\/skinstudio.ee\/lt\/wp-json\/wp\/v2\/types\/product"}],"version-history":[{"count":2,"href":"https:\/\/skinstudio.ee\/lt\/wp-json\/wp\/v2\/product\/69535\/revisions"}],"predecessor-version":[{"id":77697,"href":"https:\/\/skinstudio.ee\/lt\/wp-json\/wp\/v2\/product\/69535\/revisions\/77697"}],"wp:featuredmedia":[{"embeddable":true,"href":"https:\/\/skinstudio.ee\/lt\/wp-json\/wp\/v2\/media\/69525"}],"wp:attachment":[{"href":"https:\/\/skinstudio.ee\/lt\/wp-json\/wp\/v2\/media?parent=69535"}],"wp:term":[{"taxonomy":"pwb-brand","embeddable":true,"href":"https:\/\/skinstudio.ee\/lt\/wp-json\/wp\/v2\/pwb-brand?post=69535"},{"taxonomy":"product_brand","embeddable":true,"href":"https:\/\/skinstudio.ee\/lt\/wp-json\/wp\/v2\/product_brand?post=69535"},{"taxonomy":"product_cat","embeddable":true,"href":"https:\/\/skinstudio.ee\/lt\/wp-json\/wp\/v2\/product_cat?post=69535"},{"taxonomy":"product_tag","embeddable":true,"href":"https:\/\/skinstudio.ee\/lt\/wp-json\/wp\/v2\/product_tag?post=69535"},{"taxonomy":"giftcard-category","embeddable":true,"href":"https:\/\/skinstudio.ee\/lt\/wp-json\/wp\/v2\/giftcard-category?post=69535"}],"curies":[{"name":"wp","href":"https:\/\/api.w.org\/{rel}","templated":true}]}}