{"id":70012,"date":"2025-12-17T12:12:58","date_gmt":"2025-12-17T12:12:58","guid":{"rendered":"https:\/\/skinstudio.ee\/?post_type=product&#038;p=70012"},"modified":"2026-04-07T08:52:27","modified_gmt":"2026-04-07T08:52:27","slug":"biotin","status":"publish","type":"product","link":"https:\/\/skinstudio.ee\/lt\/catalog\/life-extension\/biotin\/","title":{"rendered":"Biotin"},"content":{"rendered":"<p data-start=\"1029\" data-end=\"1180\"><strong data-start=\"1029\" data-end=\"1058\">Biotin nuo Life Extension<\/strong> &#8211; maisto papildas su biotinu (vitaminas B7), kuris padeda palaikyti plauk\u0173 ir odos b\u016bkl\u0119 bei normali\u0105 energijos apykait\u0105.<\/p>\n<p data-start=\"1182\" data-end=\"1367\">Biotinas prisideda prie makroelement\u0173 apykaitos ir dalyvauja normalioje nerv\u0173 sistemos veikloje. Vienoje kapsul\u0117je yra 600 \u00b5g biotino, tai sudaro 1200% ES referencin\u0117s maistin\u0117s vert\u0117s.<\/p>\n<p data-start=\"1369\" data-end=\"1460\">Formul\u0117 sukurta patogiam kasdieniam vartojimui ir gali b\u016bti \u012ftraukta \u012f subalansuot\u0105 mityb\u0105.<\/p>\n<p data-start=\"1462\" data-end=\"1485\"><strong data-start=\"1462\" data-end=\"1485\">Pagaminta Europoje.<\/strong><\/p>\n<p data-start=\"1487\" data-end=\"1634\"><strong data-start=\"1487\" data-end=\"1508\">Galiojimo laikas:<\/strong> \u017ei\u016br\u0117ti ant pakuot\u0117s<br data-start=\"1529\" data-end=\"1532\" \/><strong data-start=\"1532\" data-end=\"1552\">Laikymo s\u0105lygos:<\/strong> laikyti sandariai u\u017edaryt\u0105 v\u0117sioje ir sausoje vietoje<br data-start=\"1606\" data-end=\"1609\" \/><strong data-start=\"1609\" data-end=\"1619\">T\u016bris:<\/strong> 100 kapsuli\u0173<\/p>\n","protected":false},"excerpt":{"rendered":"<p data-start=\"1641\" data-end=\"1669\">Maisto papildas su biotinu<\/p>\n<h2 data-section-id=\"spzo8\" data-start=\"1671\" data-end=\"1710\"><strong data-start=\"1675\" data-end=\"1710\">Life Extension &#8211; Biotin Savyb\u0117s<\/strong><\/h2>\n<p data-start=\"1712\" data-end=\"1865\">\u2714\ufe0f 600 \u00b5g biotino vienoje kapsul\u0117je<br data-start=\"1747\" data-end=\"1750\" \/>\u2714\ufe0f Vitamino B7 \u0161altinis<br data-start=\"1773\" data-end=\"1776\" \/>\u2714\ufe0f Patogi kapsuli\u0173 forma<br data-start=\"1800\" data-end=\"1803\" \/>\u2714\ufe0f Tinka kasdieniam vartojimui<br data-start=\"1833\" data-end=\"1836\" \/>\u2714\ufe0f Be GMO, tinka vegetarams<\/p>\n","protected":false},"featured_media":69998,"template":"","meta":[],"pwb-brand":[775],"product_brand":[],"product_cat":[769],"product_tag":[],"giftcard-category":[],"class_list":{"0":"post-70012","1":"product","2":"type-product","3":"status-publish","4":"has-post-thumbnail","6":"pwb-brand-life-extension","7":"product_cat-vitaminai","9":"first","10":"instock","11":"taxable","12":"shipping-taxable","13":"purchasable","14":"product-type-simple"},"acf":[],"brands":[{"id":775,"name":"Life Extension","slug":"life-extension"}],"_links":{"self":[{"href":"https:\/\/skinstudio.ee\/lt\/wp-json\/wp\/v2\/product\/70012","targetHints":{"allow":["GET"]}}],"collection":[{"href":"https:\/\/skinstudio.ee\/lt\/wp-json\/wp\/v2\/product"}],"about":[{"href":"https:\/\/skinstudio.ee\/lt\/wp-json\/wp\/v2\/types\/product"}],"version-history":[{"count":1,"href":"https:\/\/skinstudio.ee\/lt\/wp-json\/wp\/v2\/product\/70012\/revisions"}],"predecessor-version":[{"id":87052,"href":"https:\/\/skinstudio.ee\/lt\/wp-json\/wp\/v2\/product\/70012\/revisions\/87052"}],"wp:featuredmedia":[{"embeddable":true,"href":"https:\/\/skinstudio.ee\/lt\/wp-json\/wp\/v2\/media\/69998"}],"wp:attachment":[{"href":"https:\/\/skinstudio.ee\/lt\/wp-json\/wp\/v2\/media?parent=70012"}],"wp:term":[{"taxonomy":"pwb-brand","embeddable":true,"href":"https:\/\/skinstudio.ee\/lt\/wp-json\/wp\/v2\/pwb-brand?post=70012"},{"taxonomy":"product_brand","embeddable":true,"href":"https:\/\/skinstudio.ee\/lt\/wp-json\/wp\/v2\/product_brand?post=70012"},{"taxonomy":"product_cat","embeddable":true,"href":"https:\/\/skinstudio.ee\/lt\/wp-json\/wp\/v2\/product_cat?post=70012"},{"taxonomy":"product_tag","embeddable":true,"href":"https:\/\/skinstudio.ee\/lt\/wp-json\/wp\/v2\/product_tag?post=70012"},{"taxonomy":"giftcard-category","embeddable":true,"href":"https:\/\/skinstudio.ee\/lt\/wp-json\/wp\/v2\/giftcard-category?post=70012"}],"curies":[{"name":"wp","href":"https:\/\/api.w.org\/{rel}","templated":true}]}}