{"id":70073,"date":"2024-11-23T18:43:25","date_gmt":"2024-11-23T18:43:25","guid":{"rendered":"https:\/\/skinstudio.ee\/?post_type=product&#038;p=70073"},"modified":"2025-12-19T15:09:34","modified_gmt":"2025-12-19T15:09:34","slug":"522-uptone-pants-refill","status":"publish","type":"product","link":"https:\/\/skinstudio.ee\/lt\/catalog\/arosha\/522-uptone-pants-refill\/","title":{"rendered":"522 Up&#038;Tone Pants Refill"},"content":{"rendered":"<p data-start=\"1535\" data-end=\"1781\">Arosha 522 UP&amp;TONE PANTS Refill yra kosmetinis produktas, skirtas naudoti namuose ir padedantis palaikyti odos stangrum\u0105 bei tonus\u0105. Produkto formatas leid\u017eia j\u012f lengvai integruoti \u012f kasdien\u0119 k\u016bno prie\u017ei\u016bros rutin\u0105, gerinant odos vizualin\u0119 b\u016bkl\u0119.<\/p>\n<p data-start=\"1783\" data-end=\"2008\">Formul\u0117 orientuota \u012f odos elastingumo palaikym\u0105, jos i\u0161vaizdos gerinim\u0105 ir nat\u016bralaus dr\u0117gm\u0117s balanso i\u0161saugojim\u0105. Naudojimo metu oda tampa glotnesn\u0117 ir gaivesn\u0117, o reguliariai naudojant i\u0161lieka stangrumo ir komforto poj\u016btis.<\/p>\n<p data-start=\"2010\" data-end=\"2119\">Produktas tinka naudoti nam\u0173 k\u016bno prie\u017ei\u016broje ir gali b\u016bti naudojamas tarp profesionali\u0173 prie\u017ei\u016bros program\u0173.<\/p>\n<p data-start=\"2121\" data-end=\"2162\"><strong data-start=\"2121\" data-end=\"2162\">Produktas negr\u0105\u017einamas ir nekei\u010diamas<\/strong><\/p>\n","protected":false},"excerpt":{"rendered":"<p data-start=\"2488\" data-end=\"2527\">Stangrinantis k\u016bno prie\u017ei\u016bros produktas<\/p>\n<h2 data-start=\"2532\" data-end=\"2846\"><strong data-start=\"2532\" data-end=\"2577\">Arosha &#8211; 522 UP&amp;TONE PANTS Refill Savyb\u0117s<\/strong><\/h2>\n<p data-start=\"2532\" data-end=\"2846\">\u2714\ufe0f Tinka reguliariai k\u016bno prie\u017ei\u016brai namuose<br data-start=\"2624\" data-end=\"2627\" \/>\u2714\ufe0f Padeda palaikyti odos stangrum\u0105 ir vizualin\u012f tonus\u0105<br data-start=\"2681\" data-end=\"2684\" \/>\u2714\ufe0f Prisideda prie odos glotnumo ir elastingumo i\u0161laikymo<br data-start=\"2740\" data-end=\"2743\" \/>\u2714\ufe0f U\u017etikrina patog\u0173 ir paprast\u0105 naudojim\u0105 nam\u0173 s\u0105lygomis<br data-start=\"2799\" data-end=\"2802\" \/>\u2714\ufe0f Suteikia odai gaivos ir komforto poj\u016bt\u012f<\/p>\n","protected":false},"featured_media":63119,"template":"","meta":[],"pwb-brand":[1225],"product_brand":[],"product_cat":[758],"product_tag":[],"giftcard-category":[],"class_list":{"0":"post-70073","1":"product","2":"type-product","3":"status-publish","4":"has-post-thumbnail","6":"pwb-brand-arosha","7":"product_cat-kuno-prieziura","9":"first","10":"instock","11":"taxable","12":"shipping-taxable","13":"purchasable","14":"product-type-simple"},"acf":[],"brands":[{"id":1225,"name":"Arosha","slug":"arosha"}],"_links":{"self":[{"href":"https:\/\/skinstudio.ee\/lt\/wp-json\/wp\/v2\/product\/70073","targetHints":{"allow":["GET"]}}],"collection":[{"href":"https:\/\/skinstudio.ee\/lt\/wp-json\/wp\/v2\/product"}],"about":[{"href":"https:\/\/skinstudio.ee\/lt\/wp-json\/wp\/v2\/types\/product"}],"version-history":[{"count":0,"href":"https:\/\/skinstudio.ee\/lt\/wp-json\/wp\/v2\/product\/70073\/revisions"}],"wp:featuredmedia":[{"embeddable":true,"href":"https:\/\/skinstudio.ee\/lt\/wp-json\/wp\/v2\/media\/63119"}],"wp:attachment":[{"href":"https:\/\/skinstudio.ee\/lt\/wp-json\/wp\/v2\/media?parent=70073"}],"wp:term":[{"taxonomy":"pwb-brand","embeddable":true,"href":"https:\/\/skinstudio.ee\/lt\/wp-json\/wp\/v2\/pwb-brand?post=70073"},{"taxonomy":"product_brand","embeddable":true,"href":"https:\/\/skinstudio.ee\/lt\/wp-json\/wp\/v2\/product_brand?post=70073"},{"taxonomy":"product_cat","embeddable":true,"href":"https:\/\/skinstudio.ee\/lt\/wp-json\/wp\/v2\/product_cat?post=70073"},{"taxonomy":"product_tag","embeddable":true,"href":"https:\/\/skinstudio.ee\/lt\/wp-json\/wp\/v2\/product_tag?post=70073"},{"taxonomy":"giftcard-category","embeddable":true,"href":"https:\/\/skinstudio.ee\/lt\/wp-json\/wp\/v2\/giftcard-category?post=70073"}],"curies":[{"name":"wp","href":"https:\/\/api.w.org\/{rel}","templated":true}]}}