{"id":70083,"date":"2024-11-23T18:40:47","date_gmt":"2024-11-23T18:40:47","guid":{"rendered":"https:\/\/skinstudio.ee\/?post_type=product&#038;p=70083"},"modified":"2025-12-19T15:09:34","modified_gmt":"2025-12-19T15:09:34","slug":"522-uptone-pants","status":"publish","type":"product","link":"https:\/\/skinstudio.ee\/lt\/catalog\/arosha\/522-uptone-pants\/","title":{"rendered":"522 Up&#038;Tone Pants"},"content":{"rendered":"<p data-start=\"2046\" data-end=\"2312\">Arosha 522 UP&amp;TONE PANTS yra kosmetinis k\u016bno prie\u017ei\u016bros produktas, skirtas odos stangrumui ir pakeltos i\u0161vaizdos palaikymui. Produktas sukurtas intensyviam naudojimui namuose ir padeda pagerinti odos vizualin\u0119 b\u016bkl\u0119, kai pastebimas tonuso ir elastingumo suma\u017e\u0117jimas.<\/p>\n<p data-start=\"2314\" data-end=\"2543\">Produktas padeda palaikyti odos tank\u012f, glotnum\u0105 ir vizual\u0173 stangrum\u0105 bei i\u0161saugoti nat\u016bral\u0173 odos dr\u0117gm\u0117s balans\u0105. Naudojimo metu juntamas pakaitinis \u0161ilumos ir v\u0117sos poj\u016btis, suteikiantis gaivi\u0105 ir komforti\u0161k\u0105 prie\u017ei\u016bros patirt\u012f.<\/p>\n<p data-start=\"2545\" data-end=\"2674\">Produktas tinka reguliariai k\u016bno prie\u017ei\u016brai ir gali b\u016bti naudojamas kaip visapusi\u0161kos stangrinamosios prie\u017ei\u016bros programos dalis.<\/p>\n<p data-start=\"2676\" data-end=\"2717\"><strong data-start=\"2676\" data-end=\"2717\">Produktas negr\u0105\u017einamas ir nekei\u010diamas<\/strong><\/p>\n","protected":false},"excerpt":{"rendered":"<p data-start=\"3439\" data-end=\"3476\">K\u016bno stangrinimo prie\u017ei\u016bros produktas<\/p>\n<h2 data-start=\"3481\" data-end=\"3754\"><strong data-start=\"3481\" data-end=\"3519\">Arosha &#8211; 522 UP&amp;TONE PANTS Savyb\u0117s<\/strong><\/h2>\n<p data-start=\"3481\" data-end=\"3754\">\u2714\ufe0f Padeda palaikyti odos stangrum\u0105 ir tonus\u0105<br data-start=\"3566\" data-end=\"3569\" \/>\u2714\ufe0f Prisideda prie odos elastingumo i\u0161saugojimo<br data-start=\"3615\" data-end=\"3618\" \/>\u2714\ufe0f Gerina odos glotnum\u0105 ir vizualin\u012f tank\u012f<br data-start=\"3660\" data-end=\"3663\" \/>\u2714\ufe0f Tinka k\u016bno prie\u017ei\u016brai po svorio ma\u017e\u0117jimo<br data-start=\"3706\" data-end=\"3709\" \/>\u2714\ufe0f Suteikia odai gaivumo ir komforto poj\u016bt\u012f<\/p>\n","protected":false},"featured_media":63124,"template":"","meta":[],"pwb-brand":[1225],"product_brand":[],"product_cat":[758],"product_tag":[],"giftcard-category":[],"class_list":{"0":"post-70083","1":"product","2":"type-product","3":"status-publish","4":"has-post-thumbnail","6":"pwb-brand-arosha","7":"product_cat-kuno-prieziura","9":"first","10":"instock","11":"taxable","12":"shipping-taxable","13":"purchasable","14":"product-type-simple"},"acf":[],"brands":[{"id":1225,"name":"Arosha","slug":"arosha"}],"_links":{"self":[{"href":"https:\/\/skinstudio.ee\/lt\/wp-json\/wp\/v2\/product\/70083","targetHints":{"allow":["GET"]}}],"collection":[{"href":"https:\/\/skinstudio.ee\/lt\/wp-json\/wp\/v2\/product"}],"about":[{"href":"https:\/\/skinstudio.ee\/lt\/wp-json\/wp\/v2\/types\/product"}],"version-history":[{"count":0,"href":"https:\/\/skinstudio.ee\/lt\/wp-json\/wp\/v2\/product\/70083\/revisions"}],"wp:featuredmedia":[{"embeddable":true,"href":"https:\/\/skinstudio.ee\/lt\/wp-json\/wp\/v2\/media\/63124"}],"wp:attachment":[{"href":"https:\/\/skinstudio.ee\/lt\/wp-json\/wp\/v2\/media?parent=70083"}],"wp:term":[{"taxonomy":"pwb-brand","embeddable":true,"href":"https:\/\/skinstudio.ee\/lt\/wp-json\/wp\/v2\/pwb-brand?post=70083"},{"taxonomy":"product_brand","embeddable":true,"href":"https:\/\/skinstudio.ee\/lt\/wp-json\/wp\/v2\/product_brand?post=70083"},{"taxonomy":"product_cat","embeddable":true,"href":"https:\/\/skinstudio.ee\/lt\/wp-json\/wp\/v2\/product_cat?post=70083"},{"taxonomy":"product_tag","embeddable":true,"href":"https:\/\/skinstudio.ee\/lt\/wp-json\/wp\/v2\/product_tag?post=70083"},{"taxonomy":"giftcard-category","embeddable":true,"href":"https:\/\/skinstudio.ee\/lt\/wp-json\/wp\/v2\/giftcard-category?post=70083"}],"curies":[{"name":"wp","href":"https:\/\/api.w.org\/{rel}","templated":true}]}}