{"id":70095,"date":"2024-11-21T10:17:23","date_gmt":"2024-11-21T10:17:23","guid":{"rendered":"https:\/\/skinstudio.ee\/?post_type=product&#038;p=70095"},"modified":"2025-12-19T15:09:34","modified_gmt":"2025-12-19T15:09:34","slug":"520-nio-drain-pants-refill","status":"publish","type":"product","link":"https:\/\/skinstudio.ee\/lt\/catalog\/arosha\/520-nio-drain-pants-refill\/","title":{"rendered":"520 Nio Drain Pants Refill"},"content":{"rendered":"<p data-start=\"2658\" data-end=\"3050\">Arosha 520 NIO DRAIN PANTS Refill yra profesionali drenuojanti k\u016bno prie\u017ei\u016bros priemon\u0117, skirta naudoti namuose ir padedanti ma\u017einti patinim\u0105, sunkumo poj\u016bt\u012f bei suma\u017e\u0117jus\u012f audini\u0173 tonus\u0105. Formul\u0117 sukurta naudojant NIOCONTROL\u2122 technologij\u0105 \u2013 inovatyvi\u0105 niiosom\u0173 pagrindu veikian\u010di\u0105 transdermin\u0119 tiekimo sistem\u0105, u\u017etikrinan\u010di\u0105 auk\u0161t\u0105 aktyvi\u0173j\u0173 med\u017eiag\u0173 biologin\u012f prieinamum\u0105 tikslin\u0117se zonose.<\/p>\n<p data-start=\"3052\" data-end=\"3436\">Aktyvus kompleksas su ber\u017eo ekstraktu ir Negyvosios j\u016bros druskomis padeda greitai suma\u017einti patinim\u0105, palaiko detoksikuojan\u010dius ir remineralizuojan\u010dius procesus bei gerina bendr\u0105 odos i\u0161vaizd\u0105 ir komforto poj\u016bt\u012f. Centella asiatica ekstraktas ir escinas skatina mikrocirkuliacij\u0105 ir padeda palaikyti kapiliar\u0173 tonus\u0105, taip prisid\u0117dami prie patinimo ir sunkumo poj\u016b\u010dio kojose ma\u017einimo.<\/p>\n<p data-start=\"3438\" data-end=\"3597\">Produktas puikiai tinka naudoti kompleksin\u0117se k\u016bno prie\u017ei\u016bros programose ir yra skirtas reguliariam naudojimui drenuojan\u010dios bei formuojan\u010dios prie\u017ei\u016bros metu.<\/p>\n<p data-start=\"3599\" data-end=\"3766\"><strong data-start=\"3599\" data-end=\"3618\">Rinkin\u012f sudaro:<\/strong><br data-start=\"3618\" data-end=\"3621\" \/>\u2013 drenuojantis aktyvatorius tampr\u0117ms NIO DRAIN PANTS REFILL (120 ml) \u2013 1 vnt.;<br data-start=\"3699\" data-end=\"3702\" \/>\u2013 polietilenin\u0117s keln\u0117s PANTACARTENE (100% perdirbamos) \u2013 1 vnt.<\/p>\n<p data-start=\"3768\" data-end=\"3809\"><strong data-start=\"3768\" data-end=\"3809\">Produktas negr\u0105\u017einamas ir nekei\u010diamas<\/strong><\/p>\n","protected":false},"excerpt":{"rendered":"<p data-start=\"4654\" data-end=\"4690\">Drenuojanti k\u016bno prie\u017ei\u016bros priemon\u0117<\/p>\n<h2 data-start=\"4695\" data-end=\"5020\"><strong data-start=\"4695\" data-end=\"4742\">Arosha &#8211; 520 NIO DRAIN PANTS Refill Savyb\u0117s<\/strong><\/h2>\n<p data-start=\"4695\" data-end=\"5020\">\u2714\ufe0f Suteikia ry\u0161k\u0173 drenuojant\u012f ir gaivinant\u012f poveik\u012f<br data-start=\"4796\" data-end=\"4799\" \/>\u2714\ufe0f Padeda ma\u017einti patinim\u0105 ir sunkumo poj\u016bt\u012f kojose<br data-start=\"4850\" data-end=\"4853\" \/>\u2714\ufe0f Palaiko odos detoksikacij\u0105 ir remineralizacij\u0105<br data-start=\"4902\" data-end=\"4905\" \/>\u2714\ufe0f Sustiprina formuojan\u010di\u0173 ir anticeliulitini\u0173 program\u0173 veiksmingum\u0105<br data-start=\"4973\" data-end=\"4976\" \/>\u2714\ufe0f Puikiai papildo NIO DRAIN PANTS sistem\u0105<\/p>\n<p data-start=\"2241\" data-end=\"2277\">\n","protected":false},"featured_media":63134,"template":"","meta":[],"pwb-brand":[1225],"product_brand":[],"product_cat":[758],"product_tag":[],"giftcard-category":[],"class_list":{"0":"post-70095","1":"product","2":"type-product","3":"status-publish","4":"has-post-thumbnail","6":"pwb-brand-arosha","7":"product_cat-kuno-prieziura","9":"first","10":"instock","11":"taxable","12":"shipping-taxable","13":"purchasable","14":"product-type-simple"},"acf":[],"brands":[{"id":1225,"name":"Arosha","slug":"arosha"}],"_links":{"self":[{"href":"https:\/\/skinstudio.ee\/lt\/wp-json\/wp\/v2\/product\/70095","targetHints":{"allow":["GET"]}}],"collection":[{"href":"https:\/\/skinstudio.ee\/lt\/wp-json\/wp\/v2\/product"}],"about":[{"href":"https:\/\/skinstudio.ee\/lt\/wp-json\/wp\/v2\/types\/product"}],"version-history":[{"count":0,"href":"https:\/\/skinstudio.ee\/lt\/wp-json\/wp\/v2\/product\/70095\/revisions"}],"wp:featuredmedia":[{"embeddable":true,"href":"https:\/\/skinstudio.ee\/lt\/wp-json\/wp\/v2\/media\/63134"}],"wp:attachment":[{"href":"https:\/\/skinstudio.ee\/lt\/wp-json\/wp\/v2\/media?parent=70095"}],"wp:term":[{"taxonomy":"pwb-brand","embeddable":true,"href":"https:\/\/skinstudio.ee\/lt\/wp-json\/wp\/v2\/pwb-brand?post=70095"},{"taxonomy":"product_brand","embeddable":true,"href":"https:\/\/skinstudio.ee\/lt\/wp-json\/wp\/v2\/product_brand?post=70095"},{"taxonomy":"product_cat","embeddable":true,"href":"https:\/\/skinstudio.ee\/lt\/wp-json\/wp\/v2\/product_cat?post=70095"},{"taxonomy":"product_tag","embeddable":true,"href":"https:\/\/skinstudio.ee\/lt\/wp-json\/wp\/v2\/product_tag?post=70095"},{"taxonomy":"giftcard-category","embeddable":true,"href":"https:\/\/skinstudio.ee\/lt\/wp-json\/wp\/v2\/giftcard-category?post=70095"}],"curies":[{"name":"wp","href":"https:\/\/api.w.org\/{rel}","templated":true}]}}