{"id":70105,"date":"2024-11-21T09:44:19","date_gmt":"2024-11-21T09:44:19","guid":{"rendered":"https:\/\/skinstudio.ee\/?post_type=product&#038;p=70105"},"modified":"2025-12-19T15:09:34","modified_gmt":"2025-12-19T15:09:34","slug":"521-silhouette-pants","status":"publish","type":"product","link":"https:\/\/skinstudio.ee\/lt\/catalog\/arosha\/521-silhouette-pants\/","title":{"rendered":"521 Silhouette Pants"},"content":{"rendered":"<p data-start=\"2845\" data-end=\"3224\">Arosha 521 SILHOUETTE PANTS yra naktinis k\u016bno kont\u016brus formuojantis prie\u017ei\u016bros rinkinys, skirtas ma\u017einti celiulito matomum\u0105, odos reljefo nelygumus ir suma\u017e\u0117jus\u012f tonus\u0105. Formul\u0117 sukurta naudojant biotechnologi\u0161kai aktyv\u0173 j\u016brin\u012f kompleks\u0105 NOCTURSHAPE\u2122, kuris palaiko naktini\u0173 med\u017eiag\u0173 apykaitos proces\u0173 optimizavim\u0105 ir padeda gerinti problemini\u0173 zon\u0173 vizualin\u0119 b\u016bkl\u0119 poilsio metu.<\/p>\n<p data-start=\"3226\" data-end=\"3634\">\u012e rinkin\u012f \u012feinantis aktyvinamasis kremas praturtintas kofeinu ir karnitinu, kurie palaiko odos metabolin\u012f aktyvum\u0105 ir prisideda prie stangresn\u0117s bei tankesn\u0117s odos i\u0161vaizdos. Tikslinis ferment\u0173 kompleksas padeda ma\u017einti fibrozini\u0173 nelygum\u0173 matomum\u0105, suteikdamas odai glotnesn\u0119 ir tolygesn\u0119 tekst\u016br\u0105. Reguliarus naudojimas vakaro prie\u017ei\u016bros metu padeda pagerinti odos tonus\u0105, elastingum\u0105 ir bendr\u0105 jos kokyb\u0119.<\/p>\n<p data-start=\"3636\" data-end=\"3780\">Sistema sukurta kaip visapusi\u0161kos k\u016bno kont\u016br\u0173 formavimo programos dalis ir puikiai tinka silueto modeliavimui bei celiulito matomumo ma\u017einimui.<\/p>\n<p data-start=\"3782\" data-end=\"4054\"><strong data-start=\"3782\" data-end=\"3801\">Rinkin\u012f sudaro:<\/strong><br data-start=\"3801\" data-end=\"3804\" \/>\u2013 SILHOUETTE PANTS \u2013 i\u0161 anksto impregnuotos mikropluo\u0161to tampr\u0117s su formuojan\u010diu poveikiu;<br data-start=\"3894\" data-end=\"3897\" \/>\u2013 SILHOUETTE PANTS Refill \u2013 lipolitinis aktyvatorius pakartotiniam naudojimui;<br data-start=\"3975\" data-end=\"3978\" \/>\u2013 PANTACARTENE \u2013 polietilenin\u0117s keln\u0117s prie\u017ei\u016bros veiksmingumui sustiprinti.<\/p>\n<p data-start=\"4056\" data-end=\"4097\"><strong data-start=\"4056\" data-end=\"4097\">Produktas negr\u0105\u017einamas ir nekei\u010diamas<\/strong><\/p>\n<p data-start=\"4099\" data-end=\"4814\">\n","protected":false},"excerpt":{"rendered":"<p data-start=\"5022\" data-end=\"5062\">Naktin\u0117 k\u016bno kont\u016br\u0173 formavimo prie\u017ei\u016bra<\/p>\n<h2 data-start=\"5067\" data-end=\"5342\"><strong data-start=\"5067\" data-end=\"5108\">Arosha &#8211; 521 SILHOUETTE PANTS Savyb\u0117s<\/strong><\/h2>\n<p data-start=\"5067\" data-end=\"5342\">\u2714\ufe0f Palaiko visapusi\u0161k\u0105 k\u016bno kont\u016br\u0173 formavim\u0105<br data-start=\"5156\" data-end=\"5159\" \/>\u2714\ufe0f Padeda ma\u017einti celiulito matomum\u0105<br data-start=\"5195\" data-end=\"5198\" \/>\u2714\ufe0f Prisideda prie odos stangrumo ir elastingumo<br data-start=\"5245\" data-end=\"5248\" \/>\u2714\ufe0f Gerina odos glotnum\u0105 ir vizualin\u012f tank\u012f<br data-start=\"5290\" data-end=\"5293\" \/>\u2714\ufe0f Padeda i\u0161laikyti dail\u0173 ir pri\u017ei\u016br\u0117t\u0105 siluet\u0105<\/p>\n","protected":false},"featured_media":63139,"template":"","meta":[],"pwb-brand":[1225],"product_brand":[],"product_cat":[758],"product_tag":[],"giftcard-category":[],"class_list":{"0":"post-70105","1":"product","2":"type-product","3":"status-publish","4":"has-post-thumbnail","6":"pwb-brand-arosha","7":"product_cat-kuno-prieziura","9":"first","10":"instock","11":"taxable","12":"shipping-taxable","13":"purchasable","14":"product-type-simple"},"acf":[],"brands":[{"id":1225,"name":"Arosha","slug":"arosha"}],"_links":{"self":[{"href":"https:\/\/skinstudio.ee\/lt\/wp-json\/wp\/v2\/product\/70105","targetHints":{"allow":["GET"]}}],"collection":[{"href":"https:\/\/skinstudio.ee\/lt\/wp-json\/wp\/v2\/product"}],"about":[{"href":"https:\/\/skinstudio.ee\/lt\/wp-json\/wp\/v2\/types\/product"}],"version-history":[{"count":0,"href":"https:\/\/skinstudio.ee\/lt\/wp-json\/wp\/v2\/product\/70105\/revisions"}],"wp:featuredmedia":[{"embeddable":true,"href":"https:\/\/skinstudio.ee\/lt\/wp-json\/wp\/v2\/media\/63139"}],"wp:attachment":[{"href":"https:\/\/skinstudio.ee\/lt\/wp-json\/wp\/v2\/media?parent=70105"}],"wp:term":[{"taxonomy":"pwb-brand","embeddable":true,"href":"https:\/\/skinstudio.ee\/lt\/wp-json\/wp\/v2\/pwb-brand?post=70105"},{"taxonomy":"product_brand","embeddable":true,"href":"https:\/\/skinstudio.ee\/lt\/wp-json\/wp\/v2\/product_brand?post=70105"},{"taxonomy":"product_cat","embeddable":true,"href":"https:\/\/skinstudio.ee\/lt\/wp-json\/wp\/v2\/product_cat?post=70105"},{"taxonomy":"product_tag","embeddable":true,"href":"https:\/\/skinstudio.ee\/lt\/wp-json\/wp\/v2\/product_tag?post=70105"},{"taxonomy":"giftcard-category","embeddable":true,"href":"https:\/\/skinstudio.ee\/lt\/wp-json\/wp\/v2\/giftcard-category?post=70105"}],"curies":[{"name":"wp","href":"https:\/\/api.w.org\/{rel}","templated":true}]}}